{"id":41940,"date":"2025-08-02T17:20:57","date_gmt":"2025-08-02T09:20:57","guid":{"rendered":"https:\/\/deliangdisplay.com\/?post_type=product&#038;p=41940"},"modified":"2025-08-05T11:02:18","modified_gmt":"2025-08-05T03:02:18","slug":"de-liang-neues-design-benutzerdefiniertes-logo-dekoration-verpackung-doppeltes-satinband-golddruck-blumengeschenkband","status":"publish","type":"product","link":"https:\/\/deliangdisplay.com\/de\/unser-produkt\/zubehor\/benutzerdefiniertes-farbband\/de-liang-neues-design-benutzerdefiniertes-logo-dekoration-verpackung-doppeltes-satinband-golddruck-blumengeschenkband\/","title":{"rendered":"DE-LIANG Neues Design benutzerdefinierte Logo Dekoration Verpackung Doppel Satinband Golddruck Blume Geschenkband"},"content":{"rendered":"<ul data-start=\"622\" data-end=\"1525\">\n<li data-start=\"622\" data-end=\"763\">\n<p data-start=\"624\" data-end=\"763\"><strong data-start=\"624\" data-end=\"660\">Hochwertiges Doppelsatin-Gewebe<\/strong>: Glatt, beidseitig gl\u00e4nzend und mit einer weichen, luxuri\u00f6sen Haptik - ideal f\u00fcr elegante Verpackungen und Dekorationen.<\/p>\n<\/li>\n<li data-start=\"764\" data-end=\"931\">\n<p data-start=\"766\" data-end=\"931\"><strong data-start=\"766\" data-end=\"793\">Goldfolien-Logo-Druck<\/strong>: Individuell gestaltbar mit Ihrem Markennamen, Logo oder Slogan in schimmerndem Metallic-Gold, das sich wunderbar von jeder Bandfarbe abhebt.<\/p>\n<\/li>\n<li data-start=\"932\" data-end=\"1090\">\n<p data-start=\"934\" data-end=\"1090\"><strong data-start=\"934\" data-end=\"963\">Perfekt f\u00fcr mehrere Verwendungszwecke<\/strong>: Hervorragend geeignet f\u00fcr Blumenstr\u00e4u\u00dfe, Geschenkboxen, Produktverpackungen, Hochzeitsgeschenke, saisonale Werbeaktionen, Branding im Einzelhandel und vieles mehr.<\/p>\n<\/li>\n<li data-start=\"1091\" data-end=\"1252\">\n<p data-start=\"1093\" data-end=\"1252\"><strong data-start=\"1093\" data-end=\"1118\">Individuelle Gr\u00f6\u00dfen und Farben<\/strong>: Erh\u00e4ltlich in verschiedenen Breiten (1 cm bis 5 cm) und in jeder Farbe, die zu Ihrer Marke oder Ihrem Thema passt. Einseitiger oder doppelseitiger Satin erh\u00e4ltlich.<\/p>\n<\/li>\n<li data-start=\"1253\" data-end=\"1403\">\n<p data-start=\"1255\" data-end=\"1403\"><strong data-start=\"1255\" data-end=\"1276\">Langlebig &amp; Elegant<\/strong>: Es franst nicht so leicht aus, h\u00e4lt Schleifen wunderbar und beh\u00e4lt seinen Glanz - ideal f\u00fcr hochwertige Verpackungen und langlebige Pr\u00e4sentationen.<\/p>\n<\/li>\n<li data-start=\"1404\" data-end=\"1525\">\n<p data-start=\"1406\" data-end=\"1525\"><strong data-start=\"1406\" data-end=\"1426\">OEM\/ODM-Dienstleistungen<\/strong>: Unterst\u00fctzung f\u00fcr benutzerdefinierte Muster, Schriftarten, fortlaufenden Logodruck und niedrige Mindestbestellmengen f\u00fcr Startup-Marken.<\/p>\n<\/li>\n<\/ul>\n<h3 data-start=\"1527\" data-end=\"1561\">\ud83d\udce6 <strong data-start=\"1534\" data-end=\"1561\">Produktspezifikationen:<\/strong><\/h3>\n<ul data-start=\"1563\" data-end=\"1992\">\n<li data-start=\"1563\" data-end=\"1609\">\n<p data-start=\"1565\" data-end=\"1609\"><strong data-start=\"1565\" data-end=\"1577\">Material<\/strong>: Doppelseitig satiniertes Polyester<\/p>\n<\/li>\n<li data-start=\"1610\" data-end=\"1717\">\n<p data-start=\"1612\" data-end=\"1717\"><strong data-start=\"1612\" data-end=\"1624\">Drucken<\/strong>: Hei\u00dffolienpr\u00e4gung in Gold (auch in Silber, Ros\u00e9gold, Wei\u00df oder anderen Folienfarben erh\u00e4ltlich)<\/p>\n<\/li>\n<li data-start=\"1718\" data-end=\"1765\">\n<p data-start=\"1720\" data-end=\"1765\"><strong data-start=\"1720\" data-end=\"1729\">Breite<\/strong>: 1cm-5cm (kundenspezifische Gr\u00f6\u00dfen verf\u00fcgbar)<\/p>\n<\/li>\n<li data-start=\"1766\" data-end=\"1823\">\n<p data-start=\"1768\" data-end=\"1823\"><strong data-start=\"1768\" data-end=\"1778\">L\u00e4nge<\/strong>: Auf Rolle (25m, 50m, 100m) oder in Sonderl\u00e4nge<\/p>\n<\/li>\n<li data-start=\"1824\" data-end=\"1869\">\n<p data-start=\"1826\" data-end=\"1869\"><strong data-start=\"1826\" data-end=\"1835\">Farbe<\/strong>: Jede Pantone-Farbe anpassbar<\/p>\n<\/li>\n<li data-start=\"1870\" data-end=\"1922\">\n<p data-start=\"1872\" data-end=\"1922\"><strong data-start=\"1872\" data-end=\"1879\">MOQ<\/strong>: Niedrige Mindestbetr\u00e4ge f\u00fcr individuelle Druckdesigns<\/p>\n<\/li>\n<li data-start=\"1923\" data-end=\"1992\">\n<p data-start=\"1925\" data-end=\"1992\"><strong data-start=\"1925\" data-end=\"1933\">Logo<\/strong>: Wiederholtes Logo oder platzierungsspezifischer Druck m\u00f6glich<\/p>\n<\/li>\n<\/ul>\n<hr data-start=\"1994\" data-end=\"1997\" \/>\n<p data-start=\"1999\" data-end=\"2127\"><strong data-start=\"1999\" data-end=\"2046\">Verwandeln Sie einfache Verpackungen in luxuri\u00f6ses Branding.<\/strong><br data-start=\"2046\" data-end=\"2049\" \/>Mit dem Satinband von DE-LIANG spiegelt jedes Detail Ihre Qualit\u00e4t und Eleganz wider.<\/p>\n<p data-start=\"2129\" data-end=\"2201\">\ud83d\udce9 <em data-start=\"2132\" data-end=\"2201\">Kontaktieren Sie uns f\u00fcr Muster, Designvorschauen und Gro\u00dfhandels-\/OEM-Preise.<\/em><\/p>","protected":false},"excerpt":{"rendered":"<p>Verleihen Sie Ihren Verpackungen eine luxuri\u00f6se und pers\u00f6nliche Note mit dem individuell gestalteten doppelten Satinband von DE-LIANG, das mit einem Goldfoliendruck versehen ist. Ob f\u00fcr Blumenarrangements, Geschenkverpackungen, Boutique-Einkaufstaschen oder Veranstaltungsdekoration, dieses Band verwandelt gew\u00f6hnliche Verpackungen in ein hochwertiges Markenerlebnis.<\/p>","protected":false},"featured_media":41942,"comment_status":"open","ping_status":"closed","template":"","meta":{"_acf_changed":false},"product_brand":[],"product_cat":[80],"product_tag":[],"class_list":{"0":"post-41940","1":"product","2":"type-product","3":"status-publish","4":"has-post-thumbnail","6":"product_cat-customized-ribbon","8":"first","9":"instock","10":"shipping-taxable","11":"purchasable","12":"product-type-simple"},"acf":[],"yoast_head":"<!-- This site is optimized with the Yoast SEO plugin v27.4 - https:\/\/yoast.com\/product\/yoast-seo-wordpress\/ -->\n<title>DE-LIANG New Design Custom Logo Decoration Packaging Double Satin Ribbon Gold Printing Flower Gift Ribbon - DE-LIANG - jewelry,clothes,watch,beauty cosmetics<\/title>\n<meta name=\"robots\" content=\"index, follow, max-snippet:-1, max-image-preview:large, max-video-preview:-1\" \/>\n<link rel=\"canonical\" href=\"https:\/\/deliangdisplay.com\/de\/unser-produkt\/zubehor\/benutzerdefiniertes-farbband\/de-liang-neues-design-benutzerdefiniertes-logo-dekoration-verpackung-doppeltes-satinband-golddruck-blumengeschenkband\/\" \/>\n<meta property=\"og:locale\" content=\"de_DE\" \/>\n<meta property=\"og:type\" content=\"article\" \/>\n<meta property=\"og:title\" content=\"DE-LIANG New Design Custom Logo Decoration Packaging Double Satin Ribbon Gold Printing Flower Gift Ribbon - DE-LIANG - jewelry,clothes,watch,beauty cosmetics\" \/>\n<meta property=\"og:description\" content=\"Add a luxurious and personalized touch to your packaging with DE-LIANG\u2019s custom-designed double satin ribbon, featuring gold foil logo printing. Whether used for flower arrangements, gift wrapping, boutique shopping bags, or event decor, this ribbon transforms ordinary packaging into a premium brand experience.\" \/>\n<meta property=\"og:url\" content=\"https:\/\/deliangdisplay.com\/de\/unser-produkt\/zubehor\/benutzerdefiniertes-farbband\/de-liang-neues-design-benutzerdefiniertes-logo-dekoration-verpackung-doppeltes-satinband-golddruck-blumengeschenkband\/\" \/>\n<meta property=\"og:site_name\" content=\"DE-LIANG - jewelry,clothes,watch,beauty cosmetics\" \/>\n<meta property=\"article:publisher\" content=\"https:\/\/www.facebook.com\/JaneZhang008\/\" \/>\n<meta property=\"article:modified_time\" content=\"2025-08-05T03:02:18+00:00\" \/>\n<meta property=\"og:image\" content=\"https:\/\/deliangdisplay.com\/wp-content\/uploads\/2025\/08\/1-15.png\" \/>\n\t<meta property=\"og:image:width\" content=\"720\" \/>\n\t<meta property=\"og:image:height\" content=\"720\" \/>\n\t<meta property=\"og:image:type\" content=\"image\/png\" \/>\n<meta name=\"twitter:card\" content=\"summary_large_image\" \/>\n<meta name=\"twitter:site\" content=\"@ly673551729\" \/>\n<meta name=\"twitter:label1\" content=\"Gesch\u00e4tzte Lesezeit\" \/>\n\t<meta name=\"twitter:data1\" content=\"2\u00a0Minuten\" \/>\n<script type=\"application\/ld+json\" class=\"yoast-schema-graph\">{\"@context\":\"https:\\\/\\\/schema.org\",\"@graph\":[{\"@type\":\"WebPage\",\"@id\":\"https:\\\/\\\/deliangdisplay.com\\\/our-product\\\/accessories\\\/customized-ribbon\\\/de-liang-new-design-custom-logo-decoration-packaging-double-satin-ribbon-gold-printing-flower-gift-ribbon\\\/\",\"url\":\"https:\\\/\\\/deliangdisplay.com\\\/our-product\\\/accessories\\\/customized-ribbon\\\/de-liang-new-design-custom-logo-decoration-packaging-double-satin-ribbon-gold-printing-flower-gift-ribbon\\\/\",\"name\":\"DE-LIANG New Design Custom Logo Decoration Packaging Double Satin Ribbon Gold Printing Flower Gift Ribbon - DE-LIANG - jewelry,clothes,watch,beauty cosmetics\",\"isPartOf\":{\"@id\":\"https:\\\/\\\/deliangdisplay.com\\\/#website\"},\"primaryImageOfPage\":{\"@id\":\"https:\\\/\\\/deliangdisplay.com\\\/our-product\\\/accessories\\\/customized-ribbon\\\/de-liang-new-design-custom-logo-decoration-packaging-double-satin-ribbon-gold-printing-flower-gift-ribbon\\\/#primaryimage\"},\"image\":{\"@id\":\"https:\\\/\\\/deliangdisplay.com\\\/our-product\\\/accessories\\\/customized-ribbon\\\/de-liang-new-design-custom-logo-decoration-packaging-double-satin-ribbon-gold-printing-flower-gift-ribbon\\\/#primaryimage\"},\"thumbnailUrl\":\"https:\\\/\\\/deliangdisplay.com\\\/wp-content\\\/uploads\\\/2025\\\/08\\\/1-15.png\",\"datePublished\":\"2025-08-02T09:20:57+00:00\",\"dateModified\":\"2025-08-05T03:02:18+00:00\",\"breadcrumb\":{\"@id\":\"https:\\\/\\\/deliangdisplay.com\\\/our-product\\\/accessories\\\/customized-ribbon\\\/de-liang-new-design-custom-logo-decoration-packaging-double-satin-ribbon-gold-printing-flower-gift-ribbon\\\/#breadcrumb\"},\"inLanguage\":\"de\",\"potentialAction\":[{\"@type\":\"ReadAction\",\"target\":[\"https:\\\/\\\/deliangdisplay.com\\\/our-product\\\/accessories\\\/customized-ribbon\\\/de-liang-new-design-custom-logo-decoration-packaging-double-satin-ribbon-gold-printing-flower-gift-ribbon\\\/\"]}]},{\"@type\":\"ImageObject\",\"inLanguage\":\"de\",\"@id\":\"https:\\\/\\\/deliangdisplay.com\\\/our-product\\\/accessories\\\/customized-ribbon\\\/de-liang-new-design-custom-logo-decoration-packaging-double-satin-ribbon-gold-printing-flower-gift-ribbon\\\/#primaryimage\",\"url\":\"https:\\\/\\\/deliangdisplay.com\\\/wp-content\\\/uploads\\\/2025\\\/08\\\/1-15.png\",\"contentUrl\":\"https:\\\/\\\/deliangdisplay.com\\\/wp-content\\\/uploads\\\/2025\\\/08\\\/1-15.png\",\"width\":720,\"height\":720},{\"@type\":\"BreadcrumbList\",\"@id\":\"https:\\\/\\\/deliangdisplay.com\\\/our-product\\\/accessories\\\/customized-ribbon\\\/de-liang-new-design-custom-logo-decoration-packaging-double-satin-ribbon-gold-printing-flower-gift-ribbon\\\/#breadcrumb\",\"itemListElement\":[{\"@type\":\"ListItem\",\"position\":1,\"name\":\"\u9996\u9875\",\"item\":\"https:\\\/\\\/deliangdisplay.com\\\/\"},{\"@type\":\"ListItem\",\"position\":2,\"name\":\"Our Product\",\"item\":\"https:\\\/\\\/deliangdisplay.com\\\/our-product\\\/\"},{\"@type\":\"ListItem\",\"position\":3,\"name\":\"DE-LIANG New Design Custom Logo Decoration Packaging Double Satin Ribbon Gold Printing Flower Gift Ribbon\"}]},{\"@type\":\"WebSite\",\"@id\":\"https:\\\/\\\/deliangdisplay.com\\\/#website\",\"url\":\"https:\\\/\\\/deliangdisplay.com\\\/\",\"name\":\"deliangdisplay.com\",\"description\":\"DE-LIANG - Providing bespoke packaging solutions and luxurious display design services for brands in jewelry, apparel, watches, beauty cosmetics, and more.\",\"publisher\":{\"@id\":\"https:\\\/\\\/deliangdisplay.com\\\/#organization\"},\"potentialAction\":[{\"@type\":\"SearchAction\",\"target\":{\"@type\":\"EntryPoint\",\"urlTemplate\":\"https:\\\/\\\/deliangdisplay.com\\\/?s={search_term_string}\"},\"query-input\":{\"@type\":\"PropertyValueSpecification\",\"valueRequired\":true,\"valueName\":\"search_term_string\"}}],\"inLanguage\":\"de\"},{\"@type\":\"Organization\",\"@id\":\"https:\\\/\\\/deliangdisplay.com\\\/#organization\",\"name\":\"deliangdisplay.com\",\"url\":\"https:\\\/\\\/deliangdisplay.com\\\/\",\"logo\":{\"@type\":\"ImageObject\",\"inLanguage\":\"de\",\"@id\":\"https:\\\/\\\/deliangdisplay.com\\\/#\\\/schema\\\/logo\\\/image\\\/\",\"url\":\"https:\\\/\\\/deliangdisplay.com\\\/wp-content\\\/uploads\\\/2025\\\/08\\\/DELIANGDISPALY_logo.png\",\"contentUrl\":\"https:\\\/\\\/deliangdisplay.com\\\/wp-content\\\/uploads\\\/2025\\\/08\\\/DELIANGDISPALY_logo.png\",\"width\":300,\"height\":130,\"caption\":\"deliangdisplay.com\"},\"image\":{\"@id\":\"https:\\\/\\\/deliangdisplay.com\\\/#\\\/schema\\\/logo\\\/image\\\/\"},\"sameAs\":[\"https:\\\/\\\/www.facebook.com\\\/JaneZhang008\\\/\",\"https:\\\/\\\/x.com\\\/ly673551729\"]}]}<\/script>\n<!-- \/ Yoast SEO plugin. -->","yoast_head_json":{"title":"DE-LIANG New Design Custom Logo Decoration Packaging Double Satin Ribbon Gold Printing Flower Gift Ribbon - DE-LIANG - jewelry,clothes,watch,beauty cosmetics","robots":{"index":"index","follow":"follow","max-snippet":"max-snippet:-1","max-image-preview":"max-image-preview:large","max-video-preview":"max-video-preview:-1"},"canonical":"https:\/\/deliangdisplay.com\/de\/unser-produkt\/zubehor\/benutzerdefiniertes-farbband\/de-liang-neues-design-benutzerdefiniertes-logo-dekoration-verpackung-doppeltes-satinband-golddruck-blumengeschenkband\/","og_locale":"de_DE","og_type":"article","og_title":"DE-LIANG New Design Custom Logo Decoration Packaging Double Satin Ribbon Gold Printing Flower Gift Ribbon - DE-LIANG - jewelry,clothes,watch,beauty cosmetics","og_description":"Add a luxurious and personalized touch to your packaging with DE-LIANG\u2019s custom-designed double satin ribbon, featuring gold foil logo printing. Whether used for flower arrangements, gift wrapping, boutique shopping bags, or event decor, this ribbon transforms ordinary packaging into a premium brand experience.","og_url":"https:\/\/deliangdisplay.com\/de\/unser-produkt\/zubehor\/benutzerdefiniertes-farbband\/de-liang-neues-design-benutzerdefiniertes-logo-dekoration-verpackung-doppeltes-satinband-golddruck-blumengeschenkband\/","og_site_name":"DE-LIANG - jewelry,clothes,watch,beauty cosmetics","article_publisher":"https:\/\/www.facebook.com\/JaneZhang008\/","article_modified_time":"2025-08-05T03:02:18+00:00","og_image":[{"width":720,"height":720,"url":"https:\/\/deliangdisplay.com\/wp-content\/uploads\/2025\/08\/1-15.png","type":"image\/png"}],"twitter_card":"summary_large_image","twitter_site":"@ly673551729","twitter_misc":{"Gesch\u00e4tzte Lesezeit":"2\u00a0Minuten"},"schema":{"@context":"https:\/\/schema.org","@graph":[{"@type":"WebPage","@id":"https:\/\/deliangdisplay.com\/our-product\/accessories\/customized-ribbon\/de-liang-new-design-custom-logo-decoration-packaging-double-satin-ribbon-gold-printing-flower-gift-ribbon\/","url":"https:\/\/deliangdisplay.com\/our-product\/accessories\/customized-ribbon\/de-liang-new-design-custom-logo-decoration-packaging-double-satin-ribbon-gold-printing-flower-gift-ribbon\/","name":"DE-LIANG New Design Custom Logo Decoration Packaging Double Satin Ribbon Gold Printing Flower Gift Ribbon - DE-LIANG - jewelry,clothes,watch,beauty cosmetics","isPartOf":{"@id":"https:\/\/deliangdisplay.com\/#website"},"primaryImageOfPage":{"@id":"https:\/\/deliangdisplay.com\/our-product\/accessories\/customized-ribbon\/de-liang-new-design-custom-logo-decoration-packaging-double-satin-ribbon-gold-printing-flower-gift-ribbon\/#primaryimage"},"image":{"@id":"https:\/\/deliangdisplay.com\/our-product\/accessories\/customized-ribbon\/de-liang-new-design-custom-logo-decoration-packaging-double-satin-ribbon-gold-printing-flower-gift-ribbon\/#primaryimage"},"thumbnailUrl":"https:\/\/deliangdisplay.com\/wp-content\/uploads\/2025\/08\/1-15.png","datePublished":"2025-08-02T09:20:57+00:00","dateModified":"2025-08-05T03:02:18+00:00","breadcrumb":{"@id":"https:\/\/deliangdisplay.com\/our-product\/accessories\/customized-ribbon\/de-liang-new-design-custom-logo-decoration-packaging-double-satin-ribbon-gold-printing-flower-gift-ribbon\/#breadcrumb"},"inLanguage":"de","potentialAction":[{"@type":"ReadAction","target":["https:\/\/deliangdisplay.com\/our-product\/accessories\/customized-ribbon\/de-liang-new-design-custom-logo-decoration-packaging-double-satin-ribbon-gold-printing-flower-gift-ribbon\/"]}]},{"@type":"ImageObject","inLanguage":"de","@id":"https:\/\/deliangdisplay.com\/our-product\/accessories\/customized-ribbon\/de-liang-new-design-custom-logo-decoration-packaging-double-satin-ribbon-gold-printing-flower-gift-ribbon\/#primaryimage","url":"https:\/\/deliangdisplay.com\/wp-content\/uploads\/2025\/08\/1-15.png","contentUrl":"https:\/\/deliangdisplay.com\/wp-content\/uploads\/2025\/08\/1-15.png","width":720,"height":720},{"@type":"BreadcrumbList","@id":"https:\/\/deliangdisplay.com\/our-product\/accessories\/customized-ribbon\/de-liang-new-design-custom-logo-decoration-packaging-double-satin-ribbon-gold-printing-flower-gift-ribbon\/#breadcrumb","itemListElement":[{"@type":"ListItem","position":1,"name":"\u9996\u9875","item":"https:\/\/deliangdisplay.com\/"},{"@type":"ListItem","position":2,"name":"Our Product","item":"https:\/\/deliangdisplay.com\/our-product\/"},{"@type":"ListItem","position":3,"name":"DE-LIANG New Design Custom Logo Decoration Packaging Double Satin Ribbon Gold Printing Flower Gift Ribbon"}]},{"@type":"WebSite","@id":"https:\/\/deliangdisplay.com\/#website","url":"https:\/\/deliangdisplay.com\/","name":"deliangdisplay.com","description":"DE-LIANG - Ma\u00dfgeschneiderte Verpackungsl\u00f6sungen und luxuri\u00f6ses Display-Design f\u00fcr Marken aus der Schmuck-, Bekleidungs-, Uhren- und Kosmetikbranche und mehr.","publisher":{"@id":"https:\/\/deliangdisplay.com\/#organization"},"potentialAction":[{"@type":"SearchAction","target":{"@type":"EntryPoint","urlTemplate":"https:\/\/deliangdisplay.com\/?s={search_term_string}"},"query-input":{"@type":"PropertyValueSpecification","valueRequired":true,"valueName":"search_term_string"}}],"inLanguage":"de"},{"@type":"Organization","@id":"https:\/\/deliangdisplay.com\/#organization","name":"deliangdisplay.com","url":"https:\/\/deliangdisplay.com\/","logo":{"@type":"ImageObject","inLanguage":"de","@id":"https:\/\/deliangdisplay.com\/#\/schema\/logo\/image\/","url":"https:\/\/deliangdisplay.com\/wp-content\/uploads\/2025\/08\/DELIANGDISPALY_logo.png","contentUrl":"https:\/\/deliangdisplay.com\/wp-content\/uploads\/2025\/08\/DELIANGDISPALY_logo.png","width":300,"height":130,"caption":"deliangdisplay.com"},"image":{"@id":"https:\/\/deliangdisplay.com\/#\/schema\/logo\/image\/"},"sameAs":["https:\/\/www.facebook.com\/JaneZhang008\/","https:\/\/x.com\/ly673551729"]}]}},"_links":{"self":[{"href":"https:\/\/deliangdisplay.com\/de\/wp-json\/wp\/v2\/product\/41940","targetHints":{"allow":["GET"]}}],"collection":[{"href":"https:\/\/deliangdisplay.com\/de\/wp-json\/wp\/v2\/product"}],"about":[{"href":"https:\/\/deliangdisplay.com\/de\/wp-json\/wp\/v2\/types\/product"}],"replies":[{"embeddable":true,"href":"https:\/\/deliangdisplay.com\/de\/wp-json\/wp\/v2\/comments?post=41940"}],"wp:featuredmedia":[{"embeddable":true,"href":"https:\/\/deliangdisplay.com\/de\/wp-json\/wp\/v2\/media\/41942"}],"wp:attachment":[{"href":"https:\/\/deliangdisplay.com\/de\/wp-json\/wp\/v2\/media?parent=41940"}],"wp:term":[{"taxonomy":"product_brand","embeddable":true,"href":"https:\/\/deliangdisplay.com\/de\/wp-json\/wp\/v2\/product_brand?post=41940"},{"taxonomy":"product_cat","embeddable":true,"href":"https:\/\/deliangdisplay.com\/de\/wp-json\/wp\/v2\/product_cat?post=41940"},{"taxonomy":"product_tag","embeddable":true,"href":"https:\/\/deliangdisplay.com\/de\/wp-json\/wp\/v2\/product_tag?post=41940"}],"curies":[{"name":"wp","href":"https:\/\/api.w.org\/{rel}","templated":true}]}}