{"id":41922,"date":"2025-08-02T16:53:34","date_gmt":"2025-08-02T08:53:34","guid":{"rendered":"https:\/\/deliangdisplay.com\/?post_type=product&#038;p=41922"},"modified":"2025-08-02T16:53:34","modified_gmt":"2025-08-02T08:53:34","slug":"de-liang-luxus-schmuck-vitrine-armband-ohrring-display-rack-mikrofaser-multifunktionale-display-armband-display-stand","status":"publish","type":"product","link":"https:\/\/deliangdisplay.com\/de\/unser-produkt\/zubehor\/armreifstangen\/de-liang-luxus-schmuck-vitrine-armband-ohrring-display-rack-mikrofaser-multifunktionale-display-armband-display-stand\/","title":{"rendered":"DE-LIANG Luxus Schmuck Vitrine Armband Ohrring Display Rack Mikrofaser Multi-Funktions-Display Armband Display Stand"},"content":{"rendered":"<ul data-start=\"636\" data-end=\"1452\">\n<li data-start=\"636\" data-end=\"815\">\n<p data-start=\"638\" data-end=\"815\"><strong data-start=\"638\" data-end=\"668\">Hochwertige Mikrofaser-Ausr\u00fcstung<\/strong>: Der hochwertige Mikrofaserstoff bietet eine weiche, matte Textur, die empfindlichen Schmuck sch\u00fctzt und eine minimalistische, luxuri\u00f6se \u00c4sthetik ausstrahlt.<\/p>\n<\/li>\n<li data-start=\"816\" data-end=\"986\">\n<p data-start=\"818\" data-end=\"986\"><strong data-start=\"818\" data-end=\"845\">Multifunktionales Design<\/strong>: Ideal f\u00fcr die Pr\u00e4sentation von Armb\u00e4ndern, Manschetten, Ohrringen, Armreifen, Uhren oder mehrlagigen Schmucksets - perfekt f\u00fcr die Theke und die Vitrine.<\/p>\n<\/li>\n<li data-start=\"987\" data-end=\"1136\">\n<p data-start=\"989\" data-end=\"1136\"><strong data-start=\"989\" data-end=\"1014\">Stabiler und langlebiger Sockel<\/strong>: Mit einem stabilen Holz- oder Acrylkern, der eine dauerhafte Unterst\u00fctzung und eine saubere Pr\u00e4sentation aus jedem Blickwinkel gew\u00e4hrleistet.<\/p>\n<\/li>\n<li data-start=\"1137\" data-end=\"1297\">\n<p data-start=\"1139\" data-end=\"1297\"><strong data-start=\"1139\" data-end=\"1164\">Modernes Display f\u00fcr den Einzelhandel<\/strong>: Dieser elegante und platzsparende St\u00e4nder verleiht Schmuckboutiquen, Pop-ups, Messen oder Fotoausstellungen Eleganz.<\/p>\n<\/li>\n<li data-start=\"1298\" data-end=\"1452\">\n<p data-start=\"1300\" data-end=\"1452\"><strong data-start=\"1300\" data-end=\"1324\">Anpassbare Optionen<\/strong>: Erh\u00e4ltlich in individuellen Gr\u00f6\u00dfen, Formen, Farben und mit optionalem Logo-Branding zur Anpassung an die visuelle Identit\u00e4t Ihres Gesch\u00e4fts.<\/p>\n<\/li>\n<\/ul>\n<h3 data-start=\"1454\" data-end=\"1488\">\ud83d\udce6 <strong data-start=\"1461\" data-end=\"1488\">Produktspezifikationen:<\/strong><\/h3>\n<ul data-start=\"1490\" data-end=\"1869\">\n<li data-start=\"1490\" data-end=\"1555\">\n<p data-start=\"1492\" data-end=\"1555\"><strong data-start=\"1492\" data-end=\"1504\">Material<\/strong>: Oberfl\u00e4che aus Mikrofaser + Innenkern aus Holz oder Acryl<\/p>\n<\/li>\n<li data-start=\"1556\" data-end=\"1640\">\n<p data-start=\"1558\" data-end=\"1640\"><strong data-start=\"1558\" data-end=\"1567\">Farbe<\/strong>: Neutrale T\u00f6ne (grau, beige, wei\u00df, schwarz, khaki, usw. - anpassbar)<\/p>\n<\/li>\n<li data-start=\"1641\" data-end=\"1697\">\n<p data-start=\"1643\" data-end=\"1697\"><strong data-start=\"1643\" data-end=\"1650\">Verwenden Sie<\/strong>: Armband, Ohrring, Armreif oder Uhrenanzeige<\/p>\n<\/li>\n<li data-start=\"1698\" data-end=\"1752\">\n<p data-start=\"1700\" data-end=\"1752\"><strong data-start=\"1700\" data-end=\"1712\">Eigenschaften<\/strong>: Weicher, kratzfester und stabiler Boden<\/p>\n<\/li>\n<li data-start=\"1753\" data-end=\"1805\">\n<p data-start=\"1755\" data-end=\"1805\"><strong data-start=\"1755\" data-end=\"1763\">Logo<\/strong>: Individueller Druck oder Pr\u00e4gung m\u00f6glich<\/p>\n<\/li>\n<li data-start=\"1806\" data-end=\"1869\">\n<p data-start=\"1808\" data-end=\"1869\"><strong data-start=\"1808\" data-end=\"1815\">MOQ<\/strong>: Flexibel f\u00fcr Boutique-Auftr\u00e4ge und Gro\u00dfhandelskunden<\/p>\n<\/li>\n<\/ul>\n<hr data-start=\"1871\" data-end=\"1874\" \/>\n<p data-start=\"1876\" data-end=\"1996\"><strong data-start=\"1876\" data-end=\"1930\">Entworfen, um die Sch\u00f6nheit Ihres Schmucks zu erg\u00e4nzen.<\/strong><br data-start=\"1930\" data-end=\"1933\" \/>DE-LIANG bringt Handwerkskunst und Stil in jeden St\u00e4nder.<\/p>\n<p data-start=\"1998\" data-end=\"2078\">\ud83d\udce9 <em data-start=\"2001\" data-end=\"2078\">Kontaktieren Sie uns jetzt f\u00fcr kundenspezifische Optionen, OEM\/ODM-Services oder Preise f\u00fcr Gro\u00dfbestellungen.<\/em><\/p>","protected":false},"excerpt":{"rendered":"<p>Werten Sie Ihre Schmuckpr\u00e4sentation mit dem DE-LIANG Luxury Microfiber Jewelry Display Stand auf - eine stilvolle und vielseitige L\u00f6sung f\u00fcr die Pr\u00e4sentation von Armb\u00e4ndern, Armreifen, Ohrringen und Uhren sowohl im Einzelhandel als auch auf Messen. Dieser multifunktionale St\u00e4nder wurde f\u00fcr modernen Luxus entworfen und kombiniert klare Linien, weiche Materialien und praktische Eleganz.<\/p>","protected":false},"featured_media":41923,"comment_status":"open","ping_status":"closed","template":"","meta":{"_acf_changed":false},"product_brand":[],"product_cat":[71],"product_tag":[],"class_list":{"0":"post-41922","1":"product","2":"type-product","3":"status-publish","4":"has-post-thumbnail","6":"product_cat-bangle-bars","8":"first","9":"instock","10":"shipping-taxable","11":"purchasable","12":"product-type-simple"},"acf":[],"yoast_head":"<!-- This site is optimized with the Yoast SEO plugin v27.4 - https:\/\/yoast.com\/product\/yoast-seo-wordpress\/ -->\n<title>DE-LIANG Luxury Jewelry showcase Bracelet Earring Display Rack Microfiber Multi-functional Display Bracelet Display Stand - DE-LIANG - jewelry,clothes,watch,beauty cosmetics<\/title>\n<meta name=\"robots\" content=\"index, follow, max-snippet:-1, max-image-preview:large, max-video-preview:-1\" \/>\n<link rel=\"canonical\" href=\"https:\/\/deliangdisplay.com\/de\/unser-produkt\/zubehor\/armreifstangen\/de-liang-luxus-schmuck-vitrine-armband-ohrring-display-rack-mikrofaser-multifunktionale-display-armband-display-stand\/\" \/>\n<meta property=\"og:locale\" content=\"de_DE\" \/>\n<meta property=\"og:type\" content=\"article\" \/>\n<meta property=\"og:title\" content=\"DE-LIANG Luxury Jewelry showcase Bracelet Earring Display Rack Microfiber Multi-functional Display Bracelet Display Stand - DE-LIANG - jewelry,clothes,watch,beauty cosmetics\" \/>\n<meta property=\"og:description\" content=\"Elevate your jewelry presentation with the DE-LIANG Luxury Microfiber Jewelry Display Stand \u2014 a stylish and versatile solution for showcasing bracelets, bangles, earrings, and watches in both retail and exhibition settings. Designed for modern luxury, this multi-functional rack combines clean lines, soft-touch materials, and practical elegance.\" \/>\n<meta property=\"og:url\" content=\"https:\/\/deliangdisplay.com\/de\/unser-produkt\/zubehor\/armreifstangen\/de-liang-luxus-schmuck-vitrine-armband-ohrring-display-rack-mikrofaser-multifunktionale-display-armband-display-stand\/\" \/>\n<meta property=\"og:site_name\" content=\"DE-LIANG - jewelry,clothes,watch,beauty cosmetics\" \/>\n<meta property=\"article:publisher\" content=\"https:\/\/www.facebook.com\/JaneZhang008\/\" \/>\n<meta property=\"og:image\" content=\"https:\/\/deliangdisplay.com\/wp-content\/uploads\/2025\/08\/1-1-28.png\" \/>\n\t<meta property=\"og:image:width\" content=\"720\" \/>\n\t<meta property=\"og:image:height\" content=\"720\" \/>\n\t<meta property=\"og:image:type\" content=\"image\/png\" \/>\n<meta name=\"twitter:card\" content=\"summary_large_image\" \/>\n<meta name=\"twitter:site\" content=\"@ly673551729\" \/>\n<meta name=\"twitter:label1\" content=\"Gesch\u00e4tzte Lesezeit\" \/>\n\t<meta name=\"twitter:data1\" content=\"1\u00a0Minute\" \/>\n<script type=\"application\/ld+json\" class=\"yoast-schema-graph\">{\"@context\":\"https:\\\/\\\/schema.org\",\"@graph\":[{\"@type\":\"WebPage\",\"@id\":\"https:\\\/\\\/deliangdisplay.com\\\/our-product\\\/accessories\\\/bangle-bars\\\/de-liang-luxury-jewelry-showcase-bracelet-earring-display-rack-microfiber-multi-functional-display-bracelet-display-stand\\\/\",\"url\":\"https:\\\/\\\/deliangdisplay.com\\\/our-product\\\/accessories\\\/bangle-bars\\\/de-liang-luxury-jewelry-showcase-bracelet-earring-display-rack-microfiber-multi-functional-display-bracelet-display-stand\\\/\",\"name\":\"DE-LIANG Luxury Jewelry showcase Bracelet Earring Display Rack Microfiber Multi-functional Display Bracelet Display Stand - DE-LIANG - jewelry,clothes,watch,beauty cosmetics\",\"isPartOf\":{\"@id\":\"https:\\\/\\\/deliangdisplay.com\\\/#website\"},\"primaryImageOfPage\":{\"@id\":\"https:\\\/\\\/deliangdisplay.com\\\/our-product\\\/accessories\\\/bangle-bars\\\/de-liang-luxury-jewelry-showcase-bracelet-earring-display-rack-microfiber-multi-functional-display-bracelet-display-stand\\\/#primaryimage\"},\"image\":{\"@id\":\"https:\\\/\\\/deliangdisplay.com\\\/our-product\\\/accessories\\\/bangle-bars\\\/de-liang-luxury-jewelry-showcase-bracelet-earring-display-rack-microfiber-multi-functional-display-bracelet-display-stand\\\/#primaryimage\"},\"thumbnailUrl\":\"https:\\\/\\\/deliangdisplay.com\\\/wp-content\\\/uploads\\\/2025\\\/08\\\/1-1-28.png\",\"datePublished\":\"2025-08-02T08:53:34+00:00\",\"breadcrumb\":{\"@id\":\"https:\\\/\\\/deliangdisplay.com\\\/our-product\\\/accessories\\\/bangle-bars\\\/de-liang-luxury-jewelry-showcase-bracelet-earring-display-rack-microfiber-multi-functional-display-bracelet-display-stand\\\/#breadcrumb\"},\"inLanguage\":\"de\",\"potentialAction\":[{\"@type\":\"ReadAction\",\"target\":[\"https:\\\/\\\/deliangdisplay.com\\\/our-product\\\/accessories\\\/bangle-bars\\\/de-liang-luxury-jewelry-showcase-bracelet-earring-display-rack-microfiber-multi-functional-display-bracelet-display-stand\\\/\"]}]},{\"@type\":\"ImageObject\",\"inLanguage\":\"de\",\"@id\":\"https:\\\/\\\/deliangdisplay.com\\\/our-product\\\/accessories\\\/bangle-bars\\\/de-liang-luxury-jewelry-showcase-bracelet-earring-display-rack-microfiber-multi-functional-display-bracelet-display-stand\\\/#primaryimage\",\"url\":\"https:\\\/\\\/deliangdisplay.com\\\/wp-content\\\/uploads\\\/2025\\\/08\\\/1-1-28.png\",\"contentUrl\":\"https:\\\/\\\/deliangdisplay.com\\\/wp-content\\\/uploads\\\/2025\\\/08\\\/1-1-28.png\",\"width\":720,\"height\":720},{\"@type\":\"BreadcrumbList\",\"@id\":\"https:\\\/\\\/deliangdisplay.com\\\/our-product\\\/accessories\\\/bangle-bars\\\/de-liang-luxury-jewelry-showcase-bracelet-earring-display-rack-microfiber-multi-functional-display-bracelet-display-stand\\\/#breadcrumb\",\"itemListElement\":[{\"@type\":\"ListItem\",\"position\":1,\"name\":\"\u9996\u9875\",\"item\":\"https:\\\/\\\/deliangdisplay.com\\\/\"},{\"@type\":\"ListItem\",\"position\":2,\"name\":\"Our Product\",\"item\":\"https:\\\/\\\/deliangdisplay.com\\\/our-product\\\/\"},{\"@type\":\"ListItem\",\"position\":3,\"name\":\"DE-LIANG Luxury Jewelry showcase Bracelet Earring Display Rack Microfiber Multi-functional Display Bracelet Display Stand\"}]},{\"@type\":\"WebSite\",\"@id\":\"https:\\\/\\\/deliangdisplay.com\\\/#website\",\"url\":\"https:\\\/\\\/deliangdisplay.com\\\/\",\"name\":\"deliangdisplay.com\",\"description\":\"DE-LIANG - Providing bespoke packaging solutions and luxurious display design services for brands in jewelry, apparel, watches, beauty cosmetics, and more.\",\"publisher\":{\"@id\":\"https:\\\/\\\/deliangdisplay.com\\\/#organization\"},\"potentialAction\":[{\"@type\":\"SearchAction\",\"target\":{\"@type\":\"EntryPoint\",\"urlTemplate\":\"https:\\\/\\\/deliangdisplay.com\\\/?s={search_term_string}\"},\"query-input\":{\"@type\":\"PropertyValueSpecification\",\"valueRequired\":true,\"valueName\":\"search_term_string\"}}],\"inLanguage\":\"de\"},{\"@type\":\"Organization\",\"@id\":\"https:\\\/\\\/deliangdisplay.com\\\/#organization\",\"name\":\"deliangdisplay.com\",\"url\":\"https:\\\/\\\/deliangdisplay.com\\\/\",\"logo\":{\"@type\":\"ImageObject\",\"inLanguage\":\"de\",\"@id\":\"https:\\\/\\\/deliangdisplay.com\\\/#\\\/schema\\\/logo\\\/image\\\/\",\"url\":\"https:\\\/\\\/deliangdisplay.com\\\/wp-content\\\/uploads\\\/2025\\\/08\\\/DELIANGDISPALY_logo.png\",\"contentUrl\":\"https:\\\/\\\/deliangdisplay.com\\\/wp-content\\\/uploads\\\/2025\\\/08\\\/DELIANGDISPALY_logo.png\",\"width\":300,\"height\":130,\"caption\":\"deliangdisplay.com\"},\"image\":{\"@id\":\"https:\\\/\\\/deliangdisplay.com\\\/#\\\/schema\\\/logo\\\/image\\\/\"},\"sameAs\":[\"https:\\\/\\\/www.facebook.com\\\/JaneZhang008\\\/\",\"https:\\\/\\\/x.com\\\/ly673551729\"]}]}<\/script>\n<!-- \/ Yoast SEO plugin. -->","yoast_head_json":{"title":"DE-LIANG Luxus Schmuck Vitrine Armband Ohrring Display Rack Mikrofaser Multifunktions-Display Armband Display Stand - DE-LIANG - jewelry,clothes,watch,beauty cosmetics","robots":{"index":"index","follow":"follow","max-snippet":"max-snippet:-1","max-image-preview":"max-image-preview:large","max-video-preview":"max-video-preview:-1"},"canonical":"https:\/\/deliangdisplay.com\/de\/unser-produkt\/zubehor\/armreifstangen\/de-liang-luxus-schmuck-vitrine-armband-ohrring-display-rack-mikrofaser-multifunktionale-display-armband-display-stand\/","og_locale":"de_DE","og_type":"article","og_title":"DE-LIANG Luxury Jewelry showcase Bracelet Earring Display Rack Microfiber Multi-functional Display Bracelet Display Stand - DE-LIANG - jewelry,clothes,watch,beauty cosmetics","og_description":"Elevate your jewelry presentation with the DE-LIANG Luxury Microfiber Jewelry Display Stand \u2014 a stylish and versatile solution for showcasing bracelets, bangles, earrings, and watches in both retail and exhibition settings. Designed for modern luxury, this multi-functional rack combines clean lines, soft-touch materials, and practical elegance.","og_url":"https:\/\/deliangdisplay.com\/de\/unser-produkt\/zubehor\/armreifstangen\/de-liang-luxus-schmuck-vitrine-armband-ohrring-display-rack-mikrofaser-multifunktionale-display-armband-display-stand\/","og_site_name":"DE-LIANG - jewelry,clothes,watch,beauty cosmetics","article_publisher":"https:\/\/www.facebook.com\/JaneZhang008\/","og_image":[{"width":720,"height":720,"url":"https:\/\/deliangdisplay.com\/wp-content\/uploads\/2025\/08\/1-1-28.png","type":"image\/png"}],"twitter_card":"summary_large_image","twitter_site":"@ly673551729","twitter_misc":{"Gesch\u00e4tzte Lesezeit":"1\u00a0Minute"},"schema":{"@context":"https:\/\/schema.org","@graph":[{"@type":"WebPage","@id":"https:\/\/deliangdisplay.com\/our-product\/accessories\/bangle-bars\/de-liang-luxury-jewelry-showcase-bracelet-earring-display-rack-microfiber-multi-functional-display-bracelet-display-stand\/","url":"https:\/\/deliangdisplay.com\/our-product\/accessories\/bangle-bars\/de-liang-luxury-jewelry-showcase-bracelet-earring-display-rack-microfiber-multi-functional-display-bracelet-display-stand\/","name":"DE-LIANG Luxus Schmuck Vitrine Armband Ohrring Display Rack Mikrofaser Multifunktions-Display Armband Display Stand - DE-LIANG - jewelry,clothes,watch,beauty cosmetics","isPartOf":{"@id":"https:\/\/deliangdisplay.com\/#website"},"primaryImageOfPage":{"@id":"https:\/\/deliangdisplay.com\/our-product\/accessories\/bangle-bars\/de-liang-luxury-jewelry-showcase-bracelet-earring-display-rack-microfiber-multi-functional-display-bracelet-display-stand\/#primaryimage"},"image":{"@id":"https:\/\/deliangdisplay.com\/our-product\/accessories\/bangle-bars\/de-liang-luxury-jewelry-showcase-bracelet-earring-display-rack-microfiber-multi-functional-display-bracelet-display-stand\/#primaryimage"},"thumbnailUrl":"https:\/\/deliangdisplay.com\/wp-content\/uploads\/2025\/08\/1-1-28.png","datePublished":"2025-08-02T08:53:34+00:00","breadcrumb":{"@id":"https:\/\/deliangdisplay.com\/our-product\/accessories\/bangle-bars\/de-liang-luxury-jewelry-showcase-bracelet-earring-display-rack-microfiber-multi-functional-display-bracelet-display-stand\/#breadcrumb"},"inLanguage":"de","potentialAction":[{"@type":"ReadAction","target":["https:\/\/deliangdisplay.com\/our-product\/accessories\/bangle-bars\/de-liang-luxury-jewelry-showcase-bracelet-earring-display-rack-microfiber-multi-functional-display-bracelet-display-stand\/"]}]},{"@type":"ImageObject","inLanguage":"de","@id":"https:\/\/deliangdisplay.com\/our-product\/accessories\/bangle-bars\/de-liang-luxury-jewelry-showcase-bracelet-earring-display-rack-microfiber-multi-functional-display-bracelet-display-stand\/#primaryimage","url":"https:\/\/deliangdisplay.com\/wp-content\/uploads\/2025\/08\/1-1-28.png","contentUrl":"https:\/\/deliangdisplay.com\/wp-content\/uploads\/2025\/08\/1-1-28.png","width":720,"height":720},{"@type":"BreadcrumbList","@id":"https:\/\/deliangdisplay.com\/our-product\/accessories\/bangle-bars\/de-liang-luxury-jewelry-showcase-bracelet-earring-display-rack-microfiber-multi-functional-display-bracelet-display-stand\/#breadcrumb","itemListElement":[{"@type":"ListItem","position":1,"name":"\u9996\u9875","item":"https:\/\/deliangdisplay.com\/"},{"@type":"ListItem","position":2,"name":"Our Product","item":"https:\/\/deliangdisplay.com\/our-product\/"},{"@type":"ListItem","position":3,"name":"DE-LIANG Luxury Jewelry showcase Bracelet Earring Display Rack Microfiber Multi-functional Display Bracelet Display Stand"}]},{"@type":"WebSite","@id":"https:\/\/deliangdisplay.com\/#website","url":"https:\/\/deliangdisplay.com\/","name":"deliangdisplay.com","description":"DE-LIANG - Ma\u00dfgeschneiderte Verpackungsl\u00f6sungen und luxuri\u00f6ses Display-Design f\u00fcr Marken aus der Schmuck-, Bekleidungs-, Uhren- und Kosmetikbranche und mehr.","publisher":{"@id":"https:\/\/deliangdisplay.com\/#organization"},"potentialAction":[{"@type":"SearchAction","target":{"@type":"EntryPoint","urlTemplate":"https:\/\/deliangdisplay.com\/?s={search_term_string}"},"query-input":{"@type":"PropertyValueSpecification","valueRequired":true,"valueName":"search_term_string"}}],"inLanguage":"de"},{"@type":"Organization","@id":"https:\/\/deliangdisplay.com\/#organization","name":"deliangdisplay.com","url":"https:\/\/deliangdisplay.com\/","logo":{"@type":"ImageObject","inLanguage":"de","@id":"https:\/\/deliangdisplay.com\/#\/schema\/logo\/image\/","url":"https:\/\/deliangdisplay.com\/wp-content\/uploads\/2025\/08\/DELIANGDISPALY_logo.png","contentUrl":"https:\/\/deliangdisplay.com\/wp-content\/uploads\/2025\/08\/DELIANGDISPALY_logo.png","width":300,"height":130,"caption":"deliangdisplay.com"},"image":{"@id":"https:\/\/deliangdisplay.com\/#\/schema\/logo\/image\/"},"sameAs":["https:\/\/www.facebook.com\/JaneZhang008\/","https:\/\/x.com\/ly673551729"]}]}},"_links":{"self":[{"href":"https:\/\/deliangdisplay.com\/de\/wp-json\/wp\/v2\/product\/41922","targetHints":{"allow":["GET"]}}],"collection":[{"href":"https:\/\/deliangdisplay.com\/de\/wp-json\/wp\/v2\/product"}],"about":[{"href":"https:\/\/deliangdisplay.com\/de\/wp-json\/wp\/v2\/types\/product"}],"replies":[{"embeddable":true,"href":"https:\/\/deliangdisplay.com\/de\/wp-json\/wp\/v2\/comments?post=41922"}],"wp:featuredmedia":[{"embeddable":true,"href":"https:\/\/deliangdisplay.com\/de\/wp-json\/wp\/v2\/media\/41923"}],"wp:attachment":[{"href":"https:\/\/deliangdisplay.com\/de\/wp-json\/wp\/v2\/media?parent=41922"}],"wp:term":[{"taxonomy":"product_brand","embeddable":true,"href":"https:\/\/deliangdisplay.com\/de\/wp-json\/wp\/v2\/product_brand?post=41922"},{"taxonomy":"product_cat","embeddable":true,"href":"https:\/\/deliangdisplay.com\/de\/wp-json\/wp\/v2\/product_cat?post=41922"},{"taxonomy":"product_tag","embeddable":true,"href":"https:\/\/deliangdisplay.com\/de\/wp-json\/wp\/v2\/product_tag?post=41922"}],"curies":[{"name":"wp","href":"https:\/\/api.w.org\/{rel}","templated":true}]}}