{"id":41884,"date":"2025-08-02T15:35:27","date_gmt":"2025-08-02T07:35:27","guid":{"rendered":"https:\/\/deliangdisplay.com\/?post_type=product&#038;p=41884"},"modified":"2025-08-02T15:35:27","modified_gmt":"2025-08-02T07:35:27","slug":"de-liang-hohe-qualitat-benutzerdefinierte-gedruckte-logo-luxus-shopping-geschenk-papiertaschen-mit-handtasche-und-schleife-fur-kleidung-schuhe-kosmetik-verpackung","status":"publish","type":"product","link":"https:\/\/deliangdisplay.com\/de\/unser-produkt\/verpackung\/luxus-papiertaschen\/de-liang-hohe-qualitat-benutzerdefinierte-gedruckte-logo-luxus-shopping-geschenk-papiertaschen-mit-handtasche-und-schleife-fur-kleidung-schuhe-kosmetik-verpackung\/","title":{"rendered":"DE-LIANG Hohe Qualit\u00e4t benutzerdefinierte gedruckt Logo Luxus Einkaufen Geschenk Papiertaschen mit Handtasche und Schleife f\u00fcr Kleidung Schuhe Kosmetik Verpackung"},"content":{"rendered":"<ul data-start=\"622\" data-end=\"1570\">\n<li data-start=\"622\" data-end=\"783\">\n<p data-start=\"624\" data-end=\"783\"><strong data-start=\"624\" data-end=\"646\">Luxuri\u00f6ses Aussehen und Gef\u00fchl<\/strong>: Hergestellt aus dickem, haltbarem Kunst- oder Kraftpapier mit einer glatten, matten oder gl\u00e4nzenden Oberfl\u00e4che, die eine erstklassige Textur und Struktur aufweist.<\/p>\n<\/li>\n<li data-start=\"784\" data-end=\"960\">\n<p data-start=\"786\" data-end=\"960\"><strong data-start=\"786\" data-end=\"810\">Kundenspezifischer Logodruck<\/strong>: Ihr Markenlogo oder Ihr Slogan kann durch Folienpr\u00e4gung, Pr\u00e4gung, Spot-UV oder Vollfarbdruck hinzugef\u00fcgt werden, wodurch ein professionelles, hochwertiges Aussehen entsteht.<\/p>\n<\/li>\n<li data-start=\"961\" data-end=\"1115\">\n<p data-start=\"963\" data-end=\"1115\"><strong data-start=\"963\" data-end=\"989\">Schickes Schleifengriff-Design<\/strong>: Mit Stoffschleifen oder Bandhenkeln, die die Pr\u00e4sentation sofort aufwerten und jeden Einkauf wie ein Geschenk erscheinen lassen.<\/p>\n<\/li>\n<li data-start=\"1116\" data-end=\"1286\">\n<p data-start=\"1118\" data-end=\"1286\"><strong data-start=\"1118\" data-end=\"1141\">Stark und funktionell<\/strong>: Dank des verst\u00e4rkten Bodens und der verst\u00e4rkten Seiten eignen sich diese Taschen f\u00fcr den Transport von Kleidung, Schuhen, Kosmetika und luxuri\u00f6sen Geschenken, ohne dabei an Stil einzub\u00fc\u00dfen.<\/p>\n<\/li>\n<li data-start=\"1287\" data-end=\"1423\">\n<p data-start=\"1289\" data-end=\"1423\"><strong data-start=\"1289\" data-end=\"1315\">Vielseitige Anwendungen<\/strong>: Ideal f\u00fcr Modeboutiquen, Kosmetikmarken, Designer-Pop-ups, Brautmodengesch\u00e4fte oder gehobene Geschenkverpackungen.<\/p>\n<\/li>\n<li data-start=\"1424\" data-end=\"1570\">\n<p data-start=\"1426\" data-end=\"1570\"><strong data-start=\"1426\" data-end=\"1453\">Umweltfreundlich &amp; wiederverwendbar<\/strong>: Hergestellt aus recycelbaren Materialien und f\u00fcr den wiederholten Gebrauch konzipiert, hilft es Ihrer Marke, sowohl stilvoll als auch nachhaltig zu bleiben.<\/p>\n<\/li>\n<\/ul>\n<h3 data-start=\"1572\" data-end=\"1606\">\ud83d\udce6 <strong data-start=\"1579\" data-end=\"1606\">Produktspezifikationen:<\/strong><\/h3>\n<ul data-start=\"1608\" data-end=\"2001\">\n<li data-start=\"1608\" data-end=\"1668\">\n<p data-start=\"1610\" data-end=\"1668\"><strong data-start=\"1610\" data-end=\"1622\">Material<\/strong>: 200-250gsm Premium-Kunstdruckpapier \/ wei\u00dfes Kraftpapier<\/p>\n<\/li>\n<li data-start=\"1669\" data-end=\"1732\">\n<p data-start=\"1671\" data-end=\"1732\"><strong data-start=\"1671\" data-end=\"1689\">Ausf\u00fchrungsoptionen<\/strong>: Matt \/ Gl\u00e4nzend \/ Laminiert \/ Soft-Touch<\/p>\n<\/li>\n<li data-start=\"1733\" data-end=\"1802\">\n<p data-start=\"1735\" data-end=\"1802\"><strong data-start=\"1735\" data-end=\"1746\">Griffe<\/strong>: Band, Satinschleife, Grosgrain oder Seil (anpassbar)<\/p>\n<\/li>\n<li data-start=\"1803\" data-end=\"1869\">\n<p data-start=\"1805\" data-end=\"1869\"><strong data-start=\"1805\" data-end=\"1817\">Drucken<\/strong>: Hei\u00dffolienpr\u00e4gung, Pr\u00e4gung, Siebdruck, UV-Spot<\/p>\n<\/li>\n<li data-start=\"1870\" data-end=\"1927\">\n<p data-start=\"1872\" data-end=\"1927\"><strong data-start=\"1872\" data-end=\"1881\">Gr\u00f6\u00dfen<\/strong>: Klein \/ Mittel \/ Gro\u00df \/ Kundenspezifische Abmessungen<\/p>\n<\/li>\n<li data-start=\"1928\" data-end=\"2001\">\n<p data-start=\"1930\" data-end=\"2001\"><strong data-start=\"1930\" data-end=\"1937\">MOQ<\/strong>: Niedrige Mindestbestellmengen f\u00fcr unabh\u00e4ngige Marken oder Gro\u00dfauftr\u00e4ge<\/p>\n<\/li>\n<\/ul>\n<hr data-start=\"2003\" data-end=\"2006\" \/>\n<p data-start=\"2008\" data-end=\"2129\"><strong data-start=\"2008\" data-end=\"2053\">Denn die Verpackung ist Teil des Produkts.<\/strong><br data-start=\"2053\" data-end=\"2056\" \/>Mit DE-LIANG wird jede Tasche zu einem Statement von Eleganz und Markenwert.<\/p>\n<p data-start=\"2131\" data-end=\"2200\">\ud83d\udce9 <em data-start=\"2134\" data-end=\"2200\">Kontaktieren Sie uns f\u00fcr Muster, OEM\/ODM-Service und Gro\u00dfhandelspreise.<\/em><\/p>","protected":false},"excerpt":{"rendered":"<p>Enhance your packaging game with DE-LIANG\u2019s <strong data-start=\"330\" data-end=\"372\">high-quality custom printed paper bags<\/strong> \u2014 featuring elegant <strong data-start=\"393\" data-end=\"423\">handbag-style construction<\/strong> and a stylish <strong data-start=\"438\" data-end=\"459\">bow handle design<\/strong>. Perfect for premium clothing, shoes, and cosmetics packaging, these bags reflect your brand\u2019s commitment to quality and visual appeal.<\/p>","protected":false},"featured_media":41885,"comment_status":"open","ping_status":"closed","template":"","meta":{"_acf_changed":false},"product_brand":[],"product_cat":[74],"product_tag":[],"class_list":{"0":"post-41884","1":"product","2":"type-product","3":"status-publish","4":"has-post-thumbnail","6":"product_cat-luxury-paper-bags","8":"first","9":"instock","10":"shipping-taxable","11":"purchasable","12":"product-type-simple"},"acf":[],"yoast_head":"<!-- This site is optimized with the Yoast SEO plugin v27.4 - https:\/\/yoast.com\/product\/yoast-seo-wordpress\/ -->\n<title>DE-LIANG High Quality Custom Printed logo Luxury Shopping Gift Paper Bags with Handbag and Bow for Clothing Shoes Cosmetic Packaging - DE-LIANG - jewelry,clothes,watch,beauty cosmetics<\/title>\n<meta name=\"robots\" content=\"index, follow, max-snippet:-1, max-image-preview:large, max-video-preview:-1\" \/>\n<link rel=\"canonical\" href=\"https:\/\/deliangdisplay.com\/de\/unser-produkt\/verpackung\/luxus-papiertaschen\/de-liang-hohe-qualitat-benutzerdefinierte-gedruckte-logo-luxus-shopping-geschenk-papiertaschen-mit-handtasche-und-schleife-fur-kleidung-schuhe-kosmetik-verpackung\/\" \/>\n<meta property=\"og:locale\" content=\"de_DE\" \/>\n<meta property=\"og:type\" content=\"article\" \/>\n<meta property=\"og:title\" content=\"DE-LIANG High Quality Custom Printed logo Luxury Shopping Gift Paper Bags with Handbag and Bow for Clothing Shoes Cosmetic Packaging - DE-LIANG - jewelry,clothes,watch,beauty cosmetics\" \/>\n<meta property=\"og:description\" content=\"Enhance your packaging game with DE-LIANG\u2019s high-quality custom printed paper bags \u2014 featuring elegant handbag-style construction and a stylish bow handle design. Perfect for premium clothing, shoes, and cosmetics packaging, these bags reflect your brand\u2019s commitment to quality and visual appeal.\" \/>\n<meta property=\"og:url\" content=\"https:\/\/deliangdisplay.com\/de\/unser-produkt\/verpackung\/luxus-papiertaschen\/de-liang-hohe-qualitat-benutzerdefinierte-gedruckte-logo-luxus-shopping-geschenk-papiertaschen-mit-handtasche-und-schleife-fur-kleidung-schuhe-kosmetik-verpackung\/\" \/>\n<meta property=\"og:site_name\" content=\"DE-LIANG - jewelry,clothes,watch,beauty cosmetics\" \/>\n<meta property=\"article:publisher\" content=\"https:\/\/www.facebook.com\/JaneZhang008\/\" \/>\n<meta property=\"og:image\" content=\"https:\/\/deliangdisplay.com\/wp-content\/uploads\/2025\/08\/1-1-20.png\" \/>\n\t<meta property=\"og:image:width\" content=\"720\" \/>\n\t<meta property=\"og:image:height\" content=\"720\" \/>\n\t<meta property=\"og:image:type\" content=\"image\/png\" \/>\n<meta name=\"twitter:card\" content=\"summary_large_image\" \/>\n<meta name=\"twitter:site\" content=\"@ly673551729\" \/>\n<meta name=\"twitter:label1\" content=\"Gesch\u00e4tzte Lesezeit\" \/>\n\t<meta name=\"twitter:data1\" content=\"2\u00a0Minuten\" \/>\n<script type=\"application\/ld+json\" class=\"yoast-schema-graph\">{\"@context\":\"https:\\\/\\\/schema.org\",\"@graph\":[{\"@type\":\"WebPage\",\"@id\":\"https:\\\/\\\/deliangdisplay.com\\\/our-product\\\/packaging\\\/luxury-paper-bags\\\/de-liang-high-quality-custom-printed-logo-luxury-shopping-gift-paper-bags-with-handbag-and-bow-for-clothing-shoes-cosmetic-packaging\\\/\",\"url\":\"https:\\\/\\\/deliangdisplay.com\\\/our-product\\\/packaging\\\/luxury-paper-bags\\\/de-liang-high-quality-custom-printed-logo-luxury-shopping-gift-paper-bags-with-handbag-and-bow-for-clothing-shoes-cosmetic-packaging\\\/\",\"name\":\"DE-LIANG High Quality Custom Printed logo Luxury Shopping Gift Paper Bags with Handbag and Bow for Clothing Shoes Cosmetic Packaging - DE-LIANG - jewelry,clothes,watch,beauty cosmetics\",\"isPartOf\":{\"@id\":\"https:\\\/\\\/deliangdisplay.com\\\/#website\"},\"primaryImageOfPage\":{\"@id\":\"https:\\\/\\\/deliangdisplay.com\\\/our-product\\\/packaging\\\/luxury-paper-bags\\\/de-liang-high-quality-custom-printed-logo-luxury-shopping-gift-paper-bags-with-handbag-and-bow-for-clothing-shoes-cosmetic-packaging\\\/#primaryimage\"},\"image\":{\"@id\":\"https:\\\/\\\/deliangdisplay.com\\\/our-product\\\/packaging\\\/luxury-paper-bags\\\/de-liang-high-quality-custom-printed-logo-luxury-shopping-gift-paper-bags-with-handbag-and-bow-for-clothing-shoes-cosmetic-packaging\\\/#primaryimage\"},\"thumbnailUrl\":\"https:\\\/\\\/deliangdisplay.com\\\/wp-content\\\/uploads\\\/2025\\\/08\\\/1-1-20.png\",\"datePublished\":\"2025-08-02T07:35:27+00:00\",\"breadcrumb\":{\"@id\":\"https:\\\/\\\/deliangdisplay.com\\\/our-product\\\/packaging\\\/luxury-paper-bags\\\/de-liang-high-quality-custom-printed-logo-luxury-shopping-gift-paper-bags-with-handbag-and-bow-for-clothing-shoes-cosmetic-packaging\\\/#breadcrumb\"},\"inLanguage\":\"de\",\"potentialAction\":[{\"@type\":\"ReadAction\",\"target\":[\"https:\\\/\\\/deliangdisplay.com\\\/our-product\\\/packaging\\\/luxury-paper-bags\\\/de-liang-high-quality-custom-printed-logo-luxury-shopping-gift-paper-bags-with-handbag-and-bow-for-clothing-shoes-cosmetic-packaging\\\/\"]}]},{\"@type\":\"ImageObject\",\"inLanguage\":\"de\",\"@id\":\"https:\\\/\\\/deliangdisplay.com\\\/our-product\\\/packaging\\\/luxury-paper-bags\\\/de-liang-high-quality-custom-printed-logo-luxury-shopping-gift-paper-bags-with-handbag-and-bow-for-clothing-shoes-cosmetic-packaging\\\/#primaryimage\",\"url\":\"https:\\\/\\\/deliangdisplay.com\\\/wp-content\\\/uploads\\\/2025\\\/08\\\/1-1-20.png\",\"contentUrl\":\"https:\\\/\\\/deliangdisplay.com\\\/wp-content\\\/uploads\\\/2025\\\/08\\\/1-1-20.png\",\"width\":720,\"height\":720},{\"@type\":\"BreadcrumbList\",\"@id\":\"https:\\\/\\\/deliangdisplay.com\\\/our-product\\\/packaging\\\/luxury-paper-bags\\\/de-liang-high-quality-custom-printed-logo-luxury-shopping-gift-paper-bags-with-handbag-and-bow-for-clothing-shoes-cosmetic-packaging\\\/#breadcrumb\",\"itemListElement\":[{\"@type\":\"ListItem\",\"position\":1,\"name\":\"\u9996\u9875\",\"item\":\"https:\\\/\\\/deliangdisplay.com\\\/\"},{\"@type\":\"ListItem\",\"position\":2,\"name\":\"Our Product\",\"item\":\"https:\\\/\\\/deliangdisplay.com\\\/our-product\\\/\"},{\"@type\":\"ListItem\",\"position\":3,\"name\":\"DE-LIANG High Quality Custom Printed logo Luxury Shopping Gift Paper Bags with Handbag and Bow for Clothing Shoes Cosmetic Packaging\"}]},{\"@type\":\"WebSite\",\"@id\":\"https:\\\/\\\/deliangdisplay.com\\\/#website\",\"url\":\"https:\\\/\\\/deliangdisplay.com\\\/\",\"name\":\"deliangdisplay.com\",\"description\":\"DE-LIANG - Providing bespoke packaging solutions and luxurious display design services for brands in jewelry, apparel, watches, beauty cosmetics, and more.\",\"publisher\":{\"@id\":\"https:\\\/\\\/deliangdisplay.com\\\/#organization\"},\"potentialAction\":[{\"@type\":\"SearchAction\",\"target\":{\"@type\":\"EntryPoint\",\"urlTemplate\":\"https:\\\/\\\/deliangdisplay.com\\\/?s={search_term_string}\"},\"query-input\":{\"@type\":\"PropertyValueSpecification\",\"valueRequired\":true,\"valueName\":\"search_term_string\"}}],\"inLanguage\":\"de\"},{\"@type\":\"Organization\",\"@id\":\"https:\\\/\\\/deliangdisplay.com\\\/#organization\",\"name\":\"deliangdisplay.com\",\"url\":\"https:\\\/\\\/deliangdisplay.com\\\/\",\"logo\":{\"@type\":\"ImageObject\",\"inLanguage\":\"de\",\"@id\":\"https:\\\/\\\/deliangdisplay.com\\\/#\\\/schema\\\/logo\\\/image\\\/\",\"url\":\"https:\\\/\\\/deliangdisplay.com\\\/wp-content\\\/uploads\\\/2025\\\/08\\\/DELIANGDISPALY_logo.png\",\"contentUrl\":\"https:\\\/\\\/deliangdisplay.com\\\/wp-content\\\/uploads\\\/2025\\\/08\\\/DELIANGDISPALY_logo.png\",\"width\":300,\"height\":130,\"caption\":\"deliangdisplay.com\"},\"image\":{\"@id\":\"https:\\\/\\\/deliangdisplay.com\\\/#\\\/schema\\\/logo\\\/image\\\/\"},\"sameAs\":[\"https:\\\/\\\/www.facebook.com\\\/JaneZhang008\\\/\",\"https:\\\/\\\/x.com\\\/ly673551729\"]}]}<\/script>\n<!-- \/ Yoast SEO plugin. -->","yoast_head_json":{"title":"DE-LIANG High Quality Custom Printed Logo Luxus Shopping Geschenk Papiertaschen mit Handtasche und Schleife f\u00fcr Kleidung Schuhe Kosmetik Verpackung - DE-LIANG - Schmuck, Kleidung, Uhr, Sch\u00f6nheit Kosmetik","robots":{"index":"index","follow":"follow","max-snippet":"max-snippet:-1","max-image-preview":"max-image-preview:large","max-video-preview":"max-video-preview:-1"},"canonical":"https:\/\/deliangdisplay.com\/de\/unser-produkt\/verpackung\/luxus-papiertaschen\/de-liang-hohe-qualitat-benutzerdefinierte-gedruckte-logo-luxus-shopping-geschenk-papiertaschen-mit-handtasche-und-schleife-fur-kleidung-schuhe-kosmetik-verpackung\/","og_locale":"de_DE","og_type":"article","og_title":"DE-LIANG High Quality Custom Printed logo Luxury Shopping Gift Paper Bags with Handbag and Bow for Clothing Shoes Cosmetic Packaging - DE-LIANG - jewelry,clothes,watch,beauty cosmetics","og_description":"Enhance your packaging game with DE-LIANG\u2019s high-quality custom printed paper bags \u2014 featuring elegant handbag-style construction and a stylish bow handle design. Perfect for premium clothing, shoes, and cosmetics packaging, these bags reflect your brand\u2019s commitment to quality and visual appeal.","og_url":"https:\/\/deliangdisplay.com\/de\/unser-produkt\/verpackung\/luxus-papiertaschen\/de-liang-hohe-qualitat-benutzerdefinierte-gedruckte-logo-luxus-shopping-geschenk-papiertaschen-mit-handtasche-und-schleife-fur-kleidung-schuhe-kosmetik-verpackung\/","og_site_name":"DE-LIANG - jewelry,clothes,watch,beauty cosmetics","article_publisher":"https:\/\/www.facebook.com\/JaneZhang008\/","og_image":[{"width":720,"height":720,"url":"https:\/\/deliangdisplay.com\/wp-content\/uploads\/2025\/08\/1-1-20.png","type":"image\/png"}],"twitter_card":"summary_large_image","twitter_site":"@ly673551729","twitter_misc":{"Gesch\u00e4tzte Lesezeit":"2\u00a0Minuten"},"schema":{"@context":"https:\/\/schema.org","@graph":[{"@type":"WebPage","@id":"https:\/\/deliangdisplay.com\/our-product\/packaging\/luxury-paper-bags\/de-liang-high-quality-custom-printed-logo-luxury-shopping-gift-paper-bags-with-handbag-and-bow-for-clothing-shoes-cosmetic-packaging\/","url":"https:\/\/deliangdisplay.com\/our-product\/packaging\/luxury-paper-bags\/de-liang-high-quality-custom-printed-logo-luxury-shopping-gift-paper-bags-with-handbag-and-bow-for-clothing-shoes-cosmetic-packaging\/","name":"DE-LIANG High Quality Custom Printed Logo Luxus Shopping Geschenk Papiertaschen mit Handtasche und Schleife f\u00fcr Kleidung Schuhe Kosmetik Verpackung - DE-LIANG - Schmuck, Kleidung, Uhr, Sch\u00f6nheit Kosmetik","isPartOf":{"@id":"https:\/\/deliangdisplay.com\/#website"},"primaryImageOfPage":{"@id":"https:\/\/deliangdisplay.com\/our-product\/packaging\/luxury-paper-bags\/de-liang-high-quality-custom-printed-logo-luxury-shopping-gift-paper-bags-with-handbag-and-bow-for-clothing-shoes-cosmetic-packaging\/#primaryimage"},"image":{"@id":"https:\/\/deliangdisplay.com\/our-product\/packaging\/luxury-paper-bags\/de-liang-high-quality-custom-printed-logo-luxury-shopping-gift-paper-bags-with-handbag-and-bow-for-clothing-shoes-cosmetic-packaging\/#primaryimage"},"thumbnailUrl":"https:\/\/deliangdisplay.com\/wp-content\/uploads\/2025\/08\/1-1-20.png","datePublished":"2025-08-02T07:35:27+00:00","breadcrumb":{"@id":"https:\/\/deliangdisplay.com\/our-product\/packaging\/luxury-paper-bags\/de-liang-high-quality-custom-printed-logo-luxury-shopping-gift-paper-bags-with-handbag-and-bow-for-clothing-shoes-cosmetic-packaging\/#breadcrumb"},"inLanguage":"de","potentialAction":[{"@type":"ReadAction","target":["https:\/\/deliangdisplay.com\/our-product\/packaging\/luxury-paper-bags\/de-liang-high-quality-custom-printed-logo-luxury-shopping-gift-paper-bags-with-handbag-and-bow-for-clothing-shoes-cosmetic-packaging\/"]}]},{"@type":"ImageObject","inLanguage":"de","@id":"https:\/\/deliangdisplay.com\/our-product\/packaging\/luxury-paper-bags\/de-liang-high-quality-custom-printed-logo-luxury-shopping-gift-paper-bags-with-handbag-and-bow-for-clothing-shoes-cosmetic-packaging\/#primaryimage","url":"https:\/\/deliangdisplay.com\/wp-content\/uploads\/2025\/08\/1-1-20.png","contentUrl":"https:\/\/deliangdisplay.com\/wp-content\/uploads\/2025\/08\/1-1-20.png","width":720,"height":720},{"@type":"BreadcrumbList","@id":"https:\/\/deliangdisplay.com\/our-product\/packaging\/luxury-paper-bags\/de-liang-high-quality-custom-printed-logo-luxury-shopping-gift-paper-bags-with-handbag-and-bow-for-clothing-shoes-cosmetic-packaging\/#breadcrumb","itemListElement":[{"@type":"ListItem","position":1,"name":"\u9996\u9875","item":"https:\/\/deliangdisplay.com\/"},{"@type":"ListItem","position":2,"name":"Our Product","item":"https:\/\/deliangdisplay.com\/our-product\/"},{"@type":"ListItem","position":3,"name":"DE-LIANG High Quality Custom Printed logo Luxury Shopping Gift Paper Bags with Handbag and Bow for Clothing Shoes Cosmetic Packaging"}]},{"@type":"WebSite","@id":"https:\/\/deliangdisplay.com\/#website","url":"https:\/\/deliangdisplay.com\/","name":"deliangdisplay.com","description":"DE-LIANG - Ma\u00dfgeschneiderte Verpackungsl\u00f6sungen und luxuri\u00f6ses Display-Design f\u00fcr Marken aus der Schmuck-, Bekleidungs-, Uhren- und Kosmetikbranche und mehr.","publisher":{"@id":"https:\/\/deliangdisplay.com\/#organization"},"potentialAction":[{"@type":"SearchAction","target":{"@type":"EntryPoint","urlTemplate":"https:\/\/deliangdisplay.com\/?s={search_term_string}"},"query-input":{"@type":"PropertyValueSpecification","valueRequired":true,"valueName":"search_term_string"}}],"inLanguage":"de"},{"@type":"Organization","@id":"https:\/\/deliangdisplay.com\/#organization","name":"deliangdisplay.com","url":"https:\/\/deliangdisplay.com\/","logo":{"@type":"ImageObject","inLanguage":"de","@id":"https:\/\/deliangdisplay.com\/#\/schema\/logo\/image\/","url":"https:\/\/deliangdisplay.com\/wp-content\/uploads\/2025\/08\/DELIANGDISPALY_logo.png","contentUrl":"https:\/\/deliangdisplay.com\/wp-content\/uploads\/2025\/08\/DELIANGDISPALY_logo.png","width":300,"height":130,"caption":"deliangdisplay.com"},"image":{"@id":"https:\/\/deliangdisplay.com\/#\/schema\/logo\/image\/"},"sameAs":["https:\/\/www.facebook.com\/JaneZhang008\/","https:\/\/x.com\/ly673551729"]}]}},"_links":{"self":[{"href":"https:\/\/deliangdisplay.com\/de\/wp-json\/wp\/v2\/product\/41884","targetHints":{"allow":["GET"]}}],"collection":[{"href":"https:\/\/deliangdisplay.com\/de\/wp-json\/wp\/v2\/product"}],"about":[{"href":"https:\/\/deliangdisplay.com\/de\/wp-json\/wp\/v2\/types\/product"}],"replies":[{"embeddable":true,"href":"https:\/\/deliangdisplay.com\/de\/wp-json\/wp\/v2\/comments?post=41884"}],"wp:featuredmedia":[{"embeddable":true,"href":"https:\/\/deliangdisplay.com\/de\/wp-json\/wp\/v2\/media\/41885"}],"wp:attachment":[{"href":"https:\/\/deliangdisplay.com\/de\/wp-json\/wp\/v2\/media?parent=41884"}],"wp:term":[{"taxonomy":"product_brand","embeddable":true,"href":"https:\/\/deliangdisplay.com\/de\/wp-json\/wp\/v2\/product_brand?post=41884"},{"taxonomy":"product_cat","embeddable":true,"href":"https:\/\/deliangdisplay.com\/de\/wp-json\/wp\/v2\/product_cat?post=41884"},{"taxonomy":"product_tag","embeddable":true,"href":"https:\/\/deliangdisplay.com\/de\/wp-json\/wp\/v2\/product_tag?post=41884"}],"curies":[{"name":"wp","href":"https:\/\/api.w.org\/{rel}","templated":true}]}}