{"id":41877,"date":"2025-08-02T15:24:24","date_gmt":"2025-08-02T07:24:24","guid":{"rendered":"https:\/\/deliangdisplay.com\/?post_type=product&#038;p=41877"},"modified":"2025-08-02T15:24:25","modified_gmt":"2025-08-02T07:24:25","slug":"de-liang-masgeschneiderte-druck-luxus-geschenk-papier-einkaufstasche-verpackung-groshandel-papiertuten-mit-ihrem-eigenen-logo-fur-kleidung-geschaft","status":"publish","type":"product","link":"https:\/\/deliangdisplay.com\/de\/unser-produkt\/verpackung\/luxus-papiertaschen\/de-liang-masgeschneiderte-druck-luxus-geschenk-papier-einkaufstasche-verpackung-groshandel-papiertuten-mit-ihrem-eigenen-logo-fur-kleidung-geschaft\/","title":{"rendered":"DE-LIANG Customized Print Luxus Geschenk Papier Einkaufstasche Verpackung Gro\u00dfhandel Papiert\u00fcten mit Ihrem eigenen Logo f\u00fcr Kleidung Business"},"content":{"rendered":"<ul data-start=\"623\" data-end=\"1481\">\n<li data-start=\"623\" data-end=\"786\">\n<p data-start=\"625\" data-end=\"786\"><strong data-start=\"625\" data-end=\"653\">Hochwertiges Material<\/strong>: Hergestellt aus dickem, umweltfreundlichem Bastelpapier mit matter oder gl\u00e4nzender Oberfl\u00e4che - stabil genug, um Kleidungsst\u00fccke, Schuhe oder Accessoires zu tragen.<\/p>\n<\/li>\n<li data-start=\"787\" data-end=\"949\">\n<p data-start=\"789\" data-end=\"949\"><strong data-start=\"789\" data-end=\"818\">Vollst\u00e4ndig anpassbares Design<\/strong>: Drucken Sie Ihr eigenes Logo, Ihren Slogan oder Ihr Kunstwerk in Folie, Pr\u00e4gung oder Vollfarbe - ma\u00dfgeschneidert, um die einzigartige Identit\u00e4t Ihrer Marke widerzuspiegeln.<\/p>\n<\/li>\n<li data-start=\"950\" data-end=\"1089\">\n<p data-start=\"952\" data-end=\"1089\"><strong data-start=\"952\" data-end=\"970\">Luxuri\u00f6se Griffe<\/strong>: W\u00e4hlen Sie zwischen Baumwollseil, Satinband, Ripsband oder gestanzten Griffen, die alle f\u00fcr Eleganz und Komfort sorgen.<\/p>\n<\/li>\n<li data-start=\"1090\" data-end=\"1242\">\n<p data-start=\"1092\" data-end=\"1242\"><strong data-start=\"1092\" data-end=\"1114\">Gro\u00dfhandel Freundlich<\/strong>: Gro\u00dfmengenpreise verf\u00fcgbar - ideal f\u00fcr Unternehmen, die Verpackungen f\u00fcr Einzelhandelsgesch\u00e4fte, Pop-up-Shops oder Online-Bestellungen vereinheitlichen m\u00f6chten.<\/p>\n<\/li>\n<li data-start=\"1243\" data-end=\"1367\">\n<p data-start=\"1245\" data-end=\"1367\"><strong data-start=\"1245\" data-end=\"1262\">Vielseitiger Einsatz<\/strong>: Ideal f\u00fcr Kleidung, Schuhe, Handtaschen, Kosmetika, Veranstaltungen, Messegeschenke und Geschenkverpackungen.<\/p>\n<\/li>\n<li data-start=\"1368\" data-end=\"1481\">\n<p data-start=\"1370\" data-end=\"1481\"><strong data-start=\"1370\" data-end=\"1394\">Umweltbewusste Wahl<\/strong>: Recycelbar und wiederverwendbar, hilft Ihnen, Abfall zu reduzieren und gleichzeitig ein luxuri\u00f6ses Gef\u00fchl zu bewahren.<\/p>\n<\/li>\n<\/ul>\n<h3 data-start=\"1483\" data-end=\"1517\">\ud83d\udce6 <strong data-start=\"1490\" data-end=\"1517\">Produktspezifikationen:<\/strong><\/h3>\n<ul data-start=\"1519\" data-end=\"1899\">\n<li data-start=\"1519\" data-end=\"1580\">\n<p data-start=\"1521\" data-end=\"1580\"><strong data-start=\"1521\" data-end=\"1533\">Material<\/strong>: 170-250 g\/m\u00b2 hochwertiges wei\u00dfes Kraft- oder Kunstdruckpapier<\/p>\n<\/li>\n<li data-start=\"1581\" data-end=\"1636\">\n<p data-start=\"1583\" data-end=\"1636\"><strong data-start=\"1583\" data-end=\"1593\">Oberfl\u00e4che<\/strong>: Matt, gl\u00e4nzend, Softtouch oder laminiert<\/p>\n<\/li>\n<li data-start=\"1637\" data-end=\"1700\">\n<p data-start=\"1639\" data-end=\"1700\"><strong data-start=\"1639\" data-end=\"1648\">Gr\u00f6\u00dfen<\/strong>: Klein \/ Mittel \/ Gro\u00df (Sondergr\u00f6\u00dfen verf\u00fcgbar)<\/p>\n<\/li>\n<li data-start=\"1701\" data-end=\"1757\">\n<p data-start=\"1703\" data-end=\"1757\"><strong data-start=\"1703\" data-end=\"1714\">Griffe<\/strong>: Baumwolle, B\u00e4nder, Papierstreifen oder Stanzteile<\/p>\n<\/li>\n<li data-start=\"1758\" data-end=\"1834\">\n<p data-start=\"1760\" data-end=\"1834\"><strong data-start=\"1760\" data-end=\"1768\">Logo<\/strong>: Individueller Druck (Folienpr\u00e4gung, Pr\u00e4gung, Siebdruck, UV, usw.)<\/p>\n<\/li>\n<li data-start=\"1835\" data-end=\"1899\">\n<p data-start=\"1837\" data-end=\"1899\"><strong data-start=\"1837\" data-end=\"1844\">MOQ<\/strong>: Flexible Mindestbetr\u00e4ge f\u00fcr Start-ups und Gro\u00dfabnehmer<\/p>\n<\/li>\n<\/ul>\n<hr data-start=\"1901\" data-end=\"1904\" \/>\n<p data-start=\"1906\" data-end=\"2044\"><strong data-start=\"1906\" data-end=\"1956\">Von au\u00dfen stilvoll, von innen professionell.<\/strong><br data-start=\"1956\" data-end=\"1959\" \/>DE-LIANG Verpackungen verwandeln Ihr Einkaufserlebnis in einen luxuri\u00f6sen Markenmoment.<\/p>\n<p data-start=\"2046\" data-end=\"2131\">\ud83d\udce9 <em data-start=\"2049\" data-end=\"2131\">Kontaktieren Sie uns f\u00fcr kundenspezifische Muster, Preisangebote und einen schnellen OEM\/ODM-Service.<\/em><\/p>","protected":false},"excerpt":{"rendered":"<p>Machen Sie Ihre Marke unvergesslich mit den individuell bedruckten Luxus-Geschenkpapiertaschen von DE-LIANG, die vom Moment des Kaufs an beeindrucken sollen. Perfekt f\u00fcr Bekleidungsboutiquen, Modemarken, Schmuckgesch\u00e4fte und gehobene Geschenkverpackungen, kombinieren diese Taschen Stil, Haltbarkeit und individuelles Branding, um Ihr Unternehmen hervorzuheben.<\/p>","protected":false},"featured_media":41878,"comment_status":"open","ping_status":"closed","template":"","meta":{"_acf_changed":false},"product_brand":[],"product_cat":[74],"product_tag":[],"class_list":{"0":"post-41877","1":"product","2":"type-product","3":"status-publish","4":"has-post-thumbnail","6":"product_cat-luxury-paper-bags","8":"first","9":"instock","10":"shipping-taxable","11":"purchasable","12":"product-type-simple"},"acf":[],"yoast_head":"<!-- This site is optimized with the Yoast SEO plugin v27.4 - https:\/\/yoast.com\/product\/yoast-seo-wordpress\/ -->\n<title>DE-LIANG Customized Print Luxury Gift Paper Shopping Bag Packaging Wholesale Paper Bags with Your Own logo for Clothing Business - DE-LIANG - jewelry,clothes,watch,beauty cosmetics<\/title>\n<meta name=\"robots\" content=\"index, follow, max-snippet:-1, max-image-preview:large, max-video-preview:-1\" \/>\n<link rel=\"canonical\" href=\"https:\/\/deliangdisplay.com\/de\/unser-produkt\/verpackung\/luxus-papiertaschen\/de-liang-masgeschneiderte-druck-luxus-geschenk-papier-einkaufstasche-verpackung-groshandel-papiertuten-mit-ihrem-eigenen-logo-fur-kleidung-geschaft\/\" \/>\n<meta property=\"og:locale\" content=\"de_DE\" \/>\n<meta property=\"og:type\" content=\"article\" \/>\n<meta property=\"og:title\" content=\"DE-LIANG Customized Print Luxury Gift Paper Shopping Bag Packaging Wholesale Paper Bags with Your Own logo for Clothing Business - DE-LIANG - jewelry,clothes,watch,beauty cosmetics\" \/>\n<meta property=\"og:description\" content=\"Make your brand unforgettable with DE-LIANG\u2019s custom-printed luxury gift paper bags \u2014 designed to impress from the moment of purchase. Perfect for clothing boutiques, fashion brands, jewelry stores, and upscale gift packaging, these bags combine style, durability, and custom branding to help your business stand out.\" \/>\n<meta property=\"og:url\" content=\"https:\/\/deliangdisplay.com\/de\/unser-produkt\/verpackung\/luxus-papiertaschen\/de-liang-masgeschneiderte-druck-luxus-geschenk-papier-einkaufstasche-verpackung-groshandel-papiertuten-mit-ihrem-eigenen-logo-fur-kleidung-geschaft\/\" \/>\n<meta property=\"og:site_name\" content=\"DE-LIANG - jewelry,clothes,watch,beauty cosmetics\" \/>\n<meta property=\"article:publisher\" content=\"https:\/\/www.facebook.com\/JaneZhang008\/\" \/>\n<meta property=\"article:modified_time\" content=\"2025-08-02T07:24:25+00:00\" \/>\n<meta property=\"og:image\" content=\"https:\/\/deliangdisplay.com\/wp-content\/uploads\/2025\/08\/1-1-17.png\" \/>\n\t<meta property=\"og:image:width\" content=\"720\" \/>\n\t<meta property=\"og:image:height\" content=\"720\" \/>\n\t<meta property=\"og:image:type\" content=\"image\/png\" \/>\n<meta name=\"twitter:card\" content=\"summary_large_image\" \/>\n<meta name=\"twitter:site\" content=\"@ly673551729\" \/>\n<meta name=\"twitter:label1\" content=\"Gesch\u00e4tzte Lesezeit\" \/>\n\t<meta name=\"twitter:data1\" content=\"2\u00a0Minuten\" \/>\n<script type=\"application\/ld+json\" class=\"yoast-schema-graph\">{\"@context\":\"https:\\\/\\\/schema.org\",\"@graph\":[{\"@type\":\"WebPage\",\"@id\":\"https:\\\/\\\/deliangdisplay.com\\\/our-product\\\/packaging\\\/luxury-paper-bags\\\/de-liang-customized-print-luxury-gift-paper-shopping-bag-packaging-wholesale-paper-bags-with-your-own-logo-for-clothing-business\\\/\",\"url\":\"https:\\\/\\\/deliangdisplay.com\\\/our-product\\\/packaging\\\/luxury-paper-bags\\\/de-liang-customized-print-luxury-gift-paper-shopping-bag-packaging-wholesale-paper-bags-with-your-own-logo-for-clothing-business\\\/\",\"name\":\"DE-LIANG Customized Print Luxury Gift Paper Shopping Bag Packaging Wholesale Paper Bags with Your Own logo for Clothing Business - DE-LIANG - jewelry,clothes,watch,beauty cosmetics\",\"isPartOf\":{\"@id\":\"https:\\\/\\\/deliangdisplay.com\\\/#website\"},\"primaryImageOfPage\":{\"@id\":\"https:\\\/\\\/deliangdisplay.com\\\/our-product\\\/packaging\\\/luxury-paper-bags\\\/de-liang-customized-print-luxury-gift-paper-shopping-bag-packaging-wholesale-paper-bags-with-your-own-logo-for-clothing-business\\\/#primaryimage\"},\"image\":{\"@id\":\"https:\\\/\\\/deliangdisplay.com\\\/our-product\\\/packaging\\\/luxury-paper-bags\\\/de-liang-customized-print-luxury-gift-paper-shopping-bag-packaging-wholesale-paper-bags-with-your-own-logo-for-clothing-business\\\/#primaryimage\"},\"thumbnailUrl\":\"https:\\\/\\\/deliangdisplay.com\\\/wp-content\\\/uploads\\\/2025\\\/08\\\/1-1-17.png\",\"datePublished\":\"2025-08-02T07:24:24+00:00\",\"dateModified\":\"2025-08-02T07:24:25+00:00\",\"breadcrumb\":{\"@id\":\"https:\\\/\\\/deliangdisplay.com\\\/our-product\\\/packaging\\\/luxury-paper-bags\\\/de-liang-customized-print-luxury-gift-paper-shopping-bag-packaging-wholesale-paper-bags-with-your-own-logo-for-clothing-business\\\/#breadcrumb\"},\"inLanguage\":\"de\",\"potentialAction\":[{\"@type\":\"ReadAction\",\"target\":[\"https:\\\/\\\/deliangdisplay.com\\\/our-product\\\/packaging\\\/luxury-paper-bags\\\/de-liang-customized-print-luxury-gift-paper-shopping-bag-packaging-wholesale-paper-bags-with-your-own-logo-for-clothing-business\\\/\"]}]},{\"@type\":\"ImageObject\",\"inLanguage\":\"de\",\"@id\":\"https:\\\/\\\/deliangdisplay.com\\\/our-product\\\/packaging\\\/luxury-paper-bags\\\/de-liang-customized-print-luxury-gift-paper-shopping-bag-packaging-wholesale-paper-bags-with-your-own-logo-for-clothing-business\\\/#primaryimage\",\"url\":\"https:\\\/\\\/deliangdisplay.com\\\/wp-content\\\/uploads\\\/2025\\\/08\\\/1-1-17.png\",\"contentUrl\":\"https:\\\/\\\/deliangdisplay.com\\\/wp-content\\\/uploads\\\/2025\\\/08\\\/1-1-17.png\",\"width\":720,\"height\":720},{\"@type\":\"BreadcrumbList\",\"@id\":\"https:\\\/\\\/deliangdisplay.com\\\/our-product\\\/packaging\\\/luxury-paper-bags\\\/de-liang-customized-print-luxury-gift-paper-shopping-bag-packaging-wholesale-paper-bags-with-your-own-logo-for-clothing-business\\\/#breadcrumb\",\"itemListElement\":[{\"@type\":\"ListItem\",\"position\":1,\"name\":\"\u9996\u9875\",\"item\":\"https:\\\/\\\/deliangdisplay.com\\\/\"},{\"@type\":\"ListItem\",\"position\":2,\"name\":\"Our Product\",\"item\":\"https:\\\/\\\/deliangdisplay.com\\\/our-product\\\/\"},{\"@type\":\"ListItem\",\"position\":3,\"name\":\"DE-LIANG Customized Print Luxury Gift Paper Shopping Bag Packaging Wholesale Paper Bags with Your Own logo for Clothing Business\"}]},{\"@type\":\"WebSite\",\"@id\":\"https:\\\/\\\/deliangdisplay.com\\\/#website\",\"url\":\"https:\\\/\\\/deliangdisplay.com\\\/\",\"name\":\"deliangdisplay.com\",\"description\":\"DE-LIANG - Providing bespoke packaging solutions and luxurious display design services for brands in jewelry, apparel, watches, beauty cosmetics, and more.\",\"publisher\":{\"@id\":\"https:\\\/\\\/deliangdisplay.com\\\/#organization\"},\"potentialAction\":[{\"@type\":\"SearchAction\",\"target\":{\"@type\":\"EntryPoint\",\"urlTemplate\":\"https:\\\/\\\/deliangdisplay.com\\\/?s={search_term_string}\"},\"query-input\":{\"@type\":\"PropertyValueSpecification\",\"valueRequired\":true,\"valueName\":\"search_term_string\"}}],\"inLanguage\":\"de\"},{\"@type\":\"Organization\",\"@id\":\"https:\\\/\\\/deliangdisplay.com\\\/#organization\",\"name\":\"deliangdisplay.com\",\"url\":\"https:\\\/\\\/deliangdisplay.com\\\/\",\"logo\":{\"@type\":\"ImageObject\",\"inLanguage\":\"de\",\"@id\":\"https:\\\/\\\/deliangdisplay.com\\\/#\\\/schema\\\/logo\\\/image\\\/\",\"url\":\"https:\\\/\\\/deliangdisplay.com\\\/wp-content\\\/uploads\\\/2025\\\/08\\\/DELIANGDISPALY_logo.png\",\"contentUrl\":\"https:\\\/\\\/deliangdisplay.com\\\/wp-content\\\/uploads\\\/2025\\\/08\\\/DELIANGDISPALY_logo.png\",\"width\":300,\"height\":130,\"caption\":\"deliangdisplay.com\"},\"image\":{\"@id\":\"https:\\\/\\\/deliangdisplay.com\\\/#\\\/schema\\\/logo\\\/image\\\/\"},\"sameAs\":[\"https:\\\/\\\/www.facebook.com\\\/JaneZhang008\\\/\",\"https:\\\/\\\/x.com\\\/ly673551729\"]}]}<\/script>\n<!-- \/ Yoast SEO plugin. -->","yoast_head_json":{"title":"DE-LIANG Customized Print Luxus Geschenk Papier Einkaufstasche Verpackung Gro\u00dfhandel Papiert\u00fcten mit Ihrem eigenen Logo f\u00fcr Kleidung Business - DE-LIANG - Schmuck, Kleidung, Uhr, Sch\u00f6nheit Kosmetik","robots":{"index":"index","follow":"follow","max-snippet":"max-snippet:-1","max-image-preview":"max-image-preview:large","max-video-preview":"max-video-preview:-1"},"canonical":"https:\/\/deliangdisplay.com\/de\/unser-produkt\/verpackung\/luxus-papiertaschen\/de-liang-masgeschneiderte-druck-luxus-geschenk-papier-einkaufstasche-verpackung-groshandel-papiertuten-mit-ihrem-eigenen-logo-fur-kleidung-geschaft\/","og_locale":"de_DE","og_type":"article","og_title":"DE-LIANG Customized Print Luxury Gift Paper Shopping Bag Packaging Wholesale Paper Bags with Your Own logo for Clothing Business - DE-LIANG - jewelry,clothes,watch,beauty cosmetics","og_description":"Make your brand unforgettable with DE-LIANG\u2019s custom-printed luxury gift paper bags \u2014 designed to impress from the moment of purchase. Perfect for clothing boutiques, fashion brands, jewelry stores, and upscale gift packaging, these bags combine style, durability, and custom branding to help your business stand out.","og_url":"https:\/\/deliangdisplay.com\/de\/unser-produkt\/verpackung\/luxus-papiertaschen\/de-liang-masgeschneiderte-druck-luxus-geschenk-papier-einkaufstasche-verpackung-groshandel-papiertuten-mit-ihrem-eigenen-logo-fur-kleidung-geschaft\/","og_site_name":"DE-LIANG - jewelry,clothes,watch,beauty cosmetics","article_publisher":"https:\/\/www.facebook.com\/JaneZhang008\/","article_modified_time":"2025-08-02T07:24:25+00:00","og_image":[{"width":720,"height":720,"url":"https:\/\/deliangdisplay.com\/wp-content\/uploads\/2025\/08\/1-1-17.png","type":"image\/png"}],"twitter_card":"summary_large_image","twitter_site":"@ly673551729","twitter_misc":{"Gesch\u00e4tzte Lesezeit":"2\u00a0Minuten"},"schema":{"@context":"https:\/\/schema.org","@graph":[{"@type":"WebPage","@id":"https:\/\/deliangdisplay.com\/our-product\/packaging\/luxury-paper-bags\/de-liang-customized-print-luxury-gift-paper-shopping-bag-packaging-wholesale-paper-bags-with-your-own-logo-for-clothing-business\/","url":"https:\/\/deliangdisplay.com\/our-product\/packaging\/luxury-paper-bags\/de-liang-customized-print-luxury-gift-paper-shopping-bag-packaging-wholesale-paper-bags-with-your-own-logo-for-clothing-business\/","name":"DE-LIANG Customized Print Luxus Geschenk Papier Einkaufstasche Verpackung Gro\u00dfhandel Papiert\u00fcten mit Ihrem eigenen Logo f\u00fcr Kleidung Business - DE-LIANG - Schmuck, Kleidung, Uhr, Sch\u00f6nheit Kosmetik","isPartOf":{"@id":"https:\/\/deliangdisplay.com\/#website"},"primaryImageOfPage":{"@id":"https:\/\/deliangdisplay.com\/our-product\/packaging\/luxury-paper-bags\/de-liang-customized-print-luxury-gift-paper-shopping-bag-packaging-wholesale-paper-bags-with-your-own-logo-for-clothing-business\/#primaryimage"},"image":{"@id":"https:\/\/deliangdisplay.com\/our-product\/packaging\/luxury-paper-bags\/de-liang-customized-print-luxury-gift-paper-shopping-bag-packaging-wholesale-paper-bags-with-your-own-logo-for-clothing-business\/#primaryimage"},"thumbnailUrl":"https:\/\/deliangdisplay.com\/wp-content\/uploads\/2025\/08\/1-1-17.png","datePublished":"2025-08-02T07:24:24+00:00","dateModified":"2025-08-02T07:24:25+00:00","breadcrumb":{"@id":"https:\/\/deliangdisplay.com\/our-product\/packaging\/luxury-paper-bags\/de-liang-customized-print-luxury-gift-paper-shopping-bag-packaging-wholesale-paper-bags-with-your-own-logo-for-clothing-business\/#breadcrumb"},"inLanguage":"de","potentialAction":[{"@type":"ReadAction","target":["https:\/\/deliangdisplay.com\/our-product\/packaging\/luxury-paper-bags\/de-liang-customized-print-luxury-gift-paper-shopping-bag-packaging-wholesale-paper-bags-with-your-own-logo-for-clothing-business\/"]}]},{"@type":"ImageObject","inLanguage":"de","@id":"https:\/\/deliangdisplay.com\/our-product\/packaging\/luxury-paper-bags\/de-liang-customized-print-luxury-gift-paper-shopping-bag-packaging-wholesale-paper-bags-with-your-own-logo-for-clothing-business\/#primaryimage","url":"https:\/\/deliangdisplay.com\/wp-content\/uploads\/2025\/08\/1-1-17.png","contentUrl":"https:\/\/deliangdisplay.com\/wp-content\/uploads\/2025\/08\/1-1-17.png","width":720,"height":720},{"@type":"BreadcrumbList","@id":"https:\/\/deliangdisplay.com\/our-product\/packaging\/luxury-paper-bags\/de-liang-customized-print-luxury-gift-paper-shopping-bag-packaging-wholesale-paper-bags-with-your-own-logo-for-clothing-business\/#breadcrumb","itemListElement":[{"@type":"ListItem","position":1,"name":"\u9996\u9875","item":"https:\/\/deliangdisplay.com\/"},{"@type":"ListItem","position":2,"name":"Our Product","item":"https:\/\/deliangdisplay.com\/our-product\/"},{"@type":"ListItem","position":3,"name":"DE-LIANG Customized Print Luxury Gift Paper Shopping Bag Packaging Wholesale Paper Bags with Your Own logo for Clothing Business"}]},{"@type":"WebSite","@id":"https:\/\/deliangdisplay.com\/#website","url":"https:\/\/deliangdisplay.com\/","name":"deliangdisplay.com","description":"DE-LIANG - Ma\u00dfgeschneiderte Verpackungsl\u00f6sungen und luxuri\u00f6ses Display-Design f\u00fcr Marken aus der Schmuck-, Bekleidungs-, Uhren- und Kosmetikbranche und mehr.","publisher":{"@id":"https:\/\/deliangdisplay.com\/#organization"},"potentialAction":[{"@type":"SearchAction","target":{"@type":"EntryPoint","urlTemplate":"https:\/\/deliangdisplay.com\/?s={search_term_string}"},"query-input":{"@type":"PropertyValueSpecification","valueRequired":true,"valueName":"search_term_string"}}],"inLanguage":"de"},{"@type":"Organization","@id":"https:\/\/deliangdisplay.com\/#organization","name":"deliangdisplay.com","url":"https:\/\/deliangdisplay.com\/","logo":{"@type":"ImageObject","inLanguage":"de","@id":"https:\/\/deliangdisplay.com\/#\/schema\/logo\/image\/","url":"https:\/\/deliangdisplay.com\/wp-content\/uploads\/2025\/08\/DELIANGDISPALY_logo.png","contentUrl":"https:\/\/deliangdisplay.com\/wp-content\/uploads\/2025\/08\/DELIANGDISPALY_logo.png","width":300,"height":130,"caption":"deliangdisplay.com"},"image":{"@id":"https:\/\/deliangdisplay.com\/#\/schema\/logo\/image\/"},"sameAs":["https:\/\/www.facebook.com\/JaneZhang008\/","https:\/\/x.com\/ly673551729"]}]}},"_links":{"self":[{"href":"https:\/\/deliangdisplay.com\/de\/wp-json\/wp\/v2\/product\/41877","targetHints":{"allow":["GET"]}}],"collection":[{"href":"https:\/\/deliangdisplay.com\/de\/wp-json\/wp\/v2\/product"}],"about":[{"href":"https:\/\/deliangdisplay.com\/de\/wp-json\/wp\/v2\/types\/product"}],"replies":[{"embeddable":true,"href":"https:\/\/deliangdisplay.com\/de\/wp-json\/wp\/v2\/comments?post=41877"}],"wp:featuredmedia":[{"embeddable":true,"href":"https:\/\/deliangdisplay.com\/de\/wp-json\/wp\/v2\/media\/41878"}],"wp:attachment":[{"href":"https:\/\/deliangdisplay.com\/de\/wp-json\/wp\/v2\/media?parent=41877"}],"wp:term":[{"taxonomy":"product_brand","embeddable":true,"href":"https:\/\/deliangdisplay.com\/de\/wp-json\/wp\/v2\/product_brand?post=41877"},{"taxonomy":"product_cat","embeddable":true,"href":"https:\/\/deliangdisplay.com\/de\/wp-json\/wp\/v2\/product_cat?post=41877"},{"taxonomy":"product_tag","embeddable":true,"href":"https:\/\/deliangdisplay.com\/de\/wp-json\/wp\/v2\/product_tag?post=41877"}],"curies":[{"name":"wp","href":"https:\/\/api.w.org\/{rel}","templated":true}]}}