{"id":41870,"date":"2025-08-02T15:16:28","date_gmt":"2025-08-02T07:16:28","guid":{"rendered":"https:\/\/deliangdisplay.com\/?post_type=product&#038;p=41870"},"modified":"2025-08-02T15:16:28","modified_gmt":"2025-08-02T07:16:28","slug":"de-liang-luxus-weis-handwerk-papier-taschen-modisch-bedruckt-benutzerdefinierte-logo-kleidung-einkaufen-geschenk-anpassbar-luxus-verpackung","status":"publish","type":"product","link":"https:\/\/deliangdisplay.com\/de\/unser-produkt\/verpackung\/luxus-papiertaschen\/de-liang-luxus-weis-handwerk-papier-taschen-modisch-bedruckt-benutzerdefinierte-logo-kleidung-einkaufen-geschenk-anpassbar-luxus-verpackung\/","title":{"rendered":"DE-LIANG Luxus wei\u00df Handwerk Papiert\u00fcten Modische gedruckt benutzerdefinierte Logo Kleidung Einkaufen Geschenk Anpassbare Luxus-Verpackungen"},"content":{"rendered":"<ul data-start=\"612\" data-end=\"1470\">\n<li data-start=\"612\" data-end=\"769\">\n<p data-start=\"614\" data-end=\"769\"><strong>Wei\u00dfes Premium-Kraftpapier<\/strong>: Hergestellt aus dickem, umweltfreundlichem Kraftpapier mit glatter, matter oder gl\u00e4nzender Oberfl\u00e4che, die sowohl St\u00e4rke als auch Raffinesse bietet.<\/p>\n<\/li>\n<li data-start=\"770\" data-end=\"914\">\n<p data-start=\"772\" data-end=\"914\"><strong data-start=\"772\" data-end=\"796\">Kundenspezifischer Logodruck<\/strong>: F\u00fcgen Sie Ihren Markennamen, Ihr Logo, Ihren Slogan oder Ihren Folienstempel hinzu, um eine einpr\u00e4gsame, professionelle Verpackung zu schaffen, die f\u00fcr Luxus steht.<\/p>\n<\/li>\n<li data-start=\"915\" data-end=\"1054\">\n<p data-start=\"917\" data-end=\"1054\"><strong data-start=\"917\" data-end=\"952\">Griffe aus Baumwolle oder B\u00e4ndern<\/strong>: Bequem und langlebig, entwickelt, um Kleidungsst\u00fccke, Geschenke oder Accessoires mit Leichtigkeit und Eleganz zu tragen.<\/p>\n<\/li>\n<li data-start=\"1055\" data-end=\"1200\">\n<p data-start=\"1057\" data-end=\"1200\"><strong data-start=\"1057\" data-end=\"1087\">Modische Designoptionen<\/strong>: Erh\u00e4ltlich in verschiedenen Gr\u00f6\u00dfen, Griffarten und Druckstilen - von minimalistisch-modern bis hin zu gewagt und stilvoll.<\/p>\n<\/li>\n<li data-start=\"1201\" data-end=\"1345\">\n<p data-start=\"1203\" data-end=\"1345\">Mehrzweckeinsatz: Ideal f\u00fcr Bekleidungsverpackungen, Einkaufstaschen im Einzelhandel, Geschenkverpackungen, Veranstaltungen, Messen und Online-Bestellungen.<\/p>\n<\/li>\n<li data-start=\"1346\" data-end=\"1470\">\n<p data-start=\"1348\" data-end=\"1470\"><strong data-start=\"1348\" data-end=\"1375\">Umweltfreundlich &amp; wiederverwendbar<\/strong>: Sie wurden entwickelt, um Abfall zu reduzieren und die Wiederverwendbarkeit zu verbessern und Ihre Marke mit nachhaltigen Werten in Einklang zu bringen.<\/p>\n<\/li>\n<\/ul>\n<h3 data-start=\"1472\" data-end=\"1506\">\ud83d\udce6 <strong data-start=\"1479\" data-end=\"1506\">Produktspezifikationen:<\/strong><\/h3>\n<ul data-start=\"1508\" data-end=\"1898\">\n<li data-start=\"1508\" data-end=\"1564\">\n<p data-start=\"1510\" data-end=\"1564\"><strong data-start=\"1510\" data-end=\"1522\">Material<\/strong>: Hochwertiges wei\u00dfes Kraftpapier (recycelbar)<\/p>\n<\/li>\n<li data-start=\"1565\" data-end=\"1633\">\n<p data-start=\"1567\" data-end=\"1633\"><strong data-start=\"1567\" data-end=\"1583\">Grifftypen<\/strong>: Baumwollseil, Band, gedrehtes Papier oder gestanzt<\/p>\n<\/li>\n<li data-start=\"1634\" data-end=\"1709\">\n<p data-start=\"1636\" data-end=\"1709\"><strong data-start=\"1636\" data-end=\"1658\">Logo-Anpassung<\/strong>: Folienpr\u00e4gung, Pr\u00e4gung, UV, Siebdruck, usw.<\/p>\n<\/li>\n<li data-start=\"1710\" data-end=\"1760\">\n<p data-start=\"1712\" data-end=\"1760\"><strong data-start=\"1712\" data-end=\"1730\">Ausf\u00fchrungsoptionen<\/strong>: Matt \/ Gl\u00e4nzend \/ Laminiert<\/p>\n<\/li>\n<li data-start=\"1761\" data-end=\"1824\">\n<p data-start=\"1763\" data-end=\"1824\"><strong data-start=\"1763\" data-end=\"1772\">Gr\u00f6\u00dfen<\/strong>: Klein \/ Mittel \/ Gro\u00df (Sondergr\u00f6\u00dfen verf\u00fcgbar)<\/p>\n<\/li>\n<li data-start=\"1825\" data-end=\"1898\">\n<p data-start=\"1827\" data-end=\"1898\"><strong data-start=\"1827\" data-end=\"1834\">MOQ<\/strong>: Niedrige Mindestbetr\u00e4ge f\u00fcr kleine Unternehmen, gro\u00dfe Mengen f\u00fcr Markenunternehmen verf\u00fcgbar<\/p>\n<\/li>\n<\/ul>\n<hr data-start=\"1900\" data-end=\"1903\" \/>\n<p data-start=\"1905\" data-end=\"2028\"><strong data-start=\"1905\" data-end=\"1942\">Denn der erste Eindruck z\u00e4hlt.<\/strong><br data-start=\"1942\" data-end=\"1945\" \/>Mit DE-LIANG Luxus-Papiertaschen wird Ihre Verpackung Teil der Geschichte Ihrer Marke.<\/p>\n<p data-start=\"2030\" data-end=\"2099\">\ud83d\udce9 <em data-start=\"2033\" data-end=\"2099\">Kontaktieren Sie uns f\u00fcr kostenlose Muster, Logo-Muster und OEM\/ODM-Unterst\u00fctzung.<\/em><\/p>","protected":false},"excerpt":{"rendered":"<p>Pr\u00e4sentieren Sie Ihre Produkte mit den luxuri\u00f6sen wei\u00dfen Kraftpapier-Einkaufstaschen von DE-LIANG, die f\u00fcr hochwertige Bekleidungsboutiquen, Juweliergesch\u00e4fte, Geschenkel\u00e4den und Premium-Markenverpackungen entwickelt wurden. Mit dem anpassbaren Logodruck und der eleganten Konstruktion verwandeln diese Papiertaschen jeden Kundeneinkauf in ein luxuri\u00f6ses Markenerlebnis.<\/p>","protected":false},"featured_media":41871,"comment_status":"open","ping_status":"closed","template":"","meta":{"_acf_changed":false},"product_brand":[],"product_cat":[74],"product_tag":[],"class_list":{"0":"post-41870","1":"product","2":"type-product","3":"status-publish","4":"has-post-thumbnail","6":"product_cat-luxury-paper-bags","8":"first","9":"instock","10":"shipping-taxable","11":"purchasable","12":"product-type-simple"},"acf":[],"yoast_head":"<!-- This site is optimized with the Yoast SEO plugin v27.4 - https:\/\/yoast.com\/product\/yoast-seo-wordpress\/ -->\n<title>DE-LIANG Luxury White Craft Paper Bags Fashionable Printed Custom Logo Clothing Shopping Gift Customizable Luxury Packaging - DE-LIANG - jewelry,clothes,watch,beauty cosmetics<\/title>\n<meta name=\"robots\" content=\"index, follow, max-snippet:-1, max-image-preview:large, max-video-preview:-1\" \/>\n<link rel=\"canonical\" href=\"https:\/\/deliangdisplay.com\/de\/unser-produkt\/verpackung\/luxus-papiertaschen\/de-liang-luxus-weis-handwerk-papier-taschen-modisch-bedruckt-benutzerdefinierte-logo-kleidung-einkaufen-geschenk-anpassbar-luxus-verpackung\/\" \/>\n<meta property=\"og:locale\" content=\"de_DE\" \/>\n<meta property=\"og:type\" content=\"article\" \/>\n<meta property=\"og:title\" content=\"DE-LIANG Luxury White Craft Paper Bags Fashionable Printed Custom Logo Clothing Shopping Gift Customizable Luxury Packaging - DE-LIANG - jewelry,clothes,watch,beauty cosmetics\" \/>\n<meta property=\"og:description\" content=\"Present your products with distinction using DE-LIANG\u2019s luxury white kraft paper shopping bags \u2014 thoughtfully designed for high-end clothing boutiques, jewelry stores, gift shops, and premium brand packaging. With customizable logo printing and elegant construction, these paper bags turn every customer purchase into a branded luxury experience.\" \/>\n<meta property=\"og:url\" content=\"https:\/\/deliangdisplay.com\/de\/unser-produkt\/verpackung\/luxus-papiertaschen\/de-liang-luxus-weis-handwerk-papier-taschen-modisch-bedruckt-benutzerdefinierte-logo-kleidung-einkaufen-geschenk-anpassbar-luxus-verpackung\/\" \/>\n<meta property=\"og:site_name\" content=\"DE-LIANG - jewelry,clothes,watch,beauty cosmetics\" \/>\n<meta property=\"article:publisher\" content=\"https:\/\/www.facebook.com\/JaneZhang008\/\" \/>\n<meta property=\"og:image\" content=\"https:\/\/deliangdisplay.com\/wp-content\/uploads\/2025\/08\/1-7.png\" \/>\n\t<meta property=\"og:image:width\" content=\"720\" \/>\n\t<meta property=\"og:image:height\" content=\"720\" \/>\n\t<meta property=\"og:image:type\" content=\"image\/png\" \/>\n<meta name=\"twitter:card\" content=\"summary_large_image\" \/>\n<meta name=\"twitter:site\" content=\"@ly673551729\" \/>\n<meta name=\"twitter:label1\" content=\"Gesch\u00e4tzte Lesezeit\" \/>\n\t<meta name=\"twitter:data1\" content=\"2\u00a0Minuten\" \/>\n<script type=\"application\/ld+json\" class=\"yoast-schema-graph\">{\"@context\":\"https:\\\/\\\/schema.org\",\"@graph\":[{\"@type\":\"WebPage\",\"@id\":\"https:\\\/\\\/deliangdisplay.com\\\/our-product\\\/packaging\\\/luxury-paper-bags\\\/de-liang-luxury-white-craft-paper-bags-fashionable-printed-custom-logo-clothing-shopping-gift-customizable-luxury-packaging\\\/\",\"url\":\"https:\\\/\\\/deliangdisplay.com\\\/our-product\\\/packaging\\\/luxury-paper-bags\\\/de-liang-luxury-white-craft-paper-bags-fashionable-printed-custom-logo-clothing-shopping-gift-customizable-luxury-packaging\\\/\",\"name\":\"DE-LIANG Luxury White Craft Paper Bags Fashionable Printed Custom Logo Clothing Shopping Gift Customizable Luxury Packaging - DE-LIANG - jewelry,clothes,watch,beauty cosmetics\",\"isPartOf\":{\"@id\":\"https:\\\/\\\/deliangdisplay.com\\\/#website\"},\"primaryImageOfPage\":{\"@id\":\"https:\\\/\\\/deliangdisplay.com\\\/our-product\\\/packaging\\\/luxury-paper-bags\\\/de-liang-luxury-white-craft-paper-bags-fashionable-printed-custom-logo-clothing-shopping-gift-customizable-luxury-packaging\\\/#primaryimage\"},\"image\":{\"@id\":\"https:\\\/\\\/deliangdisplay.com\\\/our-product\\\/packaging\\\/luxury-paper-bags\\\/de-liang-luxury-white-craft-paper-bags-fashionable-printed-custom-logo-clothing-shopping-gift-customizable-luxury-packaging\\\/#primaryimage\"},\"thumbnailUrl\":\"https:\\\/\\\/deliangdisplay.com\\\/wp-content\\\/uploads\\\/2025\\\/08\\\/1-7.png\",\"datePublished\":\"2025-08-02T07:16:28+00:00\",\"breadcrumb\":{\"@id\":\"https:\\\/\\\/deliangdisplay.com\\\/our-product\\\/packaging\\\/luxury-paper-bags\\\/de-liang-luxury-white-craft-paper-bags-fashionable-printed-custom-logo-clothing-shopping-gift-customizable-luxury-packaging\\\/#breadcrumb\"},\"inLanguage\":\"de\",\"potentialAction\":[{\"@type\":\"ReadAction\",\"target\":[\"https:\\\/\\\/deliangdisplay.com\\\/our-product\\\/packaging\\\/luxury-paper-bags\\\/de-liang-luxury-white-craft-paper-bags-fashionable-printed-custom-logo-clothing-shopping-gift-customizable-luxury-packaging\\\/\"]}]},{\"@type\":\"ImageObject\",\"inLanguage\":\"de\",\"@id\":\"https:\\\/\\\/deliangdisplay.com\\\/our-product\\\/packaging\\\/luxury-paper-bags\\\/de-liang-luxury-white-craft-paper-bags-fashionable-printed-custom-logo-clothing-shopping-gift-customizable-luxury-packaging\\\/#primaryimage\",\"url\":\"https:\\\/\\\/deliangdisplay.com\\\/wp-content\\\/uploads\\\/2025\\\/08\\\/1-7.png\",\"contentUrl\":\"https:\\\/\\\/deliangdisplay.com\\\/wp-content\\\/uploads\\\/2025\\\/08\\\/1-7.png\",\"width\":720,\"height\":720},{\"@type\":\"BreadcrumbList\",\"@id\":\"https:\\\/\\\/deliangdisplay.com\\\/our-product\\\/packaging\\\/luxury-paper-bags\\\/de-liang-luxury-white-craft-paper-bags-fashionable-printed-custom-logo-clothing-shopping-gift-customizable-luxury-packaging\\\/#breadcrumb\",\"itemListElement\":[{\"@type\":\"ListItem\",\"position\":1,\"name\":\"\u9996\u9875\",\"item\":\"https:\\\/\\\/deliangdisplay.com\\\/\"},{\"@type\":\"ListItem\",\"position\":2,\"name\":\"Our Product\",\"item\":\"https:\\\/\\\/deliangdisplay.com\\\/our-product\\\/\"},{\"@type\":\"ListItem\",\"position\":3,\"name\":\"DE-LIANG Luxury White Craft Paper Bags Fashionable Printed Custom Logo Clothing Shopping Gift Customizable Luxury Packaging\"}]},{\"@type\":\"WebSite\",\"@id\":\"https:\\\/\\\/deliangdisplay.com\\\/#website\",\"url\":\"https:\\\/\\\/deliangdisplay.com\\\/\",\"name\":\"deliangdisplay.com\",\"description\":\"DE-LIANG - Providing bespoke packaging solutions and luxurious display design services for brands in jewelry, apparel, watches, beauty cosmetics, and more.\",\"publisher\":{\"@id\":\"https:\\\/\\\/deliangdisplay.com\\\/#organization\"},\"potentialAction\":[{\"@type\":\"SearchAction\",\"target\":{\"@type\":\"EntryPoint\",\"urlTemplate\":\"https:\\\/\\\/deliangdisplay.com\\\/?s={search_term_string}\"},\"query-input\":{\"@type\":\"PropertyValueSpecification\",\"valueRequired\":true,\"valueName\":\"search_term_string\"}}],\"inLanguage\":\"de\"},{\"@type\":\"Organization\",\"@id\":\"https:\\\/\\\/deliangdisplay.com\\\/#organization\",\"name\":\"deliangdisplay.com\",\"url\":\"https:\\\/\\\/deliangdisplay.com\\\/\",\"logo\":{\"@type\":\"ImageObject\",\"inLanguage\":\"de\",\"@id\":\"https:\\\/\\\/deliangdisplay.com\\\/#\\\/schema\\\/logo\\\/image\\\/\",\"url\":\"https:\\\/\\\/deliangdisplay.com\\\/wp-content\\\/uploads\\\/2025\\\/08\\\/DELIANGDISPALY_logo.png\",\"contentUrl\":\"https:\\\/\\\/deliangdisplay.com\\\/wp-content\\\/uploads\\\/2025\\\/08\\\/DELIANGDISPALY_logo.png\",\"width\":300,\"height\":130,\"caption\":\"deliangdisplay.com\"},\"image\":{\"@id\":\"https:\\\/\\\/deliangdisplay.com\\\/#\\\/schema\\\/logo\\\/image\\\/\"},\"sameAs\":[\"https:\\\/\\\/www.facebook.com\\\/JaneZhang008\\\/\",\"https:\\\/\\\/x.com\\\/ly673551729\"]}]}<\/script>\n<!-- \/ Yoast SEO plugin. -->","yoast_head_json":{"title":"DE-LIANG Luxury White Craft Paper Bags Fashionable Printed Custom Logo Clothing Shopping Gift Customizable Luxury Packaging - DE-LIANG - jewelry,clothes,watch,beauty cosmetics","robots":{"index":"index","follow":"follow","max-snippet":"max-snippet:-1","max-image-preview":"max-image-preview:large","max-video-preview":"max-video-preview:-1"},"canonical":"https:\/\/deliangdisplay.com\/de\/unser-produkt\/verpackung\/luxus-papiertaschen\/de-liang-luxus-weis-handwerk-papier-taschen-modisch-bedruckt-benutzerdefinierte-logo-kleidung-einkaufen-geschenk-anpassbar-luxus-verpackung\/","og_locale":"de_DE","og_type":"article","og_title":"DE-LIANG Luxury White Craft Paper Bags Fashionable Printed Custom Logo Clothing Shopping Gift Customizable Luxury Packaging - DE-LIANG - jewelry,clothes,watch,beauty cosmetics","og_description":"Present your products with distinction using DE-LIANG\u2019s luxury white kraft paper shopping bags \u2014 thoughtfully designed for high-end clothing boutiques, jewelry stores, gift shops, and premium brand packaging. With customizable logo printing and elegant construction, these paper bags turn every customer purchase into a branded luxury experience.","og_url":"https:\/\/deliangdisplay.com\/de\/unser-produkt\/verpackung\/luxus-papiertaschen\/de-liang-luxus-weis-handwerk-papier-taschen-modisch-bedruckt-benutzerdefinierte-logo-kleidung-einkaufen-geschenk-anpassbar-luxus-verpackung\/","og_site_name":"DE-LIANG - jewelry,clothes,watch,beauty cosmetics","article_publisher":"https:\/\/www.facebook.com\/JaneZhang008\/","og_image":[{"width":720,"height":720,"url":"https:\/\/deliangdisplay.com\/wp-content\/uploads\/2025\/08\/1-7.png","type":"image\/png"}],"twitter_card":"summary_large_image","twitter_site":"@ly673551729","twitter_misc":{"Gesch\u00e4tzte Lesezeit":"2\u00a0Minuten"},"schema":{"@context":"https:\/\/schema.org","@graph":[{"@type":"WebPage","@id":"https:\/\/deliangdisplay.com\/our-product\/packaging\/luxury-paper-bags\/de-liang-luxury-white-craft-paper-bags-fashionable-printed-custom-logo-clothing-shopping-gift-customizable-luxury-packaging\/","url":"https:\/\/deliangdisplay.com\/our-product\/packaging\/luxury-paper-bags\/de-liang-luxury-white-craft-paper-bags-fashionable-printed-custom-logo-clothing-shopping-gift-customizable-luxury-packaging\/","name":"DE-LIANG Luxury White Craft Paper Bags Fashionable Printed Custom Logo Clothing Shopping Gift Customizable Luxury Packaging - DE-LIANG - jewelry,clothes,watch,beauty cosmetics","isPartOf":{"@id":"https:\/\/deliangdisplay.com\/#website"},"primaryImageOfPage":{"@id":"https:\/\/deliangdisplay.com\/our-product\/packaging\/luxury-paper-bags\/de-liang-luxury-white-craft-paper-bags-fashionable-printed-custom-logo-clothing-shopping-gift-customizable-luxury-packaging\/#primaryimage"},"image":{"@id":"https:\/\/deliangdisplay.com\/our-product\/packaging\/luxury-paper-bags\/de-liang-luxury-white-craft-paper-bags-fashionable-printed-custom-logo-clothing-shopping-gift-customizable-luxury-packaging\/#primaryimage"},"thumbnailUrl":"https:\/\/deliangdisplay.com\/wp-content\/uploads\/2025\/08\/1-7.png","datePublished":"2025-08-02T07:16:28+00:00","breadcrumb":{"@id":"https:\/\/deliangdisplay.com\/our-product\/packaging\/luxury-paper-bags\/de-liang-luxury-white-craft-paper-bags-fashionable-printed-custom-logo-clothing-shopping-gift-customizable-luxury-packaging\/#breadcrumb"},"inLanguage":"de","potentialAction":[{"@type":"ReadAction","target":["https:\/\/deliangdisplay.com\/our-product\/packaging\/luxury-paper-bags\/de-liang-luxury-white-craft-paper-bags-fashionable-printed-custom-logo-clothing-shopping-gift-customizable-luxury-packaging\/"]}]},{"@type":"ImageObject","inLanguage":"de","@id":"https:\/\/deliangdisplay.com\/our-product\/packaging\/luxury-paper-bags\/de-liang-luxury-white-craft-paper-bags-fashionable-printed-custom-logo-clothing-shopping-gift-customizable-luxury-packaging\/#primaryimage","url":"https:\/\/deliangdisplay.com\/wp-content\/uploads\/2025\/08\/1-7.png","contentUrl":"https:\/\/deliangdisplay.com\/wp-content\/uploads\/2025\/08\/1-7.png","width":720,"height":720},{"@type":"BreadcrumbList","@id":"https:\/\/deliangdisplay.com\/our-product\/packaging\/luxury-paper-bags\/de-liang-luxury-white-craft-paper-bags-fashionable-printed-custom-logo-clothing-shopping-gift-customizable-luxury-packaging\/#breadcrumb","itemListElement":[{"@type":"ListItem","position":1,"name":"\u9996\u9875","item":"https:\/\/deliangdisplay.com\/"},{"@type":"ListItem","position":2,"name":"Our Product","item":"https:\/\/deliangdisplay.com\/our-product\/"},{"@type":"ListItem","position":3,"name":"DE-LIANG Luxury White Craft Paper Bags Fashionable Printed Custom Logo Clothing Shopping Gift Customizable Luxury Packaging"}]},{"@type":"WebSite","@id":"https:\/\/deliangdisplay.com\/#website","url":"https:\/\/deliangdisplay.com\/","name":"deliangdisplay.com","description":"DE-LIANG - Ma\u00dfgeschneiderte Verpackungsl\u00f6sungen und luxuri\u00f6ses Display-Design f\u00fcr Marken aus der Schmuck-, Bekleidungs-, Uhren- und Kosmetikbranche und mehr.","publisher":{"@id":"https:\/\/deliangdisplay.com\/#organization"},"potentialAction":[{"@type":"SearchAction","target":{"@type":"EntryPoint","urlTemplate":"https:\/\/deliangdisplay.com\/?s={search_term_string}"},"query-input":{"@type":"PropertyValueSpecification","valueRequired":true,"valueName":"search_term_string"}}],"inLanguage":"de"},{"@type":"Organization","@id":"https:\/\/deliangdisplay.com\/#organization","name":"deliangdisplay.com","url":"https:\/\/deliangdisplay.com\/","logo":{"@type":"ImageObject","inLanguage":"de","@id":"https:\/\/deliangdisplay.com\/#\/schema\/logo\/image\/","url":"https:\/\/deliangdisplay.com\/wp-content\/uploads\/2025\/08\/DELIANGDISPALY_logo.png","contentUrl":"https:\/\/deliangdisplay.com\/wp-content\/uploads\/2025\/08\/DELIANGDISPALY_logo.png","width":300,"height":130,"caption":"deliangdisplay.com"},"image":{"@id":"https:\/\/deliangdisplay.com\/#\/schema\/logo\/image\/"},"sameAs":["https:\/\/www.facebook.com\/JaneZhang008\/","https:\/\/x.com\/ly673551729"]}]}},"_links":{"self":[{"href":"https:\/\/deliangdisplay.com\/de\/wp-json\/wp\/v2\/product\/41870","targetHints":{"allow":["GET"]}}],"collection":[{"href":"https:\/\/deliangdisplay.com\/de\/wp-json\/wp\/v2\/product"}],"about":[{"href":"https:\/\/deliangdisplay.com\/de\/wp-json\/wp\/v2\/types\/product"}],"replies":[{"embeddable":true,"href":"https:\/\/deliangdisplay.com\/de\/wp-json\/wp\/v2\/comments?post=41870"}],"wp:featuredmedia":[{"embeddable":true,"href":"https:\/\/deliangdisplay.com\/de\/wp-json\/wp\/v2\/media\/41871"}],"wp:attachment":[{"href":"https:\/\/deliangdisplay.com\/de\/wp-json\/wp\/v2\/media?parent=41870"}],"wp:term":[{"taxonomy":"product_brand","embeddable":true,"href":"https:\/\/deliangdisplay.com\/de\/wp-json\/wp\/v2\/product_brand?post=41870"},{"taxonomy":"product_cat","embeddable":true,"href":"https:\/\/deliangdisplay.com\/de\/wp-json\/wp\/v2\/product_cat?post=41870"},{"taxonomy":"product_tag","embeddable":true,"href":"https:\/\/deliangdisplay.com\/de\/wp-json\/wp\/v2\/product_tag?post=41870"}],"curies":[{"name":"wp","href":"https:\/\/api.w.org\/{rel}","templated":true}]}}