{"id":41716,"date":"2025-08-01T16:52:33","date_gmt":"2025-08-01T08:52:33","guid":{"rendered":"https:\/\/deliangdisplay.com\/?post_type=product&#038;p=41716"},"modified":"2025-08-01T16:57:06","modified_gmt":"2025-08-01T08:57:06","slug":"de-liang-luxus-schmuck-aufbewahrungsboxreiseschmuckkastchen-kleines-schmuckkastchen-tragbarer-schmuck-reiseveranstalter-display-aufbewahrungsbox-fur-ringe-ohrring-halskette-armband-geschenk-fur-frauen","status":"publish","type":"product","link":"https:\/\/deliangdisplay.com\/de\/unser-produkt\/verpackung\/schmuckkastchen-verpackung\/de-liang-luxus-schmuck-aufbewahrungsboxreiseschmuckkastchen-kleines-schmuckkastchen-tragbarer-schmuck-reiseveranstalter-display-aufbewahrungsbox-fur-ringe-ohrring-halskette-armband-geschenk-fur-frauen\/","title":{"rendered":"DE-LIANG Luxus Schmuck Aufbewahrungsbox, Travel Jewelry Case, Small Jewelry Box Portable Jewelry Travel Organizer Display Storage Case f\u00fcr Ringe Ohrring Halskette Armband, Geschenk f\u00fcr Frauen, PU Leder &amp; Samt, wei\u00df"},"content":{"rendered":"<p>\ud83d\udc8e\u00a0<strong>Gr\u00f6\u00dfen<\/strong>:<br \/>\n1\ufe0f\u20e3Style A: 7*6.4*5.5CM (2.7*2.5*2.1inch)<br \/>\n2\ufe0f\u20e3 Stil B:10*10*3.7CM (3.9*3.9*1.4inch)<br \/>\n3\ufe0f\u20e3 Stil C:10*10*3.7CM (3.9*3.9*1.4inch)<br \/>\n4\ufe0f\u20e3 Stil D:22*6*3.2CM (8.6*2.3*1.2inch)<br \/>\n5\ufe0f\u20e3 Stil E:25*20*5CM (9.8*7.8*1.9inch)<\/p>\n<p>\ud83d\udc8e\u00a0<strong>Farbe<\/strong>: Perlwei\u00df<br \/>\n\ud83d\udc8e\u00a0<strong>Material<\/strong>: PU-Leder + Samt<br \/>\n\ud83d\udc8e\u00a0<strong>Benutzerdefiniert<\/strong>: Kann angepasst werden<\/p>\n<h3><strong>Wesentliche Merkmale<\/strong><\/h3>\n<p>\u2705\u00a0<strong data-start=\"1188\" data-end=\"1217\">Multifunktionale Aufbewahrung:<\/strong>\u00a0Durchdachte F\u00e4cher sorgen daf\u00fcr, dass Ihre Ringe, Ohrringe, Halsketten, Armb\u00e4nder und sogar kleine Uhren ordentlich und \u00fcbersichtlich aufbewahrt werden.<\/p>\n<p>\u2705\u00a0<strong data-start=\"1367\" data-end=\"1394\">Tragbar und leicht:<\/strong>\u00a0Dieser Schmuck-Organizer ist so schlank, dass er in jeden Koffer oder jede Handtasche passt und perfekt f\u00fcr das Leben unterwegs ist.<\/p>\n<p>\u2705\u00a0<strong data-start=\"1513\" data-end=\"1538\">Elegant innen und au\u00dfen:<\/strong>\u00a0Die reinwei\u00dfe Oberfl\u00e4che verleiht ihm einen modernen, luxuri\u00f6sen Touch, w\u00e4hrend die Innenausstattung aus Samt einen weichen, sch\u00fctzenden Komfort f\u00fcr Ihre wertvollsten St\u00fccke bietet.<\/p>\n<p>\u2705\u00a0<strong data-end=\"1712\" data-start=\"1686\">Ein Geschenk des Herzens:<\/strong>\u00a0Ob zum Geburtstag, zum Jubil\u00e4um, zum Muttertag, zur Hochzeit oder zu den Feiertagen - diese Schmuckschatulle ist das perfekte Geschenk f\u00fcr Frauen, die Wert auf Eleganz und Ordnung legen.<\/p>\n<p>\ud83d\udca1 Klein in der Gr\u00f6\u00dfe, gro\u00df im Charme - dies ist mehr als nur ein Schmuckk\u00e4stchen. Es ist ein Andenken, das dein Funkeln sch\u00fctzt, wo immer das Leben dich hinf\u00fchrt.<\/p>","protected":false},"excerpt":{"rendered":"<h2 class=\"\" data-start=\"241\" data-end=\"330\">\u2728 DE-LIANG Luxury Jewelry Storage Box \u2013 Elegant Travel Jewelry Case &amp; Gift for Women<\/h2>\n<p class=\"\" data-start=\"332\" data-end=\"631\">Your jewelry deserves a beautiful home \u2014 one that\u2019s just as elegant, thoughtful, and well-made as the treasures inside. Introducing the DE-LIANG Luxury Jewelry Storage Box, a small yet exquisite organizer designed to hold your rings, earrings, necklaces, bracelets, and more with care and style.<\/p>\n<p class=\"\" data-start=\"633\" data-end=\"798\">Whether you\u2019re on the go or simply keeping your favorite pieces safe at home, this portable jewelry case brings both functionality and beauty to your daily life.<\/p>","protected":false},"featured_media":41717,"comment_status":"open","ping_status":"closed","template":"","meta":{"_acf_changed":false},"product_brand":[],"product_cat":[72],"product_tag":[],"class_list":{"0":"post-41716","1":"product","2":"type-product","3":"status-publish","4":"has-post-thumbnail","6":"product_cat-jewelry-boxes-packaging","8":"first","9":"instock","10":"shipping-taxable","11":"purchasable","12":"product-type-simple"},"acf":[],"yoast_head":"<!-- This site is optimized with the Yoast SEO plugin v27.4 - https:\/\/yoast.com\/product\/yoast-seo-wordpress\/ -->\n<title>DE-LIANG Luxury Jewelry Storage Box,Travel Jewelry Case, Small Jewelry Box Portable Jewelry Travel Organizer Display Storage Case for Rings Earring Necklace Bracelet, Gift for Women,PU Leather &amp; Velvet,White - DE-LIANG - jewelry,clothes,watch,beauty cosmetics<\/title>\n<meta name=\"robots\" content=\"index, follow, max-snippet:-1, max-image-preview:large, max-video-preview:-1\" \/>\n<link rel=\"canonical\" href=\"https:\/\/deliangdisplay.com\/de\/unser-produkt\/verpackung\/schmuckkastchen-verpackung\/de-liang-luxus-schmuck-aufbewahrungsboxreiseschmuckkastchen-kleines-schmuckkastchen-tragbarer-schmuck-reiseveranstalter-display-aufbewahrungsbox-fur-ringe-ohrring-halskette-armband-geschenk-fur-frauen\/\" \/>\n<meta property=\"og:locale\" content=\"de_DE\" \/>\n<meta property=\"og:type\" content=\"article\" \/>\n<meta property=\"og:title\" content=\"DE-LIANG Luxury Jewelry Storage Box,Travel Jewelry Case, Small Jewelry Box Portable Jewelry Travel Organizer Display Storage Case for Rings Earring Necklace Bracelet, Gift for Women,PU Leather &amp; Velvet,White - DE-LIANG - jewelry,clothes,watch,beauty cosmetics\" \/>\n<meta property=\"og:description\" content=\"\u2728 DE-LIANG Luxury Jewelry Storage Box \u2013 Elegant Travel Jewelry Case &amp; Gift for Women Your jewelry deserves a beautiful home \u2014 one that\u2019s just as elegant, thoughtful, and well-made as the treasures inside. Introducing the DE-LIANG Luxury Jewelry Storage Box, a small yet exquisite organizer designed to hold your rings, earrings, necklaces, bracelets, and more with care and style. Whether you\u2019re on the go or simply keeping your favorite pieces safe at home, this portable jewelry case brings both functionality and beauty to your daily life.\" \/>\n<meta property=\"og:url\" content=\"https:\/\/deliangdisplay.com\/de\/unser-produkt\/verpackung\/schmuckkastchen-verpackung\/de-liang-luxus-schmuck-aufbewahrungsboxreiseschmuckkastchen-kleines-schmuckkastchen-tragbarer-schmuck-reiseveranstalter-display-aufbewahrungsbox-fur-ringe-ohrring-halskette-armband-geschenk-fur-frauen\/\" \/>\n<meta property=\"og:site_name\" content=\"DE-LIANG - jewelry,clothes,watch,beauty cosmetics\" \/>\n<meta property=\"article:publisher\" content=\"https:\/\/www.facebook.com\/JaneZhang008\/\" \/>\n<meta property=\"article:modified_time\" content=\"2025-08-01T08:57:06+00:00\" \/>\n<meta property=\"og:image\" content=\"https:\/\/deliangdisplay.com\/wp-content\/uploads\/2025\/08\/1-8.jpg\" \/>\n\t<meta property=\"og:image:width\" content=\"1000\" \/>\n\t<meta property=\"og:image:height\" content=\"1000\" \/>\n\t<meta property=\"og:image:type\" content=\"image\/jpeg\" \/>\n<meta name=\"twitter:card\" content=\"summary_large_image\" \/>\n<meta name=\"twitter:site\" content=\"@ly673551729\" \/>\n<meta name=\"twitter:label1\" content=\"Gesch\u00e4tzte Lesezeit\" \/>\n\t<meta name=\"twitter:data1\" content=\"1\u00a0Minute\" \/>\n<script type=\"application\/ld+json\" class=\"yoast-schema-graph\">{\"@context\":\"https:\\\/\\\/schema.org\",\"@graph\":[{\"@type\":\"WebPage\",\"@id\":\"https:\\\/\\\/deliangdisplay.com\\\/our-product\\\/packaging\\\/jewelry-boxes-packaging\\\/de-liang-luxury-jewelry-storage-boxtravel-jewelry-case-small-jewelry-box-portable-jewelry-travel-organizer-display-storage-case-for-rings-earring-necklace-bracelet-gift-for-womenpu-leather-v\\\/\",\"url\":\"https:\\\/\\\/deliangdisplay.com\\\/our-product\\\/packaging\\\/jewelry-boxes-packaging\\\/de-liang-luxury-jewelry-storage-boxtravel-jewelry-case-small-jewelry-box-portable-jewelry-travel-organizer-display-storage-case-for-rings-earring-necklace-bracelet-gift-for-womenpu-leather-v\\\/\",\"name\":\"DE-LIANG Luxury Jewelry Storage Box,Travel Jewelry Case, Small Jewelry Box Portable Jewelry Travel Organizer Display Storage Case for Rings Earring Necklace Bracelet, Gift for Women,PU Leather &amp; Velvet,White - DE-LIANG - jewelry,clothes,watch,beauty cosmetics\",\"isPartOf\":{\"@id\":\"https:\\\/\\\/deliangdisplay.com\\\/#website\"},\"primaryImageOfPage\":{\"@id\":\"https:\\\/\\\/deliangdisplay.com\\\/our-product\\\/packaging\\\/jewelry-boxes-packaging\\\/de-liang-luxury-jewelry-storage-boxtravel-jewelry-case-small-jewelry-box-portable-jewelry-travel-organizer-display-storage-case-for-rings-earring-necklace-bracelet-gift-for-womenpu-leather-v\\\/#primaryimage\"},\"image\":{\"@id\":\"https:\\\/\\\/deliangdisplay.com\\\/our-product\\\/packaging\\\/jewelry-boxes-packaging\\\/de-liang-luxury-jewelry-storage-boxtravel-jewelry-case-small-jewelry-box-portable-jewelry-travel-organizer-display-storage-case-for-rings-earring-necklace-bracelet-gift-for-womenpu-leather-v\\\/#primaryimage\"},\"thumbnailUrl\":\"https:\\\/\\\/deliangdisplay.com\\\/wp-content\\\/uploads\\\/2025\\\/08\\\/1-8.jpg\",\"datePublished\":\"2025-08-01T08:52:33+00:00\",\"dateModified\":\"2025-08-01T08:57:06+00:00\",\"breadcrumb\":{\"@id\":\"https:\\\/\\\/deliangdisplay.com\\\/our-product\\\/packaging\\\/jewelry-boxes-packaging\\\/de-liang-luxury-jewelry-storage-boxtravel-jewelry-case-small-jewelry-box-portable-jewelry-travel-organizer-display-storage-case-for-rings-earring-necklace-bracelet-gift-for-womenpu-leather-v\\\/#breadcrumb\"},\"inLanguage\":\"de\",\"potentialAction\":[{\"@type\":\"ReadAction\",\"target\":[\"https:\\\/\\\/deliangdisplay.com\\\/our-product\\\/packaging\\\/jewelry-boxes-packaging\\\/de-liang-luxury-jewelry-storage-boxtravel-jewelry-case-small-jewelry-box-portable-jewelry-travel-organizer-display-storage-case-for-rings-earring-necklace-bracelet-gift-for-womenpu-leather-v\\\/\"]}]},{\"@type\":\"ImageObject\",\"inLanguage\":\"de\",\"@id\":\"https:\\\/\\\/deliangdisplay.com\\\/our-product\\\/packaging\\\/jewelry-boxes-packaging\\\/de-liang-luxury-jewelry-storage-boxtravel-jewelry-case-small-jewelry-box-portable-jewelry-travel-organizer-display-storage-case-for-rings-earring-necklace-bracelet-gift-for-womenpu-leather-v\\\/#primaryimage\",\"url\":\"https:\\\/\\\/deliangdisplay.com\\\/wp-content\\\/uploads\\\/2025\\\/08\\\/1-8.jpg\",\"contentUrl\":\"https:\\\/\\\/deliangdisplay.com\\\/wp-content\\\/uploads\\\/2025\\\/08\\\/1-8.jpg\",\"width\":1000,\"height\":1000},{\"@type\":\"BreadcrumbList\",\"@id\":\"https:\\\/\\\/deliangdisplay.com\\\/our-product\\\/packaging\\\/jewelry-boxes-packaging\\\/de-liang-luxury-jewelry-storage-boxtravel-jewelry-case-small-jewelry-box-portable-jewelry-travel-organizer-display-storage-case-for-rings-earring-necklace-bracelet-gift-for-womenpu-leather-v\\\/#breadcrumb\",\"itemListElement\":[{\"@type\":\"ListItem\",\"position\":1,\"name\":\"\u9996\u9875\",\"item\":\"https:\\\/\\\/deliangdisplay.com\\\/\"},{\"@type\":\"ListItem\",\"position\":2,\"name\":\"Our Product\",\"item\":\"https:\\\/\\\/deliangdisplay.com\\\/our-product\\\/\"},{\"@type\":\"ListItem\",\"position\":3,\"name\":\"DE-LIANG Luxury Jewelry Storage Box,Travel Jewelry Case, Small Jewelry Box Portable Jewelry Travel Organizer Display Storage Case for Rings Earring Necklace Bracelet, Gift for Women,PU Leather &amp; Velvet,White\"}]},{\"@type\":\"WebSite\",\"@id\":\"https:\\\/\\\/deliangdisplay.com\\\/#website\",\"url\":\"https:\\\/\\\/deliangdisplay.com\\\/\",\"name\":\"deliangdisplay.com\",\"description\":\"DE-LIANG - Providing bespoke packaging solutions and luxurious display design services for brands in jewelry, apparel, watches, beauty cosmetics, and more.\",\"publisher\":{\"@id\":\"https:\\\/\\\/deliangdisplay.com\\\/#organization\"},\"potentialAction\":[{\"@type\":\"SearchAction\",\"target\":{\"@type\":\"EntryPoint\",\"urlTemplate\":\"https:\\\/\\\/deliangdisplay.com\\\/?s={search_term_string}\"},\"query-input\":{\"@type\":\"PropertyValueSpecification\",\"valueRequired\":true,\"valueName\":\"search_term_string\"}}],\"inLanguage\":\"de\"},{\"@type\":\"Organization\",\"@id\":\"https:\\\/\\\/deliangdisplay.com\\\/#organization\",\"name\":\"deliangdisplay.com\",\"url\":\"https:\\\/\\\/deliangdisplay.com\\\/\",\"logo\":{\"@type\":\"ImageObject\",\"inLanguage\":\"de\",\"@id\":\"https:\\\/\\\/deliangdisplay.com\\\/#\\\/schema\\\/logo\\\/image\\\/\",\"url\":\"https:\\\/\\\/deliangdisplay.com\\\/wp-content\\\/uploads\\\/2025\\\/08\\\/DELIANGDISPALY_logo.png\",\"contentUrl\":\"https:\\\/\\\/deliangdisplay.com\\\/wp-content\\\/uploads\\\/2025\\\/08\\\/DELIANGDISPALY_logo.png\",\"width\":300,\"height\":130,\"caption\":\"deliangdisplay.com\"},\"image\":{\"@id\":\"https:\\\/\\\/deliangdisplay.com\\\/#\\\/schema\\\/logo\\\/image\\\/\"},\"sameAs\":[\"https:\\\/\\\/www.facebook.com\\\/JaneZhang008\\\/\",\"https:\\\/\\\/x.com\\\/ly673551729\"]}]}<\/script>\n<!-- \/ Yoast SEO plugin. -->","yoast_head_json":{"title":"DE-LIANG Luxury Jewelry Storage Box,Travel Jewelry Case, Small Jewelry Box Portable Jewelry Travel Organizer Display Storage Case for Rings Earring Necklace Bracelet, Gift for Women,PU Leather &amp; Velvet,White - DE-LIANG - jewelry,clothes,watch,beauty cosmetics","robots":{"index":"index","follow":"follow","max-snippet":"max-snippet:-1","max-image-preview":"max-image-preview:large","max-video-preview":"max-video-preview:-1"},"canonical":"https:\/\/deliangdisplay.com\/de\/unser-produkt\/verpackung\/schmuckkastchen-verpackung\/de-liang-luxus-schmuck-aufbewahrungsboxreiseschmuckkastchen-kleines-schmuckkastchen-tragbarer-schmuck-reiseveranstalter-display-aufbewahrungsbox-fur-ringe-ohrring-halskette-armband-geschenk-fur-frauen\/","og_locale":"de_DE","og_type":"article","og_title":"DE-LIANG Luxury Jewelry Storage Box,Travel Jewelry Case, Small Jewelry Box Portable Jewelry Travel Organizer Display Storage Case for Rings Earring Necklace Bracelet, Gift for Women,PU Leather &amp; Velvet,White - DE-LIANG - jewelry,clothes,watch,beauty cosmetics","og_description":"\u2728 DE-LIANG Luxury Jewelry Storage Box \u2013 Elegant Travel Jewelry Case &amp; Gift for Women Your jewelry deserves a beautiful home \u2014 one that\u2019s just as elegant, thoughtful, and well-made as the treasures inside. Introducing the DE-LIANG Luxury Jewelry Storage Box, a small yet exquisite organizer designed to hold your rings, earrings, necklaces, bracelets, and more with care and style. Whether you\u2019re on the go or simply keeping your favorite pieces safe at home, this portable jewelry case brings both functionality and beauty to your daily life.","og_url":"https:\/\/deliangdisplay.com\/de\/unser-produkt\/verpackung\/schmuckkastchen-verpackung\/de-liang-luxus-schmuck-aufbewahrungsboxreiseschmuckkastchen-kleines-schmuckkastchen-tragbarer-schmuck-reiseveranstalter-display-aufbewahrungsbox-fur-ringe-ohrring-halskette-armband-geschenk-fur-frauen\/","og_site_name":"DE-LIANG - jewelry,clothes,watch,beauty cosmetics","article_publisher":"https:\/\/www.facebook.com\/JaneZhang008\/","article_modified_time":"2025-08-01T08:57:06+00:00","og_image":[{"width":1000,"height":1000,"url":"https:\/\/deliangdisplay.com\/wp-content\/uploads\/2025\/08\/1-8.jpg","type":"image\/jpeg"}],"twitter_card":"summary_large_image","twitter_site":"@ly673551729","twitter_misc":{"Gesch\u00e4tzte Lesezeit":"1\u00a0Minute"},"schema":{"@context":"https:\/\/schema.org","@graph":[{"@type":"WebPage","@id":"https:\/\/deliangdisplay.com\/our-product\/packaging\/jewelry-boxes-packaging\/de-liang-luxury-jewelry-storage-boxtravel-jewelry-case-small-jewelry-box-portable-jewelry-travel-organizer-display-storage-case-for-rings-earring-necklace-bracelet-gift-for-womenpu-leather-v\/","url":"https:\/\/deliangdisplay.com\/our-product\/packaging\/jewelry-boxes-packaging\/de-liang-luxury-jewelry-storage-boxtravel-jewelry-case-small-jewelry-box-portable-jewelry-travel-organizer-display-storage-case-for-rings-earring-necklace-bracelet-gift-for-womenpu-leather-v\/","name":"DE-LIANG Luxury Jewelry Storage Box,Travel Jewelry Case, Small Jewelry Box Portable Jewelry Travel Organizer Display Storage Case for Rings Earring Necklace Bracelet, Gift for Women,PU Leather &amp; Velvet,White - DE-LIANG - jewelry,clothes,watch,beauty cosmetics","isPartOf":{"@id":"https:\/\/deliangdisplay.com\/#website"},"primaryImageOfPage":{"@id":"https:\/\/deliangdisplay.com\/our-product\/packaging\/jewelry-boxes-packaging\/de-liang-luxury-jewelry-storage-boxtravel-jewelry-case-small-jewelry-box-portable-jewelry-travel-organizer-display-storage-case-for-rings-earring-necklace-bracelet-gift-for-womenpu-leather-v\/#primaryimage"},"image":{"@id":"https:\/\/deliangdisplay.com\/our-product\/packaging\/jewelry-boxes-packaging\/de-liang-luxury-jewelry-storage-boxtravel-jewelry-case-small-jewelry-box-portable-jewelry-travel-organizer-display-storage-case-for-rings-earring-necklace-bracelet-gift-for-womenpu-leather-v\/#primaryimage"},"thumbnailUrl":"https:\/\/deliangdisplay.com\/wp-content\/uploads\/2025\/08\/1-8.jpg","datePublished":"2025-08-01T08:52:33+00:00","dateModified":"2025-08-01T08:57:06+00:00","breadcrumb":{"@id":"https:\/\/deliangdisplay.com\/our-product\/packaging\/jewelry-boxes-packaging\/de-liang-luxury-jewelry-storage-boxtravel-jewelry-case-small-jewelry-box-portable-jewelry-travel-organizer-display-storage-case-for-rings-earring-necklace-bracelet-gift-for-womenpu-leather-v\/#breadcrumb"},"inLanguage":"de","potentialAction":[{"@type":"ReadAction","target":["https:\/\/deliangdisplay.com\/our-product\/packaging\/jewelry-boxes-packaging\/de-liang-luxury-jewelry-storage-boxtravel-jewelry-case-small-jewelry-box-portable-jewelry-travel-organizer-display-storage-case-for-rings-earring-necklace-bracelet-gift-for-womenpu-leather-v\/"]}]},{"@type":"ImageObject","inLanguage":"de","@id":"https:\/\/deliangdisplay.com\/our-product\/packaging\/jewelry-boxes-packaging\/de-liang-luxury-jewelry-storage-boxtravel-jewelry-case-small-jewelry-box-portable-jewelry-travel-organizer-display-storage-case-for-rings-earring-necklace-bracelet-gift-for-womenpu-leather-v\/#primaryimage","url":"https:\/\/deliangdisplay.com\/wp-content\/uploads\/2025\/08\/1-8.jpg","contentUrl":"https:\/\/deliangdisplay.com\/wp-content\/uploads\/2025\/08\/1-8.jpg","width":1000,"height":1000},{"@type":"BreadcrumbList","@id":"https:\/\/deliangdisplay.com\/our-product\/packaging\/jewelry-boxes-packaging\/de-liang-luxury-jewelry-storage-boxtravel-jewelry-case-small-jewelry-box-portable-jewelry-travel-organizer-display-storage-case-for-rings-earring-necklace-bracelet-gift-for-womenpu-leather-v\/#breadcrumb","itemListElement":[{"@type":"ListItem","position":1,"name":"\u9996\u9875","item":"https:\/\/deliangdisplay.com\/"},{"@type":"ListItem","position":2,"name":"Our Product","item":"https:\/\/deliangdisplay.com\/our-product\/"},{"@type":"ListItem","position":3,"name":"DE-LIANG Luxury Jewelry Storage Box,Travel Jewelry Case, Small Jewelry Box Portable Jewelry Travel Organizer Display Storage Case for Rings Earring Necklace Bracelet, Gift for Women,PU Leather &amp; Velvet,White"}]},{"@type":"WebSite","@id":"https:\/\/deliangdisplay.com\/#website","url":"https:\/\/deliangdisplay.com\/","name":"deliangdisplay.com","description":"DE-LIANG - Ma\u00dfgeschneiderte Verpackungsl\u00f6sungen und luxuri\u00f6ses Display-Design f\u00fcr Marken aus der Schmuck-, Bekleidungs-, Uhren- und Kosmetikbranche und mehr.","publisher":{"@id":"https:\/\/deliangdisplay.com\/#organization"},"potentialAction":[{"@type":"SearchAction","target":{"@type":"EntryPoint","urlTemplate":"https:\/\/deliangdisplay.com\/?s={search_term_string}"},"query-input":{"@type":"PropertyValueSpecification","valueRequired":true,"valueName":"search_term_string"}}],"inLanguage":"de"},{"@type":"Organization","@id":"https:\/\/deliangdisplay.com\/#organization","name":"deliangdisplay.com","url":"https:\/\/deliangdisplay.com\/","logo":{"@type":"ImageObject","inLanguage":"de","@id":"https:\/\/deliangdisplay.com\/#\/schema\/logo\/image\/","url":"https:\/\/deliangdisplay.com\/wp-content\/uploads\/2025\/08\/DELIANGDISPALY_logo.png","contentUrl":"https:\/\/deliangdisplay.com\/wp-content\/uploads\/2025\/08\/DELIANGDISPALY_logo.png","width":300,"height":130,"caption":"deliangdisplay.com"},"image":{"@id":"https:\/\/deliangdisplay.com\/#\/schema\/logo\/image\/"},"sameAs":["https:\/\/www.facebook.com\/JaneZhang008\/","https:\/\/x.com\/ly673551729"]}]}},"_links":{"self":[{"href":"https:\/\/deliangdisplay.com\/de\/wp-json\/wp\/v2\/product\/41716","targetHints":{"allow":["GET"]}}],"collection":[{"href":"https:\/\/deliangdisplay.com\/de\/wp-json\/wp\/v2\/product"}],"about":[{"href":"https:\/\/deliangdisplay.com\/de\/wp-json\/wp\/v2\/types\/product"}],"replies":[{"embeddable":true,"href":"https:\/\/deliangdisplay.com\/de\/wp-json\/wp\/v2\/comments?post=41716"}],"wp:featuredmedia":[{"embeddable":true,"href":"https:\/\/deliangdisplay.com\/de\/wp-json\/wp\/v2\/media\/41717"}],"wp:attachment":[{"href":"https:\/\/deliangdisplay.com\/de\/wp-json\/wp\/v2\/media?parent=41716"}],"wp:term":[{"taxonomy":"product_brand","embeddable":true,"href":"https:\/\/deliangdisplay.com\/de\/wp-json\/wp\/v2\/product_brand?post=41716"},{"taxonomy":"product_cat","embeddable":true,"href":"https:\/\/deliangdisplay.com\/de\/wp-json\/wp\/v2\/product_cat?post=41716"},{"taxonomy":"product_tag","embeddable":true,"href":"https:\/\/deliangdisplay.com\/de\/wp-json\/wp\/v2\/product_tag?post=41716"}],"curies":[{"name":"wp","href":"https:\/\/api.w.org\/{rel}","templated":true}]}}