{"id":41426,"date":"2025-07-31T18:13:05","date_gmt":"2025-07-31T10:13:05","guid":{"rendered":"https:\/\/deliangdisplay.com\/?post_type=product&#038;p=41426"},"modified":"2025-07-31T18:16:43","modified_gmt":"2025-07-31T10:16:43","slug":"modernes-halsketten-schmuckdisplay-busteschmuckdisplay-standerhalskettenhalterschwarzes-schaufensterpuppen-displaytransparenter-gruner-schaufensterpuppenhalter-stander","status":"publish","type":"product","link":"https:\/\/deliangdisplay.com\/de\/unser-produkt\/zubehor\/halsformen\/modernes-halsketten-schmuckdisplay-busteschmuckdisplay-standerhalskettenhalterschwarzes-schaufensterpuppen-displaytransparenter-gruner-schaufensterpuppenhalter-stander\/","title":{"rendered":"Modern Necklace Jewelry Display Bust,Jewelry Display Stand,Necklace Holder,Black Mannequin Display,Transparent Green Mannequin Holder Stand"},"content":{"rendered":"<p>GR\u00d6SSE:(Wie das Bild)<\/p>\n<p>1. ein Schmuckst\u00e4nder<br \/>\n...L\u00e4nge:13.8CM(5.4inch)<br \/>\n...Breite:13CM(5.1inch)<br \/>\n...H\u00f6he:21.5CM(8.5inch)<br \/>\n.:Gewicht:2,6kg<\/p>\n<p>2. kann eine Vielzahl von Halsketten tragen<\/p>\n<p>3. 30PCS MOQ Anpassen Farbe sind akzeptabel!<\/p>\n<p>4. die Farbe: Mattes Wei\u00df \/ Helles Wei\u00df \/ Mattes Schwarz \/ Gl\u00e4nzendes Silber \/ Bohnengr\u00fcn \/ Transparente Farbe<\/p>\n<p>5. das Material: Harz Material<\/p>\n<p>&#8212;&#8212;&#8212;&#8212;&#8212;&#8212;&#8212;&#8212;&#8212;&#8212;&#8212;&#8212;&#8212;&#8212;&#8212;&#8212;&#8212;&#8212;&#8211;<\/p>\n<p>\ud83d\udcaf Dieser Schmuckst\u00e4nder ist ein gro\u00dfartiger Organizer f\u00fcr die Pr\u00e4sentation von Schmuck\/Halsketten\/Krawatten.<\/p>\n<p>Diese elegante Schaufensterpuppe hilft Ihnen oder den potentiellen K\u00e4ufern, den Schmuck zu visualisieren... Worauf warten Sie noch, holen Sie sich jetzt Ihren Accessoire-Organizer und Sie werden mehr Umsatz machen!<\/p>\n<p>\ud83d\udcaf Sie k\u00f6nnen es auch zum Fotografieren von Schmuck verwenden, es wird Ihre Produkte professionell pr\u00e4sentieren.<\/p>\n<p>\ud83d\udcaf Der akzentuierte Ausschnitt lenkt die Aufmerksamkeit auf die Halskette und die anmutige wei\u00dfe Farbe wertet Ihren kostbaren Schmuck noch eleganter auf.<\/p>\n<p>\ud83d\udcafEs ist auch eine gute Foto-Requisite, um den Charme der Halskette Schmuck oder Halsband in allen Aspekten zu zeigen und ziehen die Aug\u00e4pfel der Kunden. Das modische Ledermaterial hat eine sehr gute Textur zu ber\u00fchren und ist nicht leicht zu schmutzig sein.<\/p>\n<p>\ud83d\udcafWenn Sie Modedesigner oder Designer sind oder ein neues Gesch\u00e4ft er\u00f6ffnen und Ihren Umsatz steigern wollen, dann ist die Verwendung einer geeigneten und modischen Schaufensterpuppe sehr wichtig.<\/p>\n<p>\ud83d\udcaf Der akzentuierte Ausschnitt lenkt die Aufmerksamkeit auf die Halskette und die anmutige wei\u00dfe Farbe wertet Ihren kostbaren Schmuck noch eleganter auf.<\/p>\n<p>\ud83d\udcaf Seit der Gr\u00fcndung wurde Iteration, Ver\u00e4nderung und Innovation aktualisiert. Design und Herstellung von qualitativ hochwertigen Modellen ist unser Ziel.<\/p>\n<p>\ud83d\udcaf Das hilft Ihnen oder den potenziellen K\u00e4ufern, den Schmuck zu visualisieren. Worauf warten Sie noch, holen Sie sich jetzt Ihren Accessoire-Organizer und Sie werden mehr Umsatz machen!<\/p>","protected":false},"excerpt":{"rendered":"<p>This is our latest product,leather Fabric mannequin,this is very good quality and luxury brand use this rack for window decoration,for jewelry display,for bow tie display,It must attractive more custom to your store.<\/p>\n<p>It works well for showcasing your jewelry neatly on a countertop, storefront, trade shows or home environment!<\/p>","protected":false},"featured_media":41427,"comment_status":"open","ping_status":"closed","template":"","meta":{"_acf_changed":false},"product_brand":[],"product_cat":[69],"product_tag":[],"class_list":{"0":"post-41426","1":"product","2":"type-product","3":"status-publish","4":"has-post-thumbnail","6":"product_cat-neck-forms","8":"first","9":"instock","10":"shipping-taxable","11":"purchasable","12":"product-type-simple"},"acf":[],"yoast_head":"<!-- This site is optimized with the Yoast SEO plugin v27.4 - https:\/\/yoast.com\/product\/yoast-seo-wordpress\/ -->\n<title>Modern Necklace Jewelry Display Bust,Jewelry Display Stand,Necklace Holder,Black Mannequin Display,Transparent Green Mannequin Holder Stand - DE-LIANG - jewelry,clothes,watch,beauty cosmetics<\/title>\n<meta name=\"robots\" content=\"index, follow, max-snippet:-1, max-image-preview:large, max-video-preview:-1\" \/>\n<link rel=\"canonical\" href=\"https:\/\/deliangdisplay.com\/de\/unser-produkt\/zubehor\/halsformen\/modernes-halsketten-schmuckdisplay-busteschmuckdisplay-standerhalskettenhalterschwarzes-schaufensterpuppen-displaytransparenter-gruner-schaufensterpuppenhalter-stander\/\" \/>\n<meta property=\"og:locale\" content=\"de_DE\" \/>\n<meta property=\"og:type\" content=\"article\" \/>\n<meta property=\"og:title\" content=\"Modern Necklace Jewelry Display Bust,Jewelry Display Stand,Necklace Holder,Black Mannequin Display,Transparent Green Mannequin Holder Stand - DE-LIANG - jewelry,clothes,watch,beauty cosmetics\" \/>\n<meta property=\"og:description\" content=\"This is our latest product,leather Fabric mannequin,this is very good quality and luxury brand use this rack for window decoration,for jewelry display,for bow tie display,It must attractive more custom to your store.  It works well for showcasing your jewelry neatly on a countertop, storefront, trade shows or home environment!\" \/>\n<meta property=\"og:url\" content=\"https:\/\/deliangdisplay.com\/de\/unser-produkt\/zubehor\/halsformen\/modernes-halsketten-schmuckdisplay-busteschmuckdisplay-standerhalskettenhalterschwarzes-schaufensterpuppen-displaytransparenter-gruner-schaufensterpuppenhalter-stander\/\" \/>\n<meta property=\"og:site_name\" content=\"DE-LIANG - jewelry,clothes,watch,beauty cosmetics\" \/>\n<meta property=\"article:publisher\" content=\"https:\/\/www.facebook.com\/JaneZhang008\/\" \/>\n<meta property=\"article:modified_time\" content=\"2025-07-31T10:16:43+00:00\" \/>\n<meta property=\"og:image\" content=\"https:\/\/deliangdisplay.com\/wp-content\/uploads\/2025\/07\/120-1.webp\" \/>\n\t<meta property=\"og:image:width\" content=\"493\" \/>\n\t<meta property=\"og:image:height\" content=\"493\" \/>\n\t<meta property=\"og:image:type\" content=\"image\/webp\" \/>\n<meta name=\"twitter:card\" content=\"summary_large_image\" \/>\n<meta name=\"twitter:site\" content=\"@ly673551729\" \/>\n<meta name=\"twitter:label1\" content=\"Gesch\u00e4tzte Lesezeit\" \/>\n\t<meta name=\"twitter:data1\" content=\"2\u00a0Minuten\" \/>\n<script type=\"application\/ld+json\" class=\"yoast-schema-graph\">{\"@context\":\"https:\\\/\\\/schema.org\",\"@graph\":[{\"@type\":\"WebPage\",\"@id\":\"https:\\\/\\\/deliangdisplay.com\\\/our-product\\\/accessories\\\/neck-forms\\\/modern-necklace-jewelry-display-bustjewelry-display-standnecklace-holderblack-mannequin-displaytransparent-green-mannequin-holder-stand\\\/\",\"url\":\"https:\\\/\\\/deliangdisplay.com\\\/our-product\\\/accessories\\\/neck-forms\\\/modern-necklace-jewelry-display-bustjewelry-display-standnecklace-holderblack-mannequin-displaytransparent-green-mannequin-holder-stand\\\/\",\"name\":\"Modern Necklace Jewelry Display Bust,Jewelry Display Stand,Necklace Holder,Black Mannequin Display,Transparent Green Mannequin Holder Stand - DE-LIANG - jewelry,clothes,watch,beauty cosmetics\",\"isPartOf\":{\"@id\":\"https:\\\/\\\/deliangdisplay.com\\\/#website\"},\"primaryImageOfPage\":{\"@id\":\"https:\\\/\\\/deliangdisplay.com\\\/our-product\\\/accessories\\\/neck-forms\\\/modern-necklace-jewelry-display-bustjewelry-display-standnecklace-holderblack-mannequin-displaytransparent-green-mannequin-holder-stand\\\/#primaryimage\"},\"image\":{\"@id\":\"https:\\\/\\\/deliangdisplay.com\\\/our-product\\\/accessories\\\/neck-forms\\\/modern-necklace-jewelry-display-bustjewelry-display-standnecklace-holderblack-mannequin-displaytransparent-green-mannequin-holder-stand\\\/#primaryimage\"},\"thumbnailUrl\":\"https:\\\/\\\/deliangdisplay.com\\\/wp-content\\\/uploads\\\/2025\\\/07\\\/120-1.webp\",\"datePublished\":\"2025-07-31T10:13:05+00:00\",\"dateModified\":\"2025-07-31T10:16:43+00:00\",\"breadcrumb\":{\"@id\":\"https:\\\/\\\/deliangdisplay.com\\\/our-product\\\/accessories\\\/neck-forms\\\/modern-necklace-jewelry-display-bustjewelry-display-standnecklace-holderblack-mannequin-displaytransparent-green-mannequin-holder-stand\\\/#breadcrumb\"},\"inLanguage\":\"de\",\"potentialAction\":[{\"@type\":\"ReadAction\",\"target\":[\"https:\\\/\\\/deliangdisplay.com\\\/our-product\\\/accessories\\\/neck-forms\\\/modern-necklace-jewelry-display-bustjewelry-display-standnecklace-holderblack-mannequin-displaytransparent-green-mannequin-holder-stand\\\/\"]}]},{\"@type\":\"ImageObject\",\"inLanguage\":\"de\",\"@id\":\"https:\\\/\\\/deliangdisplay.com\\\/our-product\\\/accessories\\\/neck-forms\\\/modern-necklace-jewelry-display-bustjewelry-display-standnecklace-holderblack-mannequin-displaytransparent-green-mannequin-holder-stand\\\/#primaryimage\",\"url\":\"https:\\\/\\\/deliangdisplay.com\\\/wp-content\\\/uploads\\\/2025\\\/07\\\/120-1.webp\",\"contentUrl\":\"https:\\\/\\\/deliangdisplay.com\\\/wp-content\\\/uploads\\\/2025\\\/07\\\/120-1.webp\",\"width\":493,\"height\":493},{\"@type\":\"BreadcrumbList\",\"@id\":\"https:\\\/\\\/deliangdisplay.com\\\/our-product\\\/accessories\\\/neck-forms\\\/modern-necklace-jewelry-display-bustjewelry-display-standnecklace-holderblack-mannequin-displaytransparent-green-mannequin-holder-stand\\\/#breadcrumb\",\"itemListElement\":[{\"@type\":\"ListItem\",\"position\":1,\"name\":\"\u9996\u9875\",\"item\":\"https:\\\/\\\/deliangdisplay.com\\\/\"},{\"@type\":\"ListItem\",\"position\":2,\"name\":\"Our Product\",\"item\":\"https:\\\/\\\/deliangdisplay.com\\\/our-product\\\/\"},{\"@type\":\"ListItem\",\"position\":3,\"name\":\"Modern Necklace Jewelry Display Bust,Jewelry Display Stand,Necklace Holder,Black Mannequin Display,Transparent Green Mannequin Holder Stand\"}]},{\"@type\":\"WebSite\",\"@id\":\"https:\\\/\\\/deliangdisplay.com\\\/#website\",\"url\":\"https:\\\/\\\/deliangdisplay.com\\\/\",\"name\":\"deliangdisplay.com\",\"description\":\"DE-LIANG - Providing bespoke packaging solutions and luxurious display design services for brands in jewelry, apparel, watches, beauty cosmetics, and more.\",\"publisher\":{\"@id\":\"https:\\\/\\\/deliangdisplay.com\\\/#organization\"},\"potentialAction\":[{\"@type\":\"SearchAction\",\"target\":{\"@type\":\"EntryPoint\",\"urlTemplate\":\"https:\\\/\\\/deliangdisplay.com\\\/?s={search_term_string}\"},\"query-input\":{\"@type\":\"PropertyValueSpecification\",\"valueRequired\":true,\"valueName\":\"search_term_string\"}}],\"inLanguage\":\"de\"},{\"@type\":\"Organization\",\"@id\":\"https:\\\/\\\/deliangdisplay.com\\\/#organization\",\"name\":\"deliangdisplay.com\",\"url\":\"https:\\\/\\\/deliangdisplay.com\\\/\",\"logo\":{\"@type\":\"ImageObject\",\"inLanguage\":\"de\",\"@id\":\"https:\\\/\\\/deliangdisplay.com\\\/#\\\/schema\\\/logo\\\/image\\\/\",\"url\":\"https:\\\/\\\/deliangdisplay.com\\\/wp-content\\\/uploads\\\/2025\\\/08\\\/DELIANGDISPALY_logo.png\",\"contentUrl\":\"https:\\\/\\\/deliangdisplay.com\\\/wp-content\\\/uploads\\\/2025\\\/08\\\/DELIANGDISPALY_logo.png\",\"width\":300,\"height\":130,\"caption\":\"deliangdisplay.com\"},\"image\":{\"@id\":\"https:\\\/\\\/deliangdisplay.com\\\/#\\\/schema\\\/logo\\\/image\\\/\"},\"sameAs\":[\"https:\\\/\\\/www.facebook.com\\\/JaneZhang008\\\/\",\"https:\\\/\\\/x.com\\\/ly673551729\"]}]}<\/script>\n<!-- \/ Yoast SEO plugin. -->","yoast_head_json":{"title":"Modern Necklace Jewelry Display Bust,Jewelry Display Stand,Necklace Holder,Black Mannequin Display,Transparent Green Mannequin Holder Stand - DE-LIANG - jewelry,clothes,watch,beauty cosmetics","robots":{"index":"index","follow":"follow","max-snippet":"max-snippet:-1","max-image-preview":"max-image-preview:large","max-video-preview":"max-video-preview:-1"},"canonical":"https:\/\/deliangdisplay.com\/de\/unser-produkt\/zubehor\/halsformen\/modernes-halsketten-schmuckdisplay-busteschmuckdisplay-standerhalskettenhalterschwarzes-schaufensterpuppen-displaytransparenter-gruner-schaufensterpuppenhalter-stander\/","og_locale":"de_DE","og_type":"article","og_title":"Modern Necklace Jewelry Display Bust,Jewelry Display Stand,Necklace Holder,Black Mannequin Display,Transparent Green Mannequin Holder Stand - DE-LIANG - jewelry,clothes,watch,beauty cosmetics","og_description":"This is our latest product,leather Fabric mannequin,this is very good quality and luxury brand use this rack for window decoration,for jewelry display,for bow tie display,It must attractive more custom to your store.  It works well for showcasing your jewelry neatly on a countertop, storefront, trade shows or home environment!","og_url":"https:\/\/deliangdisplay.com\/de\/unser-produkt\/zubehor\/halsformen\/modernes-halsketten-schmuckdisplay-busteschmuckdisplay-standerhalskettenhalterschwarzes-schaufensterpuppen-displaytransparenter-gruner-schaufensterpuppenhalter-stander\/","og_site_name":"DE-LIANG - jewelry,clothes,watch,beauty cosmetics","article_publisher":"https:\/\/www.facebook.com\/JaneZhang008\/","article_modified_time":"2025-07-31T10:16:43+00:00","og_image":[{"width":493,"height":493,"url":"https:\/\/deliangdisplay.com\/wp-content\/uploads\/2025\/07\/120-1.webp","type":"image\/webp"}],"twitter_card":"summary_large_image","twitter_site":"@ly673551729","twitter_misc":{"Gesch\u00e4tzte Lesezeit":"2\u00a0Minuten"},"schema":{"@context":"https:\/\/schema.org","@graph":[{"@type":"WebPage","@id":"https:\/\/deliangdisplay.com\/our-product\/accessories\/neck-forms\/modern-necklace-jewelry-display-bustjewelry-display-standnecklace-holderblack-mannequin-displaytransparent-green-mannequin-holder-stand\/","url":"https:\/\/deliangdisplay.com\/our-product\/accessories\/neck-forms\/modern-necklace-jewelry-display-bustjewelry-display-standnecklace-holderblack-mannequin-displaytransparent-green-mannequin-holder-stand\/","name":"Modern Necklace Jewelry Display Bust,Jewelry Display Stand,Necklace Holder,Black Mannequin Display,Transparent Green Mannequin Holder Stand - DE-LIANG - jewelry,clothes,watch,beauty cosmetics","isPartOf":{"@id":"https:\/\/deliangdisplay.com\/#website"},"primaryImageOfPage":{"@id":"https:\/\/deliangdisplay.com\/our-product\/accessories\/neck-forms\/modern-necklace-jewelry-display-bustjewelry-display-standnecklace-holderblack-mannequin-displaytransparent-green-mannequin-holder-stand\/#primaryimage"},"image":{"@id":"https:\/\/deliangdisplay.com\/our-product\/accessories\/neck-forms\/modern-necklace-jewelry-display-bustjewelry-display-standnecklace-holderblack-mannequin-displaytransparent-green-mannequin-holder-stand\/#primaryimage"},"thumbnailUrl":"https:\/\/deliangdisplay.com\/wp-content\/uploads\/2025\/07\/120-1.webp","datePublished":"2025-07-31T10:13:05+00:00","dateModified":"2025-07-31T10:16:43+00:00","breadcrumb":{"@id":"https:\/\/deliangdisplay.com\/our-product\/accessories\/neck-forms\/modern-necklace-jewelry-display-bustjewelry-display-standnecklace-holderblack-mannequin-displaytransparent-green-mannequin-holder-stand\/#breadcrumb"},"inLanguage":"de","potentialAction":[{"@type":"ReadAction","target":["https:\/\/deliangdisplay.com\/our-product\/accessories\/neck-forms\/modern-necklace-jewelry-display-bustjewelry-display-standnecklace-holderblack-mannequin-displaytransparent-green-mannequin-holder-stand\/"]}]},{"@type":"ImageObject","inLanguage":"de","@id":"https:\/\/deliangdisplay.com\/our-product\/accessories\/neck-forms\/modern-necklace-jewelry-display-bustjewelry-display-standnecklace-holderblack-mannequin-displaytransparent-green-mannequin-holder-stand\/#primaryimage","url":"https:\/\/deliangdisplay.com\/wp-content\/uploads\/2025\/07\/120-1.webp","contentUrl":"https:\/\/deliangdisplay.com\/wp-content\/uploads\/2025\/07\/120-1.webp","width":493,"height":493},{"@type":"BreadcrumbList","@id":"https:\/\/deliangdisplay.com\/our-product\/accessories\/neck-forms\/modern-necklace-jewelry-display-bustjewelry-display-standnecklace-holderblack-mannequin-displaytransparent-green-mannequin-holder-stand\/#breadcrumb","itemListElement":[{"@type":"ListItem","position":1,"name":"\u9996\u9875","item":"https:\/\/deliangdisplay.com\/"},{"@type":"ListItem","position":2,"name":"Our Product","item":"https:\/\/deliangdisplay.com\/our-product\/"},{"@type":"ListItem","position":3,"name":"Modern Necklace Jewelry Display Bust,Jewelry Display Stand,Necklace Holder,Black Mannequin Display,Transparent Green Mannequin Holder Stand"}]},{"@type":"WebSite","@id":"https:\/\/deliangdisplay.com\/#website","url":"https:\/\/deliangdisplay.com\/","name":"deliangdisplay.com","description":"DE-LIANG - Ma\u00dfgeschneiderte Verpackungsl\u00f6sungen und luxuri\u00f6ses Display-Design f\u00fcr Marken aus der Schmuck-, Bekleidungs-, Uhren- und Kosmetikbranche und mehr.","publisher":{"@id":"https:\/\/deliangdisplay.com\/#organization"},"potentialAction":[{"@type":"SearchAction","target":{"@type":"EntryPoint","urlTemplate":"https:\/\/deliangdisplay.com\/?s={search_term_string}"},"query-input":{"@type":"PropertyValueSpecification","valueRequired":true,"valueName":"search_term_string"}}],"inLanguage":"de"},{"@type":"Organization","@id":"https:\/\/deliangdisplay.com\/#organization","name":"deliangdisplay.com","url":"https:\/\/deliangdisplay.com\/","logo":{"@type":"ImageObject","inLanguage":"de","@id":"https:\/\/deliangdisplay.com\/#\/schema\/logo\/image\/","url":"https:\/\/deliangdisplay.com\/wp-content\/uploads\/2025\/08\/DELIANGDISPALY_logo.png","contentUrl":"https:\/\/deliangdisplay.com\/wp-content\/uploads\/2025\/08\/DELIANGDISPALY_logo.png","width":300,"height":130,"caption":"deliangdisplay.com"},"image":{"@id":"https:\/\/deliangdisplay.com\/#\/schema\/logo\/image\/"},"sameAs":["https:\/\/www.facebook.com\/JaneZhang008\/","https:\/\/x.com\/ly673551729"]}]}},"_links":{"self":[{"href":"https:\/\/deliangdisplay.com\/de\/wp-json\/wp\/v2\/product\/41426","targetHints":{"allow":["GET"]}}],"collection":[{"href":"https:\/\/deliangdisplay.com\/de\/wp-json\/wp\/v2\/product"}],"about":[{"href":"https:\/\/deliangdisplay.com\/de\/wp-json\/wp\/v2\/types\/product"}],"replies":[{"embeddable":true,"href":"https:\/\/deliangdisplay.com\/de\/wp-json\/wp\/v2\/comments?post=41426"}],"wp:featuredmedia":[{"embeddable":true,"href":"https:\/\/deliangdisplay.com\/de\/wp-json\/wp\/v2\/media\/41427"}],"wp:attachment":[{"href":"https:\/\/deliangdisplay.com\/de\/wp-json\/wp\/v2\/media?parent=41426"}],"wp:term":[{"taxonomy":"product_brand","embeddable":true,"href":"https:\/\/deliangdisplay.com\/de\/wp-json\/wp\/v2\/product_brand?post=41426"},{"taxonomy":"product_cat","embeddable":true,"href":"https:\/\/deliangdisplay.com\/de\/wp-json\/wp\/v2\/product_cat?post=41426"},{"taxonomy":"product_tag","embeddable":true,"href":"https:\/\/deliangdisplay.com\/de\/wp-json\/wp\/v2\/product_tag?post=41426"}],"curies":[{"name":"wp","href":"https:\/\/api.w.org\/{rel}","templated":true}]}}