{"id":41419,"date":"2025-07-31T17:58:04","date_gmt":"2025-07-31T09:58:04","guid":{"rendered":"https:\/\/deliangdisplay.com\/?post_type=product&#038;p=41419"},"modified":"2025-10-09T09:33:45","modified_gmt":"2025-10-09T01:33:45","slug":"deliang-high-end-luxus-verpackung-samt-holz-halskette-mannequin-display-stand-handgefertigte-buste-mannequin-schmuck-zeigt","status":"publish","type":"product","link":"https:\/\/deliangdisplay.com\/de\/unser-produkt\/zubehor\/halsformen\/deliang-high-end-luxus-verpackung-samt-holz-halskette-mannequin-display-stand-handgefertigte-buste-mannequin-schmuck-zeigt\/","title":{"rendered":"DELIANG High-End Luxury Wrapping Velvet Wood Necklace Mannequin Display Stand Handmade Bust Mannequin Jewelry Displays"},"content":{"rendered":"<ul class=\"a-unordered-list a-vertical a-spacing-mini\">\n<li class=\"a-spacing-mini\"><span class=\"a-list-item\">Handgefertigt mit weichem Samt Material, f\u00fchlen sich bequem, um Ihre Halskette vor Sch\u00e4den oder Abrieb zu sch\u00fctzen.<\/span><\/li>\n<li class=\"a-spacing-mini\"><span class=\"a-list-item\">Elegante Pr\u00e4sentation von Diamant-, Lagen-, Choker- und Anh\u00e4nger-Halsketten auf diesem Schmuckst\u00e4nder. Geeignet f\u00fcr den Handel zeigen, Schreibtisch oben, Juweliergesch\u00e4ft, Schaufenster, Wohn-Organisator etc.<\/span><\/li>\n<\/ul>","protected":false},"excerpt":{"rendered":"<ul class=\"a-unordered-list a-vertical a-spacing-mini\">\n<li class=\"a-spacing-mini\"><span class=\"a-list-item\">Handgefertigt mit weichem Samt Material, f\u00fchlen sich bequem, um Ihre Halskette vor Sch\u00e4den oder Abrieb zu sch\u00fctzen.<\/span><\/li>\n<li class=\"a-spacing-mini\"><span class=\"a-list-item\">Elegante Pr\u00e4sentation von Diamant-, Lagen-, Choker- und Anh\u00e4nger-Halsketten auf diesem Schmuckst\u00e4nder. Geeignet f\u00fcr den Handel zeigen, Schreibtisch oben, Juweliergesch\u00e4ft, Schaufenster, Wohn-Organisator etc.<\/span><\/li>\n<\/ul>","protected":false},"featured_media":41420,"comment_status":"open","ping_status":"closed","template":"","meta":{"_acf_changed":false},"product_brand":[],"product_cat":[69],"product_tag":[],"class_list":{"0":"post-41419","1":"product","2":"type-product","3":"status-publish","4":"has-post-thumbnail","6":"product_cat-neck-forms","8":"first","9":"instock","10":"shipping-taxable","11":"product-type-simple"},"acf":[],"yoast_head":"<!-- This site is optimized with the Yoast SEO plugin v27.4 - https:\/\/yoast.com\/product\/yoast-seo-wordpress\/ -->\n<title>DELIANG High-End Luxury Wrapping Velvet Wood Necklace Mannequin Display Stand Handmade Bust Mannequin Jewelry Displays - DE-LIANG - jewelry,clothes,watch,beauty cosmetics<\/title>\n<meta name=\"robots\" content=\"index, follow, max-snippet:-1, max-image-preview:large, max-video-preview:-1\" \/>\n<link rel=\"canonical\" href=\"https:\/\/deliangdisplay.com\/de\/unser-produkt\/zubehor\/halsformen\/deliang-high-end-luxus-verpackung-samt-holz-halskette-mannequin-display-stand-handgefertigte-buste-mannequin-schmuck-zeigt\/\" \/>\n<meta property=\"og:locale\" content=\"de_DE\" \/>\n<meta property=\"og:type\" content=\"article\" \/>\n<meta property=\"og:title\" content=\"DELIANG High-End Luxury Wrapping Velvet Wood Necklace Mannequin Display Stand Handmade Bust Mannequin Jewelry Displays - DE-LIANG - jewelry,clothes,watch,beauty cosmetics\" \/>\n<meta property=\"og:description\" content=\"Handmade with soft velvet material, feel comfortable to protect your necklace from damage or abrasion.  Elegant display for diamond, layered, choker, and pendant necklaces on this jewelry display stand. Suitable for trading show,desk top, jewelry store, shop window, residential organizer etc.\" \/>\n<meta property=\"og:url\" content=\"https:\/\/deliangdisplay.com\/de\/unser-produkt\/zubehor\/halsformen\/deliang-high-end-luxus-verpackung-samt-holz-halskette-mannequin-display-stand-handgefertigte-buste-mannequin-schmuck-zeigt\/\" \/>\n<meta property=\"og:site_name\" content=\"DE-LIANG - jewelry,clothes,watch,beauty cosmetics\" \/>\n<meta property=\"article:publisher\" content=\"https:\/\/www.facebook.com\/JaneZhang008\/\" \/>\n<meta property=\"article:modified_time\" content=\"2025-10-09T01:33:45+00:00\" \/>\n<meta property=\"og:image\" content=\"https:\/\/deliangdisplay.com\/wp-content\/uploads\/2025\/07\/1-2.jpg\" \/>\n\t<meta property=\"og:image:width\" content=\"2000\" \/>\n\t<meta property=\"og:image:height\" content=\"2000\" \/>\n\t<meta property=\"og:image:type\" content=\"image\/jpeg\" \/>\n<meta name=\"twitter:card\" content=\"summary_large_image\" \/>\n<meta name=\"twitter:site\" content=\"@ly673551729\" \/>\n<meta name=\"twitter:label1\" content=\"Gesch\u00e4tzte Lesezeit\" \/>\n\t<meta name=\"twitter:data1\" content=\"1\u00a0Minute\" \/>\n<script type=\"application\/ld+json\" class=\"yoast-schema-graph\">{\"@context\":\"https:\\\/\\\/schema.org\",\"@graph\":[{\"@type\":\"WebPage\",\"@id\":\"https:\\\/\\\/deliangdisplay.com\\\/our-product\\\/accessories\\\/neck-forms\\\/deliang-high-end-luxury-wrapping-velvet-wood-necklace-mannequin-display-stand-handmade-bust-mannequin-jewelry-displays\\\/\",\"url\":\"https:\\\/\\\/deliangdisplay.com\\\/our-product\\\/accessories\\\/neck-forms\\\/deliang-high-end-luxury-wrapping-velvet-wood-necklace-mannequin-display-stand-handmade-bust-mannequin-jewelry-displays\\\/\",\"name\":\"DELIANG High-End Luxury Wrapping Velvet Wood Necklace Mannequin Display Stand Handmade Bust Mannequin Jewelry Displays - DE-LIANG - jewelry,clothes,watch,beauty cosmetics\",\"isPartOf\":{\"@id\":\"https:\\\/\\\/deliangdisplay.com\\\/#website\"},\"primaryImageOfPage\":{\"@id\":\"https:\\\/\\\/deliangdisplay.com\\\/our-product\\\/accessories\\\/neck-forms\\\/deliang-high-end-luxury-wrapping-velvet-wood-necklace-mannequin-display-stand-handmade-bust-mannequin-jewelry-displays\\\/#primaryimage\"},\"image\":{\"@id\":\"https:\\\/\\\/deliangdisplay.com\\\/our-product\\\/accessories\\\/neck-forms\\\/deliang-high-end-luxury-wrapping-velvet-wood-necklace-mannequin-display-stand-handmade-bust-mannequin-jewelry-displays\\\/#primaryimage\"},\"thumbnailUrl\":\"https:\\\/\\\/deliangdisplay.com\\\/wp-content\\\/uploads\\\/2025\\\/07\\\/1-2.jpg\",\"datePublished\":\"2025-07-31T09:58:04+00:00\",\"dateModified\":\"2025-10-09T01:33:45+00:00\",\"breadcrumb\":{\"@id\":\"https:\\\/\\\/deliangdisplay.com\\\/our-product\\\/accessories\\\/neck-forms\\\/deliang-high-end-luxury-wrapping-velvet-wood-necklace-mannequin-display-stand-handmade-bust-mannequin-jewelry-displays\\\/#breadcrumb\"},\"inLanguage\":\"de\",\"potentialAction\":[{\"@type\":\"ReadAction\",\"target\":[\"https:\\\/\\\/deliangdisplay.com\\\/our-product\\\/accessories\\\/neck-forms\\\/deliang-high-end-luxury-wrapping-velvet-wood-necklace-mannequin-display-stand-handmade-bust-mannequin-jewelry-displays\\\/\"]}]},{\"@type\":\"ImageObject\",\"inLanguage\":\"de\",\"@id\":\"https:\\\/\\\/deliangdisplay.com\\\/our-product\\\/accessories\\\/neck-forms\\\/deliang-high-end-luxury-wrapping-velvet-wood-necklace-mannequin-display-stand-handmade-bust-mannequin-jewelry-displays\\\/#primaryimage\",\"url\":\"https:\\\/\\\/deliangdisplay.com\\\/wp-content\\\/uploads\\\/2025\\\/07\\\/1-2.jpg\",\"contentUrl\":\"https:\\\/\\\/deliangdisplay.com\\\/wp-content\\\/uploads\\\/2025\\\/07\\\/1-2.jpg\",\"width\":2000,\"height\":2000},{\"@type\":\"BreadcrumbList\",\"@id\":\"https:\\\/\\\/deliangdisplay.com\\\/our-product\\\/accessories\\\/neck-forms\\\/deliang-high-end-luxury-wrapping-velvet-wood-necklace-mannequin-display-stand-handmade-bust-mannequin-jewelry-displays\\\/#breadcrumb\",\"itemListElement\":[{\"@type\":\"ListItem\",\"position\":1,\"name\":\"\u9996\u9875\",\"item\":\"https:\\\/\\\/deliangdisplay.com\\\/\"},{\"@type\":\"ListItem\",\"position\":2,\"name\":\"Our Product\",\"item\":\"https:\\\/\\\/deliangdisplay.com\\\/our-product\\\/\"},{\"@type\":\"ListItem\",\"position\":3,\"name\":\"DELIANG High-End Luxury Wrapping Velvet Wood Necklace Mannequin Display Stand Handmade Bust Mannequin Jewelry Displays\"}]},{\"@type\":\"WebSite\",\"@id\":\"https:\\\/\\\/deliangdisplay.com\\\/#website\",\"url\":\"https:\\\/\\\/deliangdisplay.com\\\/\",\"name\":\"deliangdisplay.com\",\"description\":\"DE-LIANG - Providing bespoke packaging solutions and luxurious display design services for brands in jewelry, apparel, watches, beauty cosmetics, and more.\",\"publisher\":{\"@id\":\"https:\\\/\\\/deliangdisplay.com\\\/#organization\"},\"potentialAction\":[{\"@type\":\"SearchAction\",\"target\":{\"@type\":\"EntryPoint\",\"urlTemplate\":\"https:\\\/\\\/deliangdisplay.com\\\/?s={search_term_string}\"},\"query-input\":{\"@type\":\"PropertyValueSpecification\",\"valueRequired\":true,\"valueName\":\"search_term_string\"}}],\"inLanguage\":\"de\"},{\"@type\":\"Organization\",\"@id\":\"https:\\\/\\\/deliangdisplay.com\\\/#organization\",\"name\":\"deliangdisplay.com\",\"url\":\"https:\\\/\\\/deliangdisplay.com\\\/\",\"logo\":{\"@type\":\"ImageObject\",\"inLanguage\":\"de\",\"@id\":\"https:\\\/\\\/deliangdisplay.com\\\/#\\\/schema\\\/logo\\\/image\\\/\",\"url\":\"https:\\\/\\\/deliangdisplay.com\\\/wp-content\\\/uploads\\\/2025\\\/08\\\/DELIANGDISPALY_logo.png\",\"contentUrl\":\"https:\\\/\\\/deliangdisplay.com\\\/wp-content\\\/uploads\\\/2025\\\/08\\\/DELIANGDISPALY_logo.png\",\"width\":300,\"height\":130,\"caption\":\"deliangdisplay.com\"},\"image\":{\"@id\":\"https:\\\/\\\/deliangdisplay.com\\\/#\\\/schema\\\/logo\\\/image\\\/\"},\"sameAs\":[\"https:\\\/\\\/www.facebook.com\\\/JaneZhang008\\\/\",\"https:\\\/\\\/x.com\\\/ly673551729\"]}]}<\/script>\n<!-- \/ Yoast SEO plugin. -->","yoast_head_json":{"title":"DELIANG High-End Luxury Wrapping Velvet Wood Necklace Mannequin Display Stand Handmade Bust Mannequin Jewelry Displays - DE-LIANG - jewelry,clothes,watch,beauty cosmetics","robots":{"index":"index","follow":"follow","max-snippet":"max-snippet:-1","max-image-preview":"max-image-preview:large","max-video-preview":"max-video-preview:-1"},"canonical":"https:\/\/deliangdisplay.com\/de\/unser-produkt\/zubehor\/halsformen\/deliang-high-end-luxus-verpackung-samt-holz-halskette-mannequin-display-stand-handgefertigte-buste-mannequin-schmuck-zeigt\/","og_locale":"de_DE","og_type":"article","og_title":"DELIANG High-End Luxury Wrapping Velvet Wood Necklace Mannequin Display Stand Handmade Bust Mannequin Jewelry Displays - DE-LIANG - jewelry,clothes,watch,beauty cosmetics","og_description":"Handmade with soft velvet material, feel comfortable to protect your necklace from damage or abrasion.  Elegant display for diamond, layered, choker, and pendant necklaces on this jewelry display stand. Suitable for trading show,desk top, jewelry store, shop window, residential organizer etc.","og_url":"https:\/\/deliangdisplay.com\/de\/unser-produkt\/zubehor\/halsformen\/deliang-high-end-luxus-verpackung-samt-holz-halskette-mannequin-display-stand-handgefertigte-buste-mannequin-schmuck-zeigt\/","og_site_name":"DE-LIANG - jewelry,clothes,watch,beauty cosmetics","article_publisher":"https:\/\/www.facebook.com\/JaneZhang008\/","article_modified_time":"2025-10-09T01:33:45+00:00","og_image":[{"width":2000,"height":2000,"url":"https:\/\/deliangdisplay.com\/wp-content\/uploads\/2025\/07\/1-2.jpg","type":"image\/jpeg"}],"twitter_card":"summary_large_image","twitter_site":"@ly673551729","twitter_misc":{"Gesch\u00e4tzte Lesezeit":"1\u00a0Minute"},"schema":{"@context":"https:\/\/schema.org","@graph":[{"@type":"WebPage","@id":"https:\/\/deliangdisplay.com\/our-product\/accessories\/neck-forms\/deliang-high-end-luxury-wrapping-velvet-wood-necklace-mannequin-display-stand-handmade-bust-mannequin-jewelry-displays\/","url":"https:\/\/deliangdisplay.com\/our-product\/accessories\/neck-forms\/deliang-high-end-luxury-wrapping-velvet-wood-necklace-mannequin-display-stand-handmade-bust-mannequin-jewelry-displays\/","name":"DELIANG High-End Luxury Wrapping Velvet Wood Necklace Mannequin Display Stand Handmade Bust Mannequin Jewelry Displays - DE-LIANG - jewelry,clothes,watch,beauty cosmetics","isPartOf":{"@id":"https:\/\/deliangdisplay.com\/#website"},"primaryImageOfPage":{"@id":"https:\/\/deliangdisplay.com\/our-product\/accessories\/neck-forms\/deliang-high-end-luxury-wrapping-velvet-wood-necklace-mannequin-display-stand-handmade-bust-mannequin-jewelry-displays\/#primaryimage"},"image":{"@id":"https:\/\/deliangdisplay.com\/our-product\/accessories\/neck-forms\/deliang-high-end-luxury-wrapping-velvet-wood-necklace-mannequin-display-stand-handmade-bust-mannequin-jewelry-displays\/#primaryimage"},"thumbnailUrl":"https:\/\/deliangdisplay.com\/wp-content\/uploads\/2025\/07\/1-2.jpg","datePublished":"2025-07-31T09:58:04+00:00","dateModified":"2025-10-09T01:33:45+00:00","breadcrumb":{"@id":"https:\/\/deliangdisplay.com\/our-product\/accessories\/neck-forms\/deliang-high-end-luxury-wrapping-velvet-wood-necklace-mannequin-display-stand-handmade-bust-mannequin-jewelry-displays\/#breadcrumb"},"inLanguage":"de","potentialAction":[{"@type":"ReadAction","target":["https:\/\/deliangdisplay.com\/our-product\/accessories\/neck-forms\/deliang-high-end-luxury-wrapping-velvet-wood-necklace-mannequin-display-stand-handmade-bust-mannequin-jewelry-displays\/"]}]},{"@type":"ImageObject","inLanguage":"de","@id":"https:\/\/deliangdisplay.com\/our-product\/accessories\/neck-forms\/deliang-high-end-luxury-wrapping-velvet-wood-necklace-mannequin-display-stand-handmade-bust-mannequin-jewelry-displays\/#primaryimage","url":"https:\/\/deliangdisplay.com\/wp-content\/uploads\/2025\/07\/1-2.jpg","contentUrl":"https:\/\/deliangdisplay.com\/wp-content\/uploads\/2025\/07\/1-2.jpg","width":2000,"height":2000},{"@type":"BreadcrumbList","@id":"https:\/\/deliangdisplay.com\/our-product\/accessories\/neck-forms\/deliang-high-end-luxury-wrapping-velvet-wood-necklace-mannequin-display-stand-handmade-bust-mannequin-jewelry-displays\/#breadcrumb","itemListElement":[{"@type":"ListItem","position":1,"name":"\u9996\u9875","item":"https:\/\/deliangdisplay.com\/"},{"@type":"ListItem","position":2,"name":"Our Product","item":"https:\/\/deliangdisplay.com\/our-product\/"},{"@type":"ListItem","position":3,"name":"DELIANG High-End Luxury Wrapping Velvet Wood Necklace Mannequin Display Stand Handmade Bust Mannequin Jewelry Displays"}]},{"@type":"WebSite","@id":"https:\/\/deliangdisplay.com\/#website","url":"https:\/\/deliangdisplay.com\/","name":"deliangdisplay.com","description":"DE-LIANG - Ma\u00dfgeschneiderte Verpackungsl\u00f6sungen und luxuri\u00f6ses Display-Design f\u00fcr Marken aus der Schmuck-, Bekleidungs-, Uhren- und Kosmetikbranche und mehr.","publisher":{"@id":"https:\/\/deliangdisplay.com\/#organization"},"potentialAction":[{"@type":"SearchAction","target":{"@type":"EntryPoint","urlTemplate":"https:\/\/deliangdisplay.com\/?s={search_term_string}"},"query-input":{"@type":"PropertyValueSpecification","valueRequired":true,"valueName":"search_term_string"}}],"inLanguage":"de"},{"@type":"Organization","@id":"https:\/\/deliangdisplay.com\/#organization","name":"deliangdisplay.com","url":"https:\/\/deliangdisplay.com\/","logo":{"@type":"ImageObject","inLanguage":"de","@id":"https:\/\/deliangdisplay.com\/#\/schema\/logo\/image\/","url":"https:\/\/deliangdisplay.com\/wp-content\/uploads\/2025\/08\/DELIANGDISPALY_logo.png","contentUrl":"https:\/\/deliangdisplay.com\/wp-content\/uploads\/2025\/08\/DELIANGDISPALY_logo.png","width":300,"height":130,"caption":"deliangdisplay.com"},"image":{"@id":"https:\/\/deliangdisplay.com\/#\/schema\/logo\/image\/"},"sameAs":["https:\/\/www.facebook.com\/JaneZhang008\/","https:\/\/x.com\/ly673551729"]}]}},"_links":{"self":[{"href":"https:\/\/deliangdisplay.com\/de\/wp-json\/wp\/v2\/product\/41419","targetHints":{"allow":["GET"]}}],"collection":[{"href":"https:\/\/deliangdisplay.com\/de\/wp-json\/wp\/v2\/product"}],"about":[{"href":"https:\/\/deliangdisplay.com\/de\/wp-json\/wp\/v2\/types\/product"}],"replies":[{"embeddable":true,"href":"https:\/\/deliangdisplay.com\/de\/wp-json\/wp\/v2\/comments?post=41419"}],"wp:featuredmedia":[{"embeddable":true,"href":"https:\/\/deliangdisplay.com\/de\/wp-json\/wp\/v2\/media\/41420"}],"wp:attachment":[{"href":"https:\/\/deliangdisplay.com\/de\/wp-json\/wp\/v2\/media?parent=41419"}],"wp:term":[{"taxonomy":"product_brand","embeddable":true,"href":"https:\/\/deliangdisplay.com\/de\/wp-json\/wp\/v2\/product_brand?post=41419"},{"taxonomy":"product_cat","embeddable":true,"href":"https:\/\/deliangdisplay.com\/de\/wp-json\/wp\/v2\/product_cat?post=41419"},{"taxonomy":"product_tag","embeddable":true,"href":"https:\/\/deliangdisplay.com\/de\/wp-json\/wp\/v2\/product_tag?post=41419"}],"curies":[{"name":"wp","href":"https:\/\/api.w.org\/{rel}","templated":true}]}}