{"id":41408,"date":"2025-07-31T17:09:55","date_gmt":"2025-07-31T09:09:55","guid":{"rendered":"https:\/\/deliangdisplay.com\/?post_type=product&#038;p=41408"},"modified":"2025-08-01T10:00:58","modified_gmt":"2025-08-01T02:00:58","slug":"%e6%a0%87%e9%a2%98","status":"publish","type":"product","link":"https:\/\/deliangdisplay.com\/de\/unser-produkt\/zeigt\/kleiderbugel\/%e6%a0%87%e9%a2%98\/","title":{"rendered":"DE-LIANG Hochwertige Kampferholz M\u00e4nner\/Frauen breite Schulterb\u00fcgel mit goldenen runden Haken, Laser Craft Logo Customization, Vintage Style"},"content":{"rendered":"<p>Hochwertige Kampferholz M\u00e4nner\/Frauen breite Schulterb\u00fcgel, mit goldenen runden Haken, Laser Handwerk Logo Anpassung, Vintage-Stil<\/p>\n<p>Dies ist hohe Qualit\u00e4t Kampfer Holz Naturholz Kleiderb\u00fcgel f\u00fcr Kleidung!<\/p>\n<p>Verbessern Sie die Organisation Ihres Kleiderschranks mit diesen eleganten Kleiderb\u00fcgeln aus Kampferholz im Vintage-Stil. Diese Kleiderb\u00fcgel wurden mit Blick auf Funktionalit\u00e4t und Stil entworfen und sind perfekt, um die Form und Sch\u00f6nheit Ihrer Kleidungsst\u00fccke zu bewahren.<\/p>\n<p>Der Preis ist f\u00fcr Seefracht, Lieferzeit wird 18-20 Tage f\u00fcr schnellen Versand auf dem Seeweg in die USA sein. wenn Sie in ein anderes Land versenden m\u00f6chten, pls fragen Sie uns, um den Preis f\u00fcr Sie zu bearbeiten. 50pcs pro Kartons. MOQ ist 50pcs<\/p>\n<p>Wenn Sie einen schnelleren Versand w\u00fcnschen, lassen Sie es uns bitte wissen, wir k\u00f6nnen auf DHL, FEDEX, UPS per Luftfracht umsteigen.<br \/>\nWir k\u00fcmmern uns um die Gesundheit der Kleidung und definieren den Kleiderb\u00fcgel unter dem Gesichtspunkt der Pflege der Kleidung und der \u00c4sthetik neu. Zusammen mit High-End-Mode-Designern, M\u00f6beldesignern und erfahrenen Handwerksmeistern schaffen wir gemeinsam einen guten Kleiderb\u00fcgel, der die Form der Kleidung beibeh\u00e4lt und die edle \u00c4sthetik des Hauses f\u00f6rdert.<\/p>\n<p>Feiner Knoten<br \/>\nSowohl Erscheinungsbild als auch Dauerhaftigkeit lassen den Raum voller phantasievoller Qualit\u00e4t spontan entstehen<br \/>\nKunstraum<br \/>\nDie richtige Proportion pr\u00e4gt den k\u00fcnstlerischen Stil des kleinen Raums<br \/>\nH\u00e4ngen Sie das Gewand der sanften Natur, von innen<br \/>\nLuxus ist einfach und elegant, es ist eine gute Wahl f\u00fcr nat\u00fcrliche Kampferholz, kann mit jeder Art von Kleidung gehen<\/p>","protected":false},"excerpt":{"rendered":"<p>Hochwertige Kampferholz M\u00e4nner\/Frauen breite Schulterb\u00fcgel, mit goldenen runden Haken, Laser Handwerk Logo Anpassung, Vintage-Stil<\/p>\n<p>Dies ist hohe Qualit\u00e4t Kampfer Holz Naturholz Kleiderb\u00fcgel f\u00fcr Kleidung!<\/p>\n<p>Verbessern Sie die Organisation Ihres Kleiderschranks mit diesen eleganten Kleiderb\u00fcgeln aus Kampferholz im Vintage-Stil. Diese Kleiderb\u00fcgel wurden mit Blick auf Funktionalit\u00e4t und Stil entworfen und sind perfekt, um die Form und Sch\u00f6nheit Ihrer Kleidungsst\u00fccke zu bewahren.<\/p>","protected":false},"featured_media":41414,"comment_status":"open","ping_status":"closed","template":"","meta":{"_acf_changed":false},"product_brand":[],"product_cat":[68],"product_tag":[],"class_list":{"0":"post-41408","1":"product","2":"type-product","3":"status-publish","4":"has-post-thumbnail","6":"product_cat-hangers","8":"first","9":"instock","10":"shipping-taxable","11":"purchasable","12":"product-type-simple"},"acf":[],"yoast_head":"<!-- This site is optimized with the Yoast SEO plugin v27.4 - https:\/\/yoast.com\/product\/yoast-seo-wordpress\/ -->\n<title>DE-LIANG High-Quality Camphor Wood Male\/Female Wide-Shoulder Hangers with Gold Round Hooks,Laser Craft Logo Customization,Vintage Style - DE-LIANG - jewelry,clothes,watch,beauty cosmetics<\/title>\n<meta name=\"robots\" content=\"index, follow, max-snippet:-1, max-image-preview:large, max-video-preview:-1\" \/>\n<link rel=\"canonical\" href=\"https:\/\/deliangdisplay.com\/de\/unser-produkt\/zeigt\/kleiderbugel\/\u6807\u9898\/\" \/>\n<meta property=\"og:locale\" content=\"de_DE\" \/>\n<meta property=\"og:type\" content=\"article\" \/>\n<meta property=\"og:title\" content=\"DE-LIANG High-Quality Camphor Wood Male\/Female Wide-Shoulder Hangers with Gold Round Hooks,Laser Craft Logo Customization,Vintage Style - DE-LIANG - jewelry,clothes,watch,beauty cosmetics\" \/>\n<meta property=\"og:description\" content=\"High-quality camphor wood Male\/Female wide-shoulder hangers, with gold round hooks, laser craft logo customization,vintage style  This is High Quality Camphor Wood Natural Wood Hanger for clothing!  Upgrade your wardrobe organization with these elegant, vintage-inspired camphor wood hangers. Designed with both functionality and style in mind, these hangers are perfect for preserving the shape and beauty of your garments.\" \/>\n<meta property=\"og:url\" content=\"https:\/\/deliangdisplay.com\/de\/unser-produkt\/zeigt\/kleiderbugel\/\u6807\u9898\/\" \/>\n<meta property=\"og:site_name\" content=\"DE-LIANG - jewelry,clothes,watch,beauty cosmetics\" \/>\n<meta property=\"article:publisher\" content=\"https:\/\/www.facebook.com\/JaneZhang008\/\" \/>\n<meta property=\"article:modified_time\" content=\"2025-08-01T02:00:58+00:00\" \/>\n<meta property=\"og:image\" content=\"https:\/\/deliangdisplay.com\/wp-content\/uploads\/2025\/07\/9-1.jpg\" \/>\n\t<meta property=\"og:image:width\" content=\"2000\" \/>\n\t<meta property=\"og:image:height\" content=\"2000\" \/>\n\t<meta property=\"og:image:type\" content=\"image\/jpeg\" \/>\n<meta name=\"twitter:card\" content=\"summary_large_image\" \/>\n<meta name=\"twitter:site\" content=\"@ly673551729\" \/>\n<meta name=\"twitter:label1\" content=\"Gesch\u00e4tzte Lesezeit\" \/>\n\t<meta name=\"twitter:data1\" content=\"2\u00a0Minuten\" \/>\n<script type=\"application\/ld+json\" class=\"yoast-schema-graph\">{\"@context\":\"https:\\\/\\\/schema.org\",\"@graph\":[{\"@type\":\"WebPage\",\"@id\":\"https:\\\/\\\/deliangdisplay.com\\\/our-product\\\/displays\\\/hangers\\\/%e6%a0%87%e9%a2%98\\\/\",\"url\":\"https:\\\/\\\/deliangdisplay.com\\\/our-product\\\/displays\\\/hangers\\\/%e6%a0%87%e9%a2%98\\\/\",\"name\":\"DE-LIANG High-Quality Camphor Wood Male\\\/Female Wide-Shoulder Hangers with Gold Round Hooks,Laser Craft Logo Customization,Vintage Style - DE-LIANG - jewelry,clothes,watch,beauty cosmetics\",\"isPartOf\":{\"@id\":\"https:\\\/\\\/deliangdisplay.com\\\/#website\"},\"primaryImageOfPage\":{\"@id\":\"https:\\\/\\\/deliangdisplay.com\\\/our-product\\\/displays\\\/hangers\\\/%e6%a0%87%e9%a2%98\\\/#primaryimage\"},\"image\":{\"@id\":\"https:\\\/\\\/deliangdisplay.com\\\/our-product\\\/displays\\\/hangers\\\/%e6%a0%87%e9%a2%98\\\/#primaryimage\"},\"thumbnailUrl\":\"https:\\\/\\\/deliangdisplay.com\\\/wp-content\\\/uploads\\\/2025\\\/07\\\/9-1.jpg\",\"datePublished\":\"2025-07-31T09:09:55+00:00\",\"dateModified\":\"2025-08-01T02:00:58+00:00\",\"breadcrumb\":{\"@id\":\"https:\\\/\\\/deliangdisplay.com\\\/our-product\\\/displays\\\/hangers\\\/%e6%a0%87%e9%a2%98\\\/#breadcrumb\"},\"inLanguage\":\"de\",\"potentialAction\":[{\"@type\":\"ReadAction\",\"target\":[\"https:\\\/\\\/deliangdisplay.com\\\/our-product\\\/displays\\\/hangers\\\/%e6%a0%87%e9%a2%98\\\/\"]}]},{\"@type\":\"ImageObject\",\"inLanguage\":\"de\",\"@id\":\"https:\\\/\\\/deliangdisplay.com\\\/our-product\\\/displays\\\/hangers\\\/%e6%a0%87%e9%a2%98\\\/#primaryimage\",\"url\":\"https:\\\/\\\/deliangdisplay.com\\\/wp-content\\\/uploads\\\/2025\\\/07\\\/9-1.jpg\",\"contentUrl\":\"https:\\\/\\\/deliangdisplay.com\\\/wp-content\\\/uploads\\\/2025\\\/07\\\/9-1.jpg\",\"width\":2000,\"height\":2000},{\"@type\":\"BreadcrumbList\",\"@id\":\"https:\\\/\\\/deliangdisplay.com\\\/our-product\\\/displays\\\/hangers\\\/%e6%a0%87%e9%a2%98\\\/#breadcrumb\",\"itemListElement\":[{\"@type\":\"ListItem\",\"position\":1,\"name\":\"\u9996\u9875\",\"item\":\"https:\\\/\\\/deliangdisplay.com\\\/\"},{\"@type\":\"ListItem\",\"position\":2,\"name\":\"Our Product\",\"item\":\"https:\\\/\\\/deliangdisplay.com\\\/our-product\\\/\"},{\"@type\":\"ListItem\",\"position\":3,\"name\":\"DE-LIANG High-Quality Camphor Wood Male\\\/Female Wide-Shoulder Hangers with Gold Round Hooks,Laser Craft Logo Customization,Vintage Style\"}]},{\"@type\":\"WebSite\",\"@id\":\"https:\\\/\\\/deliangdisplay.com\\\/#website\",\"url\":\"https:\\\/\\\/deliangdisplay.com\\\/\",\"name\":\"deliangdisplay.com\",\"description\":\"DE-LIANG - Providing bespoke packaging solutions and luxurious display design services for brands in jewelry, apparel, watches, beauty cosmetics, and more.\",\"publisher\":{\"@id\":\"https:\\\/\\\/deliangdisplay.com\\\/#organization\"},\"potentialAction\":[{\"@type\":\"SearchAction\",\"target\":{\"@type\":\"EntryPoint\",\"urlTemplate\":\"https:\\\/\\\/deliangdisplay.com\\\/?s={search_term_string}\"},\"query-input\":{\"@type\":\"PropertyValueSpecification\",\"valueRequired\":true,\"valueName\":\"search_term_string\"}}],\"inLanguage\":\"de\"},{\"@type\":\"Organization\",\"@id\":\"https:\\\/\\\/deliangdisplay.com\\\/#organization\",\"name\":\"deliangdisplay.com\",\"url\":\"https:\\\/\\\/deliangdisplay.com\\\/\",\"logo\":{\"@type\":\"ImageObject\",\"inLanguage\":\"de\",\"@id\":\"https:\\\/\\\/deliangdisplay.com\\\/#\\\/schema\\\/logo\\\/image\\\/\",\"url\":\"https:\\\/\\\/deliangdisplay.com\\\/wp-content\\\/uploads\\\/2025\\\/08\\\/DELIANGDISPALY_logo.png\",\"contentUrl\":\"https:\\\/\\\/deliangdisplay.com\\\/wp-content\\\/uploads\\\/2025\\\/08\\\/DELIANGDISPALY_logo.png\",\"width\":300,\"height\":130,\"caption\":\"deliangdisplay.com\"},\"image\":{\"@id\":\"https:\\\/\\\/deliangdisplay.com\\\/#\\\/schema\\\/logo\\\/image\\\/\"},\"sameAs\":[\"https:\\\/\\\/www.facebook.com\\\/JaneZhang008\\\/\",\"https:\\\/\\\/x.com\\\/ly673551729\"]}]}<\/script>\n<!-- \/ Yoast SEO plugin. -->","yoast_head_json":{"title":"DE-LIANG Hochwertige Kampferholz M\u00e4nner\/Frauen breite Schulterb\u00fcgel mit goldenen runden Haken, Laser Craft Logo Customization, Vintage Style - DE-LIANG - jewelry,clothes,watch,beauty cosmetics","robots":{"index":"index","follow":"follow","max-snippet":"max-snippet:-1","max-image-preview":"max-image-preview:large","max-video-preview":"max-video-preview:-1"},"canonical":"https:\/\/deliangdisplay.com\/de\/unser-produkt\/zeigt\/kleiderbugel\/\u6807\u9898\/","og_locale":"de_DE","og_type":"article","og_title":"DE-LIANG High-Quality Camphor Wood Male\/Female Wide-Shoulder Hangers with Gold Round Hooks,Laser Craft Logo Customization,Vintage Style - DE-LIANG - jewelry,clothes,watch,beauty cosmetics","og_description":"High-quality camphor wood Male\/Female wide-shoulder hangers, with gold round hooks, laser craft logo customization,vintage style  This is High Quality Camphor Wood Natural Wood Hanger for clothing!  Upgrade your wardrobe organization with these elegant, vintage-inspired camphor wood hangers. Designed with both functionality and style in mind, these hangers are perfect for preserving the shape and beauty of your garments.","og_url":"https:\/\/deliangdisplay.com\/de\/unser-produkt\/zeigt\/kleiderbugel\/\u6807\u9898\/","og_site_name":"DE-LIANG - jewelry,clothes,watch,beauty cosmetics","article_publisher":"https:\/\/www.facebook.com\/JaneZhang008\/","article_modified_time":"2025-08-01T02:00:58+00:00","og_image":[{"width":2000,"height":2000,"url":"https:\/\/deliangdisplay.com\/wp-content\/uploads\/2025\/07\/9-1.jpg","type":"image\/jpeg"}],"twitter_card":"summary_large_image","twitter_site":"@ly673551729","twitter_misc":{"Gesch\u00e4tzte Lesezeit":"2\u00a0Minuten"},"schema":{"@context":"https:\/\/schema.org","@graph":[{"@type":"WebPage","@id":"https:\/\/deliangdisplay.com\/our-product\/displays\/hangers\/%e6%a0%87%e9%a2%98\/","url":"https:\/\/deliangdisplay.com\/our-product\/displays\/hangers\/%e6%a0%87%e9%a2%98\/","name":"DE-LIANG Hochwertige Kampferholz M\u00e4nner\/Frauen breite Schulterb\u00fcgel mit goldenen runden Haken, Laser Craft Logo Customization, Vintage Style - DE-LIANG - jewelry,clothes,watch,beauty cosmetics","isPartOf":{"@id":"https:\/\/deliangdisplay.com\/#website"},"primaryImageOfPage":{"@id":"https:\/\/deliangdisplay.com\/our-product\/displays\/hangers\/%e6%a0%87%e9%a2%98\/#primaryimage"},"image":{"@id":"https:\/\/deliangdisplay.com\/our-product\/displays\/hangers\/%e6%a0%87%e9%a2%98\/#primaryimage"},"thumbnailUrl":"https:\/\/deliangdisplay.com\/wp-content\/uploads\/2025\/07\/9-1.jpg","datePublished":"2025-07-31T09:09:55+00:00","dateModified":"2025-08-01T02:00:58+00:00","breadcrumb":{"@id":"https:\/\/deliangdisplay.com\/our-product\/displays\/hangers\/%e6%a0%87%e9%a2%98\/#breadcrumb"},"inLanguage":"de","potentialAction":[{"@type":"ReadAction","target":["https:\/\/deliangdisplay.com\/our-product\/displays\/hangers\/%e6%a0%87%e9%a2%98\/"]}]},{"@type":"ImageObject","inLanguage":"de","@id":"https:\/\/deliangdisplay.com\/our-product\/displays\/hangers\/%e6%a0%87%e9%a2%98\/#primaryimage","url":"https:\/\/deliangdisplay.com\/wp-content\/uploads\/2025\/07\/9-1.jpg","contentUrl":"https:\/\/deliangdisplay.com\/wp-content\/uploads\/2025\/07\/9-1.jpg","width":2000,"height":2000},{"@type":"BreadcrumbList","@id":"https:\/\/deliangdisplay.com\/our-product\/displays\/hangers\/%e6%a0%87%e9%a2%98\/#breadcrumb","itemListElement":[{"@type":"ListItem","position":1,"name":"\u9996\u9875","item":"https:\/\/deliangdisplay.com\/"},{"@type":"ListItem","position":2,"name":"Our Product","item":"https:\/\/deliangdisplay.com\/our-product\/"},{"@type":"ListItem","position":3,"name":"DE-LIANG High-Quality Camphor Wood Male\/Female Wide-Shoulder Hangers with Gold Round Hooks,Laser Craft Logo Customization,Vintage Style"}]},{"@type":"WebSite","@id":"https:\/\/deliangdisplay.com\/#website","url":"https:\/\/deliangdisplay.com\/","name":"deliangdisplay.com","description":"DE-LIANG - Ma\u00dfgeschneiderte Verpackungsl\u00f6sungen und luxuri\u00f6ses Display-Design f\u00fcr Marken aus der Schmuck-, Bekleidungs-, Uhren- und Kosmetikbranche und mehr.","publisher":{"@id":"https:\/\/deliangdisplay.com\/#organization"},"potentialAction":[{"@type":"SearchAction","target":{"@type":"EntryPoint","urlTemplate":"https:\/\/deliangdisplay.com\/?s={search_term_string}"},"query-input":{"@type":"PropertyValueSpecification","valueRequired":true,"valueName":"search_term_string"}}],"inLanguage":"de"},{"@type":"Organization","@id":"https:\/\/deliangdisplay.com\/#organization","name":"deliangdisplay.com","url":"https:\/\/deliangdisplay.com\/","logo":{"@type":"ImageObject","inLanguage":"de","@id":"https:\/\/deliangdisplay.com\/#\/schema\/logo\/image\/","url":"https:\/\/deliangdisplay.com\/wp-content\/uploads\/2025\/08\/DELIANGDISPALY_logo.png","contentUrl":"https:\/\/deliangdisplay.com\/wp-content\/uploads\/2025\/08\/DELIANGDISPALY_logo.png","width":300,"height":130,"caption":"deliangdisplay.com"},"image":{"@id":"https:\/\/deliangdisplay.com\/#\/schema\/logo\/image\/"},"sameAs":["https:\/\/www.facebook.com\/JaneZhang008\/","https:\/\/x.com\/ly673551729"]}]}},"_links":{"self":[{"href":"https:\/\/deliangdisplay.com\/de\/wp-json\/wp\/v2\/product\/41408","targetHints":{"allow":["GET"]}}],"collection":[{"href":"https:\/\/deliangdisplay.com\/de\/wp-json\/wp\/v2\/product"}],"about":[{"href":"https:\/\/deliangdisplay.com\/de\/wp-json\/wp\/v2\/types\/product"}],"replies":[{"embeddable":true,"href":"https:\/\/deliangdisplay.com\/de\/wp-json\/wp\/v2\/comments?post=41408"}],"wp:featuredmedia":[{"embeddable":true,"href":"https:\/\/deliangdisplay.com\/de\/wp-json\/wp\/v2\/media\/41414"}],"wp:attachment":[{"href":"https:\/\/deliangdisplay.com\/de\/wp-json\/wp\/v2\/media?parent=41408"}],"wp:term":[{"taxonomy":"product_brand","embeddable":true,"href":"https:\/\/deliangdisplay.com\/de\/wp-json\/wp\/v2\/product_brand?post=41408"},{"taxonomy":"product_cat","embeddable":true,"href":"https:\/\/deliangdisplay.com\/de\/wp-json\/wp\/v2\/product_cat?post=41408"},{"taxonomy":"product_tag","embeddable":true,"href":"https:\/\/deliangdisplay.com\/de\/wp-json\/wp\/v2\/product_tag?post=41408"}],"curies":[{"name":"wp","href":"https:\/\/api.w.org\/{rel}","templated":true}]}}